{"id":87830,"date":"2016-02-08T09:02:08","date_gmt":"2016-02-08T08:02:08","guid":{"rendered":"https:\/\/www.seaflowerstore.com\/nl\/k1-micro-25-ltr\/"},"modified":"2025-05-12T12:05:09","modified_gmt":"2025-05-12T10:05:09","slug":"k1-micro-25-ltr","status":"publish","type":"product","link":"https:\/\/www.seaflowerstore.com\/de\/k1-micro-25-ltr\/","title":{"rendered":"K1 Micro  -25 ltr"},"content":{"rendered":"<h2>K1 Micro Medium -25 ltr<\/h2>\n<p>K1-Medien sind seit mehreren Jahren eine bew\u00e4hrte Wahl f\u00fcr Koi-Filtersysteme von Evolution Aqua. Das neue K1 Micro-Filtermedium bietet alle Vorteile des herk\u00f6mmlichen K1-Mediums, jedoch in einer viel kleineren Gr\u00f6\u00dfe. Diese kleinen, radf\u00f6rmigen Filtermedien bieten eine deutlich gr\u00f6\u00dfere gesch\u00fctzte Oberfl\u00e4che pro Kubikmeter und bieten so mehr Platz f\u00fcr n\u00fctzliche Bakterien im Vergleich zum Standard-K1.<\/p>\n<p>Dadurch ist K1 Micro eine fantastische Option f\u00fcr alle Arten von Aquarien, bei denen eine effektive biologische Filterung unerl\u00e4sslich ist. Dar\u00fcber hinaus kann K1 Micro Ihr vorhandenes Filtermedium bequem ersetzen.<\/p>\n","protected":false},"excerpt":{"rendered":"<p>K1 Micro Provides a very large surface where bacteria can live on<\/p>\n","protected":false},"featured_media":78885,"template":"","meta":[],"pwb-brand":[2235],"product_cat":[1746],"product_tag":[],"class_list":{"0":"post-87830","1":"product","2":"type-product","3":"status-publish","4":"has-post-thumbnail","6":"pwb-brand-evolution-aqua","7":"product_cat-k1-de","9":"first","10":"instock","11":"taxable","12":"shipping-taxable","13":"purchasable","14":"product-type-simple"},"acf":[],"brands":[{"id":2235,"name":"Evolution Aqua","slug":"evolution-aqua"}],"_links":{"self":[{"href":"https:\/\/www.seaflowerstore.com\/de\/wp-json\/wp\/v2\/product\/87830","targetHints":{"allow":["GET"]}}],"collection":[{"href":"https:\/\/www.seaflowerstore.com\/de\/wp-json\/wp\/v2\/product"}],"about":[{"href":"https:\/\/www.seaflowerstore.com\/de\/wp-json\/wp\/v2\/types\/product"}],"wp:featuredmedia":[{"embeddable":true,"href":"https:\/\/www.seaflowerstore.com\/de\/wp-json\/wp\/v2\/media\/78885"}],"wp:attachment":[{"href":"https:\/\/www.seaflowerstore.com\/de\/wp-json\/wp\/v2\/media?parent=87830"}],"wp:term":[{"taxonomy":"pwb-brand","embeddable":true,"href":"https:\/\/www.seaflowerstore.com\/de\/wp-json\/wp\/v2\/pwb-brand?post=87830"},{"taxonomy":"product_cat","embeddable":true,"href":"https:\/\/www.seaflowerstore.com\/de\/wp-json\/wp\/v2\/product_cat?post=87830"},{"taxonomy":"product_tag","embeddable":true,"href":"https:\/\/www.seaflowerstore.com\/de\/wp-json\/wp\/v2\/product_tag?post=87830"}],"curies":[{"name":"wp","href":"https:\/\/api.w.org\/{rel}","templated":true}]}}