{"id":87831,"date":"2016-02-08T09:00:33","date_gmt":"2016-02-08T08:00:33","guid":{"rendered":"https:\/\/www.seaflowerstore.com\/nl\/k1-micro-50-ltr\/"},"modified":"2024-03-20T16:35:21","modified_gmt":"2024-03-20T15:35:21","slug":"k1-micro-50-ltr","status":"publish","type":"product","link":"https:\/\/www.seaflowerstore.com\/de\/k1-micro-50-ltr\/","title":{"rendered":"K1 Micro &#8211; 50 ltr"},"content":{"rendered":"<h2>K1 Micro &#8211; 50 ltr<\/h2>\n<p><strong>K1 Micro Medium \u2013 50 l<\/strong><\/p>\n<p>K1-Medien sind seit vielen Jahren eine bew\u00e4hrte Wahl f\u00fcr Evolution Aqua in Koi-Filtersystemen. Das neue K1 Micro-Filtermedium beh\u00e4lt alle Vorteile des herk\u00f6mmlichen K1 bei, ist jedoch kleiner. Die kleinen, radf\u00f6rmigen Filtermedienst\u00fccke bieten im Vergleich zum Standard-K1 eine deutlich gr\u00f6\u00dfere gesch\u00fctzte Oberfl\u00e4che pro Kubikmeter und bieten so mehr Platz f\u00fcr n\u00fctzliche Bakterien.<\/p>\n<p>Dadurch ist K1 Micro eine ausgezeichnete Wahl f\u00fcr Aquarien aller Art, bei denen eine hochwertige biologische Filterung unerl\u00e4sslich ist. Dar\u00fcber hinaus kann K1 Micro Ihr vorhandenes Filtermedium problemlos ersetzen.<\/p>\n","protected":false},"excerpt":{"rendered":"<p>K1 Micro &#8211; 50 ltr Zorgt voor een zeer groot oppervlak waar bacteri\u00ebn zich kunnen huisvesten<\/p>\n","protected":false},"featured_media":78881,"template":"","meta":[],"pwb-brand":[2235],"product_cat":[1746],"product_tag":[],"class_list":{"0":"post-87831","1":"product","2":"type-product","3":"status-publish","4":"has-post-thumbnail","6":"pwb-brand-evolution-aqua","7":"product_cat-k1-de","9":"first","10":"instock","11":"taxable","12":"shipping-taxable","13":"purchasable","14":"product-type-simple"},"acf":[],"brands":[{"id":2235,"name":"Evolution Aqua","slug":"evolution-aqua"}],"_links":{"self":[{"href":"https:\/\/www.seaflowerstore.com\/de\/wp-json\/wp\/v2\/product\/87831","targetHints":{"allow":["GET"]}}],"collection":[{"href":"https:\/\/www.seaflowerstore.com\/de\/wp-json\/wp\/v2\/product"}],"about":[{"href":"https:\/\/www.seaflowerstore.com\/de\/wp-json\/wp\/v2\/types\/product"}],"wp:featuredmedia":[{"embeddable":true,"href":"https:\/\/www.seaflowerstore.com\/de\/wp-json\/wp\/v2\/media\/78881"}],"wp:attachment":[{"href":"https:\/\/www.seaflowerstore.com\/de\/wp-json\/wp\/v2\/media?parent=87831"}],"wp:term":[{"taxonomy":"pwb-brand","embeddable":true,"href":"https:\/\/www.seaflowerstore.com\/de\/wp-json\/wp\/v2\/pwb-brand?post=87831"},{"taxonomy":"product_cat","embeddable":true,"href":"https:\/\/www.seaflowerstore.com\/de\/wp-json\/wp\/v2\/product_cat?post=87831"},{"taxonomy":"product_tag","embeddable":true,"href":"https:\/\/www.seaflowerstore.com\/de\/wp-json\/wp\/v2\/product_tag?post=87831"}],"curies":[{"name":"wp","href":"https:\/\/api.w.org\/{rel}","templated":true}]}}