{"id":87833,"date":"2016-02-08T08:55:45","date_gmt":"2016-02-08T07:55:45","guid":{"rendered":"https:\/\/www.seaflowerstore.com\/nl\/k1-micro-1-ltr\/"},"modified":"2024-03-20T16:35:16","modified_gmt":"2024-03-20T15:35:16","slug":"k1-micro-1-ltr","status":"publish","type":"product","link":"https:\/\/www.seaflowerstore.com\/de\/k1-micro-1-ltr\/","title":{"rendered":"K1 Micro &#8211; 1 ltr"},"content":{"rendered":"<h2>K1 Micro &#8211; 1 ltr<\/h2>\n<p><strong>K1 Micro Medium \u2013 1 l<\/strong><\/p>\n<p>K1-Medien sind seit vielen Jahren eine bew\u00e4hrte Wahl f\u00fcr Evolution Aqua in Koi-Filtersystemen. Das neue K1 Micro-Filtermedium bietet alle Vorteile des herk\u00f6mmlichen K1-Mediums, jedoch in einer kleineren, kompakteren Form. Diese kleinen, radf\u00f6rmigen Filtermedien bieten eine deutlich gr\u00f6\u00dfere gesch\u00fctzte Oberfl\u00e4che pro Kubikmeter, sodass sich im Vergleich zum Standard-K1 mehr Bakterien ansiedeln k\u00f6nnen. Dies macht K1 Micro zu einer hervorragenden Option f\u00fcr Aquarien aller Art, bei denen eine hervorragende biologische Filterung unerl\u00e4sslich ist. Dar\u00fcber hinaus kann K1 Micro vorhandene Filtermedien in Ihrem System problemlos ersetzen.<\/p>\n","protected":false},"excerpt":{"rendered":"<p>K1 Micro &#8211; 1 ltr Zorgt voor een zeer groot oppervlak waar bacteri\u00ebn zich kunnen huisvesten<\/p>\n","protected":false},"featured_media":78873,"template":"","meta":[],"pwb-brand":[2235],"product_cat":[1746],"product_tag":[],"class_list":{"0":"post-87833","1":"product","2":"type-product","3":"status-publish","4":"has-post-thumbnail","6":"pwb-brand-evolution-aqua","7":"product_cat-k1-de","9":"first","10":"instock","11":"taxable","12":"shipping-taxable","13":"purchasable","14":"product-type-simple"},"acf":[],"brands":[{"id":2235,"name":"Evolution Aqua","slug":"evolution-aqua"}],"_links":{"self":[{"href":"https:\/\/www.seaflowerstore.com\/de\/wp-json\/wp\/v2\/product\/87833","targetHints":{"allow":["GET"]}}],"collection":[{"href":"https:\/\/www.seaflowerstore.com\/de\/wp-json\/wp\/v2\/product"}],"about":[{"href":"https:\/\/www.seaflowerstore.com\/de\/wp-json\/wp\/v2\/types\/product"}],"wp:featuredmedia":[{"embeddable":true,"href":"https:\/\/www.seaflowerstore.com\/de\/wp-json\/wp\/v2\/media\/78873"}],"wp:attachment":[{"href":"https:\/\/www.seaflowerstore.com\/de\/wp-json\/wp\/v2\/media?parent=87833"}],"wp:term":[{"taxonomy":"pwb-brand","embeddable":true,"href":"https:\/\/www.seaflowerstore.com\/de\/wp-json\/wp\/v2\/pwb-brand?post=87833"},{"taxonomy":"product_cat","embeddable":true,"href":"https:\/\/www.seaflowerstore.com\/de\/wp-json\/wp\/v2\/product_cat?post=87833"},{"taxonomy":"product_tag","embeddable":true,"href":"https:\/\/www.seaflowerstore.com\/de\/wp-json\/wp\/v2\/product_tag?post=87833"}],"curies":[{"name":"wp","href":"https:\/\/api.w.org\/{rel}","templated":true}]}}