{"id":87834,"date":"2016-02-08T08:53:03","date_gmt":"2016-02-08T07:53:03","guid":{"rendered":"https:\/\/www.seaflowerstore.com\/nl\/k1-media-50-ltr\/"},"modified":"2024-03-20T16:35:14","modified_gmt":"2024-03-20T15:35:14","slug":"k1-media-50-ltr","status":"publish","type":"product","link":"https:\/\/www.seaflowerstore.com\/de\/k1-media-50-ltr\/","title":{"rendered":"K1 Media &#8211; 50 ltr"},"content":{"rendered":"<h2>K1 Media &#8211; 50 ltr<\/h2>\n<p><strong>K1 Medium \u2013 3 l<\/strong><\/p>\n<p><strong>F\u00fcr Riffaquarien empfehlen wir die Verwendung von K1 Micro anstelle von K1 Medium.<\/strong><\/p>\n<h2>So funktioniert es<\/h2>\n<p>Die Reifung des K1 Media-Biomediums ist wichtig, da es ein empfindliches \u00d6kosystem f\u00f6rdert, das die am Nitrifikationsprozess beteiligten Bakterien unterst\u00fctzt. K1 Media bietet die maximale aktive Oberfl\u00e4che f\u00fcr die Ansiedlung von Bakterien und \u00fcbertrifft andere Arten statischer Medien. Dieser Prozess entfernt effektiv sch\u00e4dliches Ammoniak und Nitrit aus dem Wasser.<\/p>\n<h2>So unterscheidet es sich von anderen Medien<\/h2>\n<p>Wenn sich K1 Media im Filter verschiebt, verdr\u00e4ngt es alte, tote Bakterien an der Au\u00dfenseite. Dadurch wird Platz f\u00fcr neue, j\u00fcngere und aktivere Nahrungsbakterien geschaffen, die sich schnell etablieren k\u00f6nnen. Im Inneren des Mediums befindet sich eine gesch\u00fctzte Oberfl\u00e4che, die es Bakterienkolonien erm\u00f6glicht, ihren Lebenszyklus auf nat\u00fcrliche Weise zu durchlaufen \u2013 zu reifen, zu sterben und dann zu den sp\u00e4teren Phasen des Nitrifikationszyklus beizutragen. K1-Medien sind so konzipiert, dass sie sowohl jungen als auch reifen n\u00fctzlichen Bakterienkolonien den idealen Lebensraum bieten.<\/p>\n<h2>Was ist mit Selbstreinigung gemeint?<\/h2>\n<p>Im Gegensatz zu Schaumstoff, Matten oder anderen statischen Filtermedien sind K1-Medien so konstruiert, dass sie sich innerhalb Ihres Filters frei bewegen k\u00f6nnen. Die konstante, dynamische Bewegung, die durch die Luft aus Ihrer Pumpe verursacht wird, erm\u00f6glicht die Selbstreinigung des Mediums, sodass keine Wartung erforderlich ist. Durch dieses Design kann der Filter optimale Wirksamkeit erreichen, ohne durch regelm\u00e4\u00dfige Reinigung unterbrochen zu werden, wodurch unn\u00f6tiger Bakterienverlust vermieden wird. F\u00fcnfzig Liter K1-Medien k\u00f6nnen bis zu 250 Gramm Lebensmittel pro Tag verarbeiten, w\u00e4hrend K3 225 Gramm pro Tag bew\u00e4ltigen kann. Wenn Sie vorhandene Filter nachr\u00fcsten, ist K3-Medien aufgrund seiner gr\u00f6\u00dferen Gr\u00f6\u00dfe und einfacheren Steuerung die beste Wahl.<\/p>\n","protected":false},"excerpt":{"rendered":"<p>** Voor zeeaquariumgebruik raden wij de k1 micro aan tov de K1 media **<\/p>\n","protected":false},"featured_media":78869,"template":"","meta":[],"pwb-brand":[2235],"product_cat":[1534],"product_tag":[],"class_list":{"0":"post-87834","1":"product","2":"type-product","3":"status-publish","4":"has-post-thumbnail","6":"pwb-brand-evolution-aqua","7":"product_cat-verschiedene","9":"first","10":"instock","11":"taxable","12":"shipping-taxable","13":"purchasable","14":"product-type-simple"},"acf":[],"brands":[{"id":2235,"name":"Evolution Aqua","slug":"evolution-aqua"}],"_links":{"self":[{"href":"https:\/\/www.seaflowerstore.com\/de\/wp-json\/wp\/v2\/product\/87834","targetHints":{"allow":["GET"]}}],"collection":[{"href":"https:\/\/www.seaflowerstore.com\/de\/wp-json\/wp\/v2\/product"}],"about":[{"href":"https:\/\/www.seaflowerstore.com\/de\/wp-json\/wp\/v2\/types\/product"}],"wp:featuredmedia":[{"embeddable":true,"href":"https:\/\/www.seaflowerstore.com\/de\/wp-json\/wp\/v2\/media\/78869"}],"wp:attachment":[{"href":"https:\/\/www.seaflowerstore.com\/de\/wp-json\/wp\/v2\/media?parent=87834"}],"wp:term":[{"taxonomy":"pwb-brand","embeddable":true,"href":"https:\/\/www.seaflowerstore.com\/de\/wp-json\/wp\/v2\/pwb-brand?post=87834"},{"taxonomy":"product_cat","embeddable":true,"href":"https:\/\/www.seaflowerstore.com\/de\/wp-json\/wp\/v2\/product_cat?post=87834"},{"taxonomy":"product_tag","embeddable":true,"href":"https:\/\/www.seaflowerstore.com\/de\/wp-json\/wp\/v2\/product_tag?post=87834"}],"curies":[{"name":"wp","href":"https:\/\/api.w.org\/{rel}","templated":true}]}}