{"id":87835,"date":"2016-02-08T08:52:04","date_gmt":"2016-02-08T07:52:04","guid":{"rendered":"https:\/\/www.seaflowerstore.com\/nl\/k1-media-1-ltr\/"},"modified":"2024-03-20T16:35:11","modified_gmt":"2024-03-20T15:35:11","slug":"k1-media-1-ltr","status":"publish","type":"product","link":"https:\/\/www.seaflowerstore.com\/de\/k1-media-1-ltr\/","title":{"rendered":"K1 Media &#8211; 1 ltr"},"content":{"rendered":"<h2>K1 Media &#8211; 1 ltr<\/h2>\n<p><strong>Verwendung in Riffaquarien: Wir empfehlen die Verwendung von K1 Micro statt K1 Medium.<\/strong><\/p>\n<h2>So funktioniert es<\/h2>\n<p>Die Reifung des K1 Media-Biomediums ist entscheidend, da sie zur Entwicklung eines empfindlichen \u00d6kosystems f\u00fcr die am Nitrifikationsprozess beteiligten Bakterien beitr\u00e4gt. K1 Media bietet die maximale aktive Oberfl\u00e4che zur Ansiedlung von Bakterien und \u00fcbertrifft andere Arten statischer Medien. Dieser Prozess entfernt effektiv sch\u00e4dliches Ammoniak und Nitrit aus dem Wasser.<\/p>\n<h2>Unterschiede zu anderen Medien<\/h2>\n<p>W\u00e4hrend sich das K1 Media im Filter bewegt, verdr\u00e4ngt es die alten, toten Bakterien an der Au\u00dfenseite und schafft so Platz f\u00fcr j\u00fcngere, aktivere Bakterien, die sich schnell ansiedeln k\u00f6nnen. Im Inneren des Mediums befindet sich eine gesch\u00fctzte Oberfl\u00e4che, die es Bakterienkolonien erm\u00f6glicht, ihren Lebenszyklus auf nat\u00fcrliche Weise abzuschlie\u00dfen \u2013 sie reifen, sterben und unterst\u00fctzen dann die sp\u00e4teren Phasen des Nitrifikationszyklus. K1 Media wurde speziell entwickelt, um sowohl jungen als auch reifen n\u00fctzlichen Bakterienkolonien den bestm\u00f6glichen Lebensraum zu bieten.<\/p>\n<h2>Was ist mit Selbstreinigung gemeint?<\/h2>\n<p>Im Gegensatz zu Schaumstoff, Matten oder anderen Formen statischer Filtermedien ist K1 Media so konzipiert, dass es sich frei innerhalb Ihres Filters bewegen kann. Die st\u00e4ndige chaotische Bewegung, die durch die Luft aus Ihrer Pumpe erzeugt wird, erm\u00f6glicht dem Medium die Selbstreinigung, was bedeutet, dass es keine Wartung erfordert. Diese Funktion erm\u00f6glicht es dem Filter, mit maximaler Wirksamkeit zu arbeiten, ohne dass er durch regelm\u00e4\u00dfige Reinigung unterbrochen werden muss, wodurch unn\u00f6tiger Bakterienverlust innerhalb des Filters verhindert wird. F\u00fcnfzig Liter K1 Media k\u00f6nnen bis zu 250 Gramm Lebensmittel pro Tag verarbeiten, w\u00e4hrend K3 225 Gramm Lebensmittel pro Tag aufnehmen kann. F\u00fcr die Nachr\u00fcstung vorhandener Filter ist K3 Media aufgrund seiner gr\u00f6\u00dferen Gr\u00f6\u00dfe und einfachen Steuerung die am besten geeignete Option.<\/p>\n","protected":false},"excerpt":{"rendered":"<p>** Voor zeeaquariumgebruik raden wij de k1 micro aan tov de K1 media **<\/p>\n","protected":false},"featured_media":78865,"template":"","meta":[],"pwb-brand":[2235],"product_cat":[1746],"product_tag":[],"class_list":{"0":"post-87835","1":"product","2":"type-product","3":"status-publish","4":"has-post-thumbnail","6":"pwb-brand-evolution-aqua","7":"product_cat-k1-de","9":"first","10":"instock","11":"taxable","12":"shipping-taxable","13":"purchasable","14":"product-type-simple"},"acf":[],"brands":[{"id":2235,"name":"Evolution Aqua","slug":"evolution-aqua"}],"_links":{"self":[{"href":"https:\/\/www.seaflowerstore.com\/de\/wp-json\/wp\/v2\/product\/87835","targetHints":{"allow":["GET"]}}],"collection":[{"href":"https:\/\/www.seaflowerstore.com\/de\/wp-json\/wp\/v2\/product"}],"about":[{"href":"https:\/\/www.seaflowerstore.com\/de\/wp-json\/wp\/v2\/types\/product"}],"wp:featuredmedia":[{"embeddable":true,"href":"https:\/\/www.seaflowerstore.com\/de\/wp-json\/wp\/v2\/media\/78865"}],"wp:attachment":[{"href":"https:\/\/www.seaflowerstore.com\/de\/wp-json\/wp\/v2\/media?parent=87835"}],"wp:term":[{"taxonomy":"pwb-brand","embeddable":true,"href":"https:\/\/www.seaflowerstore.com\/de\/wp-json\/wp\/v2\/pwb-brand?post=87835"},{"taxonomy":"product_cat","embeddable":true,"href":"https:\/\/www.seaflowerstore.com\/de\/wp-json\/wp\/v2\/product_cat?post=87835"},{"taxonomy":"product_tag","embeddable":true,"href":"https:\/\/www.seaflowerstore.com\/de\/wp-json\/wp\/v2\/product_tag?post=87835"}],"curies":[{"name":"wp","href":"https:\/\/api.w.org\/{rel}","templated":true}]}}