{"id":87836,"date":"2016-02-08T08:50:38","date_gmt":"2016-02-08T07:50:38","guid":{"rendered":"https:\/\/www.seaflowerstore.com\/nl\/k1-media-25-ltr\/"},"modified":"2025-06-07T15:19:44","modified_gmt":"2025-06-07T13:19:44","slug":"k1-media-25-ltr","status":"publish","type":"product","link":"https:\/\/www.seaflowerstore.com\/de\/k1-media-25-ltr\/","title":{"rendered":"K1 Media &#8211; 25 ltr"},"content":{"rendered":"<h2>K1 Media &#8211; 25 ltr<\/h2>\n<p><strong>**F\u00fcr Riffaquarien empfehlen wir die Verwendung von K1 Micro statt K1 Medium**<\/strong><\/p>\n<h2>So funktioniert es<\/h2>\n<p>Die Reifung des K1 Media-Biomediums ist entscheidend, da sie zur Entwicklung eines empfindlichen \u00d6kosystems f\u00fcr die am Nitrifikationsprozess beteiligten Bakterien beitr\u00e4gt. K1 Media bietet die maximale aktive Oberfl\u00e4che f\u00fcr die Bakterienbesiedlung und \u00fcbertrifft andere Arten statischer Medien. Dieser Prozess entfernt effektiv sch\u00e4dliches Ammoniak und Nitrit aus dem Wasser.<\/p>\n<h2>So unterscheidet es sich von anderen Medien<\/h2>\n<p>W\u00e4hrend sich das K1 Media im Filter bewegt, verdr\u00e4ngt es die alten, toten Bakterien an der Oberfl\u00e4che und schafft Platz f\u00fcr neue, j\u00fcngere und aktivere Bakterien, die sich schnell ansiedeln k\u00f6nnen. Im Inneren des Rades befindet sich eine gesch\u00fctzte Oberfl\u00e4che, die es Bakterienkolonien erm\u00f6glicht, ihrem nat\u00fcrlichen Lebenszyklus zu folgen, aus Reifung, Absterben und dann Unterst\u00fctzung der sp\u00e4teren Phasen des Nitrifikationszyklus. K1 Media ist so konzipiert, dass es sowohl jungen als auch reifen n\u00fctzlichen Bakterienkolonien den besten Lebensraum bietet.<\/p>\n<h2>Was ist mit Selbstreinigung gemeint?<\/h2>\n<p>Im Gegensatz zu Schaum, Matten oder anderen statischen Filtermedien ist K1 Media so konzipiert, dass es sich frei in Ihrem Filter bewegen kann. Die st\u00e4ndige chaotische Bewegung, die durch Ihre Pumpe erzeugt wird, bewirkt, dass sich das Medium selbst reinigt und keinerlei Wartung erfordert. Durch dieses Design kann der Filter optimale Wirksamkeit erzielen, ohne dass er regelm\u00e4\u00dfig gereinigt werden muss, was zu unn\u00f6tigem Bakterienverlust im Filter f\u00fchren kann. F\u00fcnfzig Liter K1 Media k\u00f6nnen bis zu 250 Gramm Lebensmittel pro Tag verarbeiten, w\u00e4hrend K3 225 Gramm pro Tag bew\u00e4ltigen kann. F\u00fcr die Nachr\u00fcstung vorhandener Filter ist K3 Media aufgrund seiner gr\u00f6\u00dferen Gr\u00f6\u00dfe und einfacheren Steuerung die am besten geeignete Option.<\/p>\n","protected":false},"excerpt":{"rendered":"<p>** Voor zeeaquariumgebruik raden wij de k1 micro aan tov de K1 media **<\/p>\n","protected":false},"featured_media":78861,"template":"","meta":[],"pwb-brand":[2235],"product_cat":[1746],"product_tag":[],"class_list":{"0":"post-87836","1":"product","2":"type-product","3":"status-publish","4":"has-post-thumbnail","6":"pwb-brand-evolution-aqua","7":"product_cat-k1-de","9":"first","10":"instock","11":"sale","12":"taxable","13":"shipping-taxable","14":"purchasable","15":"product-type-simple"},"acf":[],"brands":[{"id":2235,"name":"Evolution Aqua","slug":"evolution-aqua"}],"_links":{"self":[{"href":"https:\/\/www.seaflowerstore.com\/de\/wp-json\/wp\/v2\/product\/87836","targetHints":{"allow":["GET"]}}],"collection":[{"href":"https:\/\/www.seaflowerstore.com\/de\/wp-json\/wp\/v2\/product"}],"about":[{"href":"https:\/\/www.seaflowerstore.com\/de\/wp-json\/wp\/v2\/types\/product"}],"wp:featuredmedia":[{"embeddable":true,"href":"https:\/\/www.seaflowerstore.com\/de\/wp-json\/wp\/v2\/media\/78861"}],"wp:attachment":[{"href":"https:\/\/www.seaflowerstore.com\/de\/wp-json\/wp\/v2\/media?parent=87836"}],"wp:term":[{"taxonomy":"pwb-brand","embeddable":true,"href":"https:\/\/www.seaflowerstore.com\/de\/wp-json\/wp\/v2\/pwb-brand?post=87836"},{"taxonomy":"product_cat","embeddable":true,"href":"https:\/\/www.seaflowerstore.com\/de\/wp-json\/wp\/v2\/product_cat?post=87836"},{"taxonomy":"product_tag","embeddable":true,"href":"https:\/\/www.seaflowerstore.com\/de\/wp-json\/wp\/v2\/product_tag?post=87836"}],"curies":[{"name":"wp","href":"https:\/\/api.w.org\/{rel}","templated":true}]}}