{"id":87838,"date":"2016-02-03T18:09:01","date_gmt":"2016-02-03T17:09:01","guid":{"rendered":"https:\/\/www.seaflowerstore.com\/nl\/tropic-marin-all-for-reef\/"},"modified":"2024-03-20T16:39:53","modified_gmt":"2024-03-20T15:39:53","slug":"tropic-marin-all-for-reef","status":"publish","type":"product","link":"https:\/\/www.seaflowerstore.com\/de\/tropic-marin-all-for-reef\/","title":{"rendered":"Tropic Marin All for Reef"},"content":{"rendered":"<h2>Tropic Marin All for Reef Overall mineral supply for reef aquariums<\/h2>\n<p><strong>ALL-FOR-REEF<\/strong> ist eine anwenderfreundliche, hochkonzentrierte L\u00f6sung, die alle wichtigen Mineralien und Spurenelemente f\u00fcr neue oder m\u00e4\u00dfig besetzte Riffaquarien liefert. Durch das Wachstum der Organismen und andere Prozesse im Aquarium werden Mineralien verbraucht und m\u00fcssen regelm\u00e4\u00dfig nachgef\u00fcllt werden. Zu den wichtigsten Elementen geh\u00f6ren Kalzium, Magnesium, Strontium und Karbonath\u00e4rte-Elemente, die f\u00fcr die Entwicklung der Kalkskelette von Steinkorallen, Kalkrotalgen und anderen Rifforganismen unerl\u00e4sslich sind. <strong>ALL FOR REEF<\/strong> enth\u00e4lt alle diese Komponenten in hochkonzentrierter Form und enth\u00e4lt wichtige Spurenelemente wie Jod, Brom und Fluor, die das Wachstum und die Stabilisierung der Skelette von Hornkorallen, Schw\u00e4mmen und Krebstieren unterst\u00fctzen. Dar\u00fcber hinaus hilft Selen bei der Beseitigung freier Radikale, w\u00e4hrend Molybd\u00e4n und Vanadium f\u00fcr die Bildung wichtiger Enzymkomplexe unerl\u00e4sslich sind. Durch die sorgf\u00e4ltige Abstimmung dieser Komponenten schafft <strong>ALL-FOR-REEF<\/strong> hervorragende Pflegebedingungen in nur einer L\u00f6sung. Es entstehen keine zus\u00e4tzlichen Verbindungen (wie Natriumchlorid), die den Salzgehalt oder das Ionengleichgewicht ver\u00e4ndern k\u00f6nnten.<\/p>\n<h3>Vorteile<\/h3>\n<ul>\n<li>Einfache Anwendung \u2013 perfekt sowohl f\u00fcr manuelle Dosierung als auch f\u00fcr Dosierpumpen<\/li>\n<li>Ideal f\u00fcr Aquarien mit Weichkorallen, LPS, SPS, anderen Filtrierern und\/oder Krebstieren<\/li>\n<li>Vollst\u00e4ndige Mineralversorgung in nur einer L\u00f6sung<\/li>\n<li>Enth\u00e4lt alle wichtigen Spurenelemente (alle Elemente der Tropic Marin\u00ae K+ELEMENTS &#038; A-ELEMENTS)<\/li>\n<li>Keine Nebenproduktbildung (z. B. Natriumchlorid); Salzgehalt und Ionenhaushalt bleiben stabil<\/li>\n<li>Es entsteht kein \u00fcbersch\u00fcssiges Kohlendioxid<\/li>\n<\/ul>\n<h3>Inhaltsstoffe<\/h3>\n<p>Tropic Marin ALL-FOR-REEF enth\u00e4lt organische Calciumsalze, Magnesiumsalze, Strontium und Spurenelemente. Es liefert Calcium, Magnesium, Strontium, Karbonath\u00e4rte und Jod.<\/p>\n<h3>Anwendung und Dosierung<\/h3>\n<p>Beginnen Sie mit einer t\u00e4glichen Dosis von 5 ml <strong>ALL-FOR-REEF<\/strong> pro 100 Liter Aquarienvolumen. Sie k\u00f6nnen die t\u00e4gliche Dosis unter st\u00e4ndiger Kontrolle der Alkalinit\u00e4t jede Woche um 2,5 ml pro 100 Liter erh\u00f6hen, bis Sie eine konstante Karbonath\u00e4rte von 7 bis 9 \u00b0dH erreichen. Bitte \u00fcberschreiten Sie nicht die maximale Tagesdosis von 25 ml <strong>ALL-FOR-REEF<\/strong> pro 100 Liter Aquarienvolumen.<\/p>\n","protected":false},"excerpt":{"rendered":"<p>Tropic Marin All for Reef Overall mineral supply for reef aquariums<\/p>\n","protected":false},"featured_media":83276,"template":"","meta":[],"pwb-brand":[2151],"product_cat":[1391,515],"product_tag":[],"class_list":{"0":"post-87838","1":"product","2":"type-product","3":"status-publish","4":"has-post-thumbnail","6":"pwb-brand-tropic-marin","7":"product_cat-ergaenzungen","8":"product_cat-additives","9":"pa_inhoud-1000-ml-de","10":"pa_inhoud-250-ml-de","11":"pa_inhoud-500-ml-de","13":"first","14":"instock","15":"taxable","16":"shipping-taxable","17":"purchasable","18":"product-type-variable"},"acf":[],"brands":[{"id":2151,"name":"Tropic Marin","slug":"tropic-marin"}],"_links":{"self":[{"href":"https:\/\/www.seaflowerstore.com\/de\/wp-json\/wp\/v2\/product\/87838","targetHints":{"allow":["GET"]}}],"collection":[{"href":"https:\/\/www.seaflowerstore.com\/de\/wp-json\/wp\/v2\/product"}],"about":[{"href":"https:\/\/www.seaflowerstore.com\/de\/wp-json\/wp\/v2\/types\/product"}],"wp:featuredmedia":[{"embeddable":true,"href":"https:\/\/www.seaflowerstore.com\/de\/wp-json\/wp\/v2\/media\/83276"}],"wp:attachment":[{"href":"https:\/\/www.seaflowerstore.com\/de\/wp-json\/wp\/v2\/media?parent=87838"}],"wp:term":[{"taxonomy":"pwb-brand","embeddable":true,"href":"https:\/\/www.seaflowerstore.com\/de\/wp-json\/wp\/v2\/pwb-brand?post=87838"},{"taxonomy":"product_cat","embeddable":true,"href":"https:\/\/www.seaflowerstore.com\/de\/wp-json\/wp\/v2\/product_cat?post=87838"},{"taxonomy":"product_tag","embeddable":true,"href":"https:\/\/www.seaflowerstore.com\/de\/wp-json\/wp\/v2\/product_tag?post=87838"}],"curies":[{"name":"wp","href":"https:\/\/api.w.org\/{rel}","templated":true}]}}