{"id":87842,"date":"2016-02-03T18:08:01","date_gmt":"2016-02-03T17:08:01","guid":{"rendered":"https:\/\/www.seaflowerstore.com\/nl\/carbocalcium-1000ml-tm\/"},"modified":"2024-03-20T16:35:05","modified_gmt":"2024-03-20T15:35:05","slug":"carbocalcium-1000ml-tm","status":"publish","type":"product","link":"https:\/\/www.seaflowerstore.com\/de\/carbocalcium-1000ml-tm\/","title":{"rendered":"Carbocalcium 1000ml. (TM)"},"content":{"rendered":"<h2>Carbocalcium 1000ml. (TM)<\/h2>\n<h2><span style=\"font-weight: bold\">Tropic Marin CarboCalcium 1000 ml (KH+Ca)<\/span><\/h2>\n<p><strong>Eigenschaften:<\/strong><\/p>\n<p>Tropic Marin\u00ae CARBOCALCIUM ist eine hochkonzentrierte L\u00f6sung f\u00fcr fortgeschrittene Riffaquarianer. Mit diesem Produkt k\u00f6nnen Sie den gesamten Kalzium- und Karbonath\u00e4rtebedarf eines typischen Riffaquariums mit nur einer L\u00f6sung decken. Das bedeutet, dass Sie sich keine Sorgen \u00fcber die Zugabe unerw\u00fcnschter Verbindungen oder die Produktion von \u00fcbersch\u00fcssigem Kohlendioxid machen m\u00fcssen.<\/p>\n<p>In einem Aquarium werden Mineralien durch das Wachstum von Organismen und verschiedene Prozesse verbraucht. Daher ist es wichtig, sie regelm\u00e4\u00dfig zu erg\u00e4nzen. Die wichtigsten Elemente, die f\u00fcr das Wachstum von Kalkskeletten in Steinkorallen, roten Kalkalgen und anderen Rifforganismen ben\u00f6tigt werden, sind Kalzium und Karbonath\u00e4rte. Die speziell aufeinander abgestimmten Komponenten von CARBOCALCIUM schaffen hervorragende Pflegebedingungen mit nur einer L\u00f6sung.<\/p>\n<h4>Tropic Marin\u00ae CARBOCALCIUM verhindert alle Nebenwirkungen, die bei anderen Kalkh\u00e4rtemethoden auftreten:<\/h4>\n<ul>\n<li>Der pH-Wert bleibt stabil.<\/li>\n<li>Es entsteht kein \u00fcbersch\u00fcssiges CO2.<\/li>\n<li>Es besteht keine Gefahr, durch Korallenbruch unerw\u00fcnschte Phosphate einzubringen.<\/li>\n<li>Es tritt keine schleichende Erh\u00f6hung des Salzgehalts ein.<\/li>\n<li>Es kommt zu keinem erh\u00f6hten Sauerstoffverbrauch durch Kohlenstoffverbindungen.<\/li>\n<\/ul>\n<p><strong>Vorteile:<\/strong><\/p>\n<ul>\n<li>Erstmals k\u00f6nnen Sie mit nur einer L\u00f6sung Calcium und Carbonat zuf\u00fchren.<\/li>\n<li>Mit wenigen Millilitern dieser hochkonzentrierten L\u00f6sung t\u00e4glich k\u00f6nnen Sie Ihren gesamten Calcium- und Carbonath\u00e4rtebedarf decken.<\/li>\n<li>Sie ist f\u00fcr Aquarien jeder Gr\u00f6\u00dfe geeignet.<\/li>\n<li>Keine Nebenprodukte wie wie Natriumchlorid, gebildet, so dass Salzgehalt und Ionenhaushalt unver\u00e4ndert bleiben.<\/li>\n<li>Es entsteht kein \u00fcbersch\u00fcssiges Kohlendioxid.<\/li>\n<li>Es ist f\u00fcr Aquarien geeignet, die Weichkorallen, LPS, SPS und andere Filtrierer enthalten.<\/li>\n<li>Einfache Anwendung, egal ob Sie eine manuelle Dosierung oder die Verwendung von Dosierpumpen bevorzugen.<\/li>\n<\/ul>\n<h4><strong>Anwendung:<\/strong><\/h4>\n<p>Beginnen Sie mit einer t\u00e4glichen Dosis von 5 ml Tropic Marin\u00ae Carbo-Calcium pro 100 Liter Aquarienvolumen. Sie k\u00f6nnen die Dosis w\u00f6chentlich um 2,5 ml pro 100 Liter erh\u00f6hen, basierend auf einer kontinuierlichen Kontrolle der Alkalinit\u00e4t, bis Sie eine stabile Karbonath\u00e4rte von 7 bis 9 \u00b0dH erreichen. \u00dcberwachen Sie gleichzeitig die Calciumkonzentration in Ihrem Aquarium, die zwischen 400-440 mg\/l liegen sollte.<\/p>\n<p>Bitte \u00fcberschreiten Sie eine maximale Tagesdosis von 25 ml Tropic Marin\u00ae Carbo-Calcium pro 100 Liter Aquarienvolumen nicht. Je 1000 ml Tropic Marin\u00ae Carbo-Calcium enthalten 40.000 mg Calcium und 5.600 \u00b0Karbonath\u00e4rte.<\/p>\n<p>Zur einfachen Ermittlung der ben\u00f6tigten Dosierung f\u00fcr Ihr Aquarium nutzen Sie den neuen Dosierrechner. Zum Nachf\u00fcllen dieser L\u00f6sung empfehlen wir das neue Produkt Tropic Marin\u00ae Carbo-Calcium Pulver, welches in Umkehrosmosewasser aufgel\u00f6st werden sollte.<\/p>\n","protected":false},"excerpt":{"rendered":"<p>Tropic Marin Carbo Calcium 1000ml (KH+Ca) the total calcium and carbonate hardness needs of a typical reef aquarium can be covered with a single solution<\/p>\n","protected":false},"featured_media":83128,"template":"","meta":[],"pwb-brand":[2151],"product_cat":[1391],"product_tag":[],"class_list":{"0":"post-87842","1":"product","2":"type-product","3":"status-publish","4":"has-post-thumbnail","6":"pwb-brand-tropic-marin","7":"product_cat-ergaenzungen","9":"first","10":"instock","11":"taxable","12":"shipping-taxable","13":"purchasable","14":"product-type-simple"},"acf":[],"brands":[{"id":2151,"name":"Tropic Marin","slug":"tropic-marin"}],"_links":{"self":[{"href":"https:\/\/www.seaflowerstore.com\/de\/wp-json\/wp\/v2\/product\/87842","targetHints":{"allow":["GET"]}}],"collection":[{"href":"https:\/\/www.seaflowerstore.com\/de\/wp-json\/wp\/v2\/product"}],"about":[{"href":"https:\/\/www.seaflowerstore.com\/de\/wp-json\/wp\/v2\/types\/product"}],"wp:featuredmedia":[{"embeddable":true,"href":"https:\/\/www.seaflowerstore.com\/de\/wp-json\/wp\/v2\/media\/83128"}],"wp:attachment":[{"href":"https:\/\/www.seaflowerstore.com\/de\/wp-json\/wp\/v2\/media?parent=87842"}],"wp:term":[{"taxonomy":"pwb-brand","embeddable":true,"href":"https:\/\/www.seaflowerstore.com\/de\/wp-json\/wp\/v2\/pwb-brand?post=87842"},{"taxonomy":"product_cat","embeddable":true,"href":"https:\/\/www.seaflowerstore.com\/de\/wp-json\/wp\/v2\/product_cat?post=87842"},{"taxonomy":"product_tag","embeddable":true,"href":"https:\/\/www.seaflowerstore.com\/de\/wp-json\/wp\/v2\/product_tag?post=87842"}],"curies":[{"name":"wp","href":"https:\/\/api.w.org\/{rel}","templated":true}]}}