{"id":87854,"date":"2016-01-31T12:57:01","date_gmt":"2016-01-31T11:57:01","guid":{"rendered":"https:\/\/www.seaflowerstore.com\/nl\/27kg-6lbs-fiji-mud-walt-smith\/"},"modified":"2024-03-20T16:35:04","modified_gmt":"2024-03-20T15:35:04","slug":"27kg-6lbs-fiji-mud-walt-smith","status":"publish","type":"product","link":"https:\/\/www.seaflowerstore.com\/de\/27kg-6lbs-fiji-mud-walt-smith\/","title":{"rendered":"2,7kg\/6lbs Fiji Mud Walt Smith"},"content":{"rendered":"<h2>Fiji Mud Walt Smith &#8211; 2,7 kg\/6 lbs feeds your reef aquarium the essential minerals and nutrients<\/h2>\n<p><strong>Fiji Mud Walt Smith<\/strong> versorgt Ihr Riffaquarium mit lebenswichtigen Mineralien und N\u00e4hrstoffen. Dieser nat\u00fcrliche Meeresschlamm stammt von den wundersch\u00f6nen Fidschi-Inseln im S\u00fcdpazifik und wurde hergestellt, um sowohl harte als auch weiche Korallen zu ern\u00e4hren. Er enth\u00e4lt eine Vielzahl von nat\u00fcrlich vorkommenden Haupt- und Nebenspurenelementen.<\/p>\n<p>Der Schlamm ist reich an einer Vielzahl von Organismen mit einer Gr\u00f6\u00dfe zwischen 5 und 100 Mikrometern, die f\u00fcr Acropora und andere Steinkorallen mit kleinen Polypen von Vorteil sind. Sie haben zwei praktische Gr\u00f6\u00dfen zur Auswahl: einen 12-Pfund-Startereimer oder ein 24-Unzen-Boosterglas zum Auff\u00fcllen von nat\u00fcrlich zerfallenem Schlamm.<\/p>\n<h3>Gebrauchsanweisung<\/h3>\n<p>Wenn Sie Ihr Refugium einrichten, beginnen Sie mit dem 12-Pfund-Startereimer und geben Sie 1-2 Zoll direkt in Ihr Refugium. Zum Auff\u00fcllen von nat\u00fcrlich zerfallenem Schlamm verwenden Sie die 24-Unzen-Boosterdose. Alternativ k\u00f6nnen Sie dieses Produkt zweimal w\u00f6chentlich direkt Ihrem Aquariensubstrat hinzuf\u00fcgen, und zwar in einer Menge von einem Teel\u00f6ffel (5 ml) pro 100 Gallonen (380 l). Mischen Sie bei dieser Methode die entsprechende Menge Schlamm mit Aquarienwasser und gie\u00dfen Sie es direkt in den Wasserfluss. Das Wasser kann tr\u00fcb werden, kl\u00e4rt sich aber am n\u00e4chsten Tag wieder auf.<\/p>\n<h3>Tipps von Walt Smith zu Fiji Mud<\/h3>\n<ul>\n<li>Ersetzen Sie etwa 20\u201330 % des Schlamms alle 4\u20136 Monate. Der Schlamm wird einige seiner N\u00e4hrstoffe durch normalen Kreislauf und Algenwachstum auf nat\u00fcrliche Weise wiederherstellen.<\/li>\n<li>Sie k\u00f6nnen Schlamm problemlos zu jedem vorhandenen lebenden Sand hinzuf\u00fcgen. Es ist nicht ratsam, vorhandenen Sand wegzuwerfen. Legen Sie stattdessen eine 2,5 cm dicke Schicht Schlamm auf den vorhandenen Sand oder mischen Sie beides zusammen.<\/li>\n<li>Wenn Sie Schlamm in Ihr Aquarium geben, m\u00fcssen Sie mit einer vor\u00fcbergehenden Tr\u00fcbung des Wassers rechnen. Machen Sie sich keine Sorgen, wenn sich etwas Schlamm auf Ihren Korallen absetzt. Erzeugen Sie einfach etwas Wellengang vor Ihren Korallen, und der Schlamm sollte sinken und sich am Boden absetzen.<\/li>\n<li>Die beste Methode, Ihrem Refugium Schlamm hinzuzuf\u00fcgen, besteht darin, es w\u00e4hrend des Mischens des Schlamms auszuschalten und stehen zu lassen, bis sich der Schlamm gesetzt hat (etwa 30 Minuten bis 1 Stunde). Sobald er sich gesetzt hat, k\u00f6nnen Sie Ihr Refugium wieder in Betrieb nehmen.<\/li>\n<\/ul>\n<h3>Aufbewahrungshinweise f\u00fcr Fiji Mud Walt Smith<\/h3>\n<p>Unge\u00f6ffnete Beh\u00e4lter an einem k\u00fchlen Ort aufbewahren. Nach dem \u00d6ffnen den Schlamm am besten k\u00fchlen. F\u00fcr optimale Ergebnisse innerhalb von sechs Monaten ab dem auf dem Aufkleber angegebenen Datum verwenden.<\/p>\n<h3>Produktspezifikationen f\u00fcr Fiji Mud Walt Smith<\/h3>\n<p>Dieses Produkt wird aus mineral- und n\u00e4hrstoffreichem nat\u00fcrlichem Riffschlamm hergestellt, der aus den s\u00fcdpazifischen Riffen vor Fidschi in einer Tiefe von 40 bis 50 Fu\u00df gewonnen wird. Es ist vollgepackt mit nat\u00fcrlich vorkommenden Haupt- und Nebenelementen und einem komplexen Netzwerk winziger Organismen. Wichtig ist, dass es keine Zusatz- oder Konservierungsstoffe, Mineralien in Arzneimittelqualit\u00e4t, Bindemittel oder Puffer enth\u00e4lt.<\/p>\n","protected":false},"excerpt":{"rendered":"<p>Fiji Mud Walt Smith &#8211; 2,7 kg\/6 lbs feeds your reef aquarium the essential minerals and nutrients<\/p>\n","protected":false},"featured_media":78836,"template":"","meta":[],"pwb-brand":[2233],"product_cat":[1483],"product_tag":[],"class_list":{"0":"post-87854","1":"product","2":"type-product","3":"status-publish","4":"has-post-thumbnail","6":"pwb-brand-walth-smith","7":"product_cat-refugium-de","9":"first","10":"instock","11":"sale","12":"taxable","13":"shipping-taxable","14":"purchasable","15":"product-type-simple"},"acf":[],"brands":[{"id":2233,"name":"Walth Smith","slug":"walth-smith"}],"_links":{"self":[{"href":"https:\/\/www.seaflowerstore.com\/de\/wp-json\/wp\/v2\/product\/87854","targetHints":{"allow":["GET"]}}],"collection":[{"href":"https:\/\/www.seaflowerstore.com\/de\/wp-json\/wp\/v2\/product"}],"about":[{"href":"https:\/\/www.seaflowerstore.com\/de\/wp-json\/wp\/v2\/types\/product"}],"wp:featuredmedia":[{"embeddable":true,"href":"https:\/\/www.seaflowerstore.com\/de\/wp-json\/wp\/v2\/media\/78836"}],"wp:attachment":[{"href":"https:\/\/www.seaflowerstore.com\/de\/wp-json\/wp\/v2\/media?parent=87854"}],"wp:term":[{"taxonomy":"pwb-brand","embeddable":true,"href":"https:\/\/www.seaflowerstore.com\/de\/wp-json\/wp\/v2\/pwb-brand?post=87854"},{"taxonomy":"product_cat","embeddable":true,"href":"https:\/\/www.seaflowerstore.com\/de\/wp-json\/wp\/v2\/product_cat?post=87854"},{"taxonomy":"product_tag","embeddable":true,"href":"https:\/\/www.seaflowerstore.com\/de\/wp-json\/wp\/v2\/product_tag?post=87854"}],"curies":[{"name":"wp","href":"https:\/\/api.w.org\/{rel}","templated":true}]}}