{"id":87855,"date":"2016-01-31T12:50:40","date_gmt":"2016-01-31T11:50:40","guid":{"rendered":"https:\/\/www.seaflowerstore.com\/nl\/54kg-12lbs-fiji-mud-walt-smith\/"},"modified":"2024-03-20T16:35:02","modified_gmt":"2024-03-20T15:35:02","slug":"54kg-12lbs-fiji-mud-walt-smith","status":"publish","type":"product","link":"https:\/\/www.seaflowerstore.com\/de\/54kg-12lbs-fiji-mud-walt-smith\/","title":{"rendered":"5,4kg\/12lbs Fiji Mud Walt Smith"},"content":{"rendered":"<h2>Fiji Mud Walt Smith &#8211; 5,4kg\/12 lbs feeds your reef aquarium the essential minerals and nutrients<\/h2>\n<p><strong>Fiji Mud Walt Smith<\/strong> ist eine ausgezeichnete Wahl, um Ihr Riffaquarium mit lebenswichtigen Mineralien und N\u00e4hrstoffen anzureichern. Dieser nat\u00fcrliche Riffschlamm aus dem wundersch\u00f6nen S\u00fcdpazifik wurde entwickelt, um sowohl Hart- als auch Weichkorallen eine n\u00e4hrende Umgebung zu bieten.<\/p>\n<ul>\n<li>Nat\u00fcrlicher Riffschlamm aus dem S\u00fcdpazifik f\u00fcllt Ihr Refugium mit Mineralien und N\u00e4hrstoffen.<\/li>\n<li>Enth\u00e4lt Spurenelemente und kleine Organismen, die die Gesundheit Ihrer Korallen unterst\u00fctzen.<\/li>\n<\/ul>\n<p>Dieser unglaubliche Schlamm ist vollgepackt mit essentiellen Spurenelementen und einer vielf\u00e4ltigen Palette von Organismen mit einer Gr\u00f6\u00dfe zwischen 5 und 100 Mikrometern, die besonders vorteilhaft f\u00fcr Acropora und andere Steinkorallen mit kleinen Polypen sind. Sie k\u00f6nnen zwischen zwei Gr\u00f6\u00dfen w\u00e4hlen: einem 12-Pfund-Startereimer oder einem 24-Unzen-Boosterglas zum Auff\u00fcllen von nat\u00fcrlich gel\u00f6stem Schlamm.<\/p>\n<h3>Gebrauchsanweisung f\u00fcr Fiji Mud Walt Smith<\/h3>\n<p>Wenn Sie Ihr Refugium einrichten, verwenden Sie einfach den 12-Pfund-Startereimer und geben Sie 1-2 Zoll direkt in Ihr Refugium. Zum Auff\u00fcllen des Schlamms verwenden Sie die 24-Unzen-Boosterdose. Alternativ k\u00f6nnen Sie dieses Produkt zweimal w\u00f6chentlich direkt in Ihrem Aquariensubstrat in einer Menge von einem Teel\u00f6ffel (5 ml) pro 100 Gallonen (380 L) hinzuf\u00fcgen. Um diese Methode zu verwenden, mischen Sie die entsprechende Menge Schlamm mit Aquarienwasser und gie\u00dfen Sie es direkt in den Wasserfluss. Erwarten Sie, dass das Wasser tr\u00fcb wird, aber machen Sie sich keine Sorgen; es sollte sich bis zum n\u00e4chsten Tag aufkl\u00e4ren.<\/p>\n<h3>Tipps von Walt Smith zu Fiji Mud<\/h3>\n<ul>\n<li>Ersetzen Sie alle 4\u20136 Monate 20\u201330 % des Schlamms. Der Schlamm wird durch den normalen Kreislauf und das Algenwachstum auf nat\u00fcrliche Weise einige seiner N\u00e4hrstoffe wiederherstellen.<\/li>\n<li>Sie k\u00f6nnen Schlamm problemlos in jeden vorhandenen lebenden Sand einarbeiten. Es ist nicht ratsam, vorhandenen Sand wegzuwerfen. Legen Sie stattdessen entweder eine 2,5 cm dicke Schicht Schlamm auf den vorhandenen Sand oder mischen Sie beides zusammen.<\/li>\n<li>Wenn Sie Schlamm in Ihr Becken geben, rechnen Sie f\u00fcr kurze Zeit mit einer leichten Wassertr\u00fcbung. Wenn sich etwas Schlamm auf Ihren Korallen absetzt, geraten Sie nicht in Panik. Erzeugen Sie einfach etwas Wellenbewegung vor Ihren Korallen, und der Schlamm sollte sich am Boden absetzen.<\/li>\n<li>Die beste Art, Schlamm in Ihr Refugium zu geben, besteht darin, es w\u00e4hrend des Mischvorgangs auszuschalten und den Schlamm etwa 30 Minuten bis 1 Stunde lang absetzen zu lassen. Sobald sich alles beruhigt hat, k\u00f6nnen Sie Ihr Refugium wieder in Betrieb nehmen.<\/li>\n<\/ul>\n<h3>Aufbewahrungshinweise f\u00fcr Fiji Mud Walt Smith<\/h3>\n<p>F\u00fcr eine optimale Lagerung sollten Sie unge\u00f6ffnete Beh\u00e4lter an einem k\u00fchlen Ort aufbewahren. Nach dem \u00d6ffnen das Produkt im K\u00fchlschrank aufbewahren. Es ist am besten, es innerhalb von sechs Monaten ab dem auf dem Aufkleber angegebenen Datum zu verwenden.<\/p>\n<h3>Produktspezifikationen f\u00fcr Fiji Mud Walt Smith<\/h3>\n<p>Dieses Produkt wird aus mineral- und n\u00e4hrstoffreichem nat\u00fcrlichem Riffschlamm hergestellt, der aus den s\u00fcdpazifischen Riffen Fidschis in Tiefen von 40 bis 50 Fu\u00df gewonnen wird. Es ist mit nat\u00fcrlich vorkommenden Haupt- und Nebenelementen sowie einem komplexen Netzwerk von 5 bis 100 Mikron gro\u00dfen Organismen gef\u00fcllt. Insbesondere enth\u00e4lt es keine Zusatzstoffe, Konservierungsmittel, Mineralien in pharmazeutischer Qualit\u00e4t, Bindemittel oder Puffer.<\/p>\n","protected":false},"excerpt":{"rendered":"<p>Fiji Mud Walt Smith Natural ocean mud from the islands of Fiji in the South Pacific feeds and nourishes your hard or soft corals. Contains naturally-occurring major and minor trace elements.<\/p>\n","protected":false},"featured_media":78832,"template":"","meta":[],"pwb-brand":[2233],"product_cat":[1483],"product_tag":[],"class_list":{"0":"post-87855","1":"product","2":"type-product","3":"status-publish","4":"has-post-thumbnail","6":"pwb-brand-walth-smith","7":"product_cat-refugium-de","9":"first","10":"outofstock","11":"sale","12":"taxable","13":"shipping-taxable","14":"purchasable","15":"product-type-simple"},"acf":[],"brands":[{"id":2233,"name":"Walth Smith","slug":"walth-smith"}],"_links":{"self":[{"href":"https:\/\/www.seaflowerstore.com\/de\/wp-json\/wp\/v2\/product\/87855","targetHints":{"allow":["GET"]}}],"collection":[{"href":"https:\/\/www.seaflowerstore.com\/de\/wp-json\/wp\/v2\/product"}],"about":[{"href":"https:\/\/www.seaflowerstore.com\/de\/wp-json\/wp\/v2\/types\/product"}],"wp:featuredmedia":[{"embeddable":true,"href":"https:\/\/www.seaflowerstore.com\/de\/wp-json\/wp\/v2\/media\/78832"}],"wp:attachment":[{"href":"https:\/\/www.seaflowerstore.com\/de\/wp-json\/wp\/v2\/media?parent=87855"}],"wp:term":[{"taxonomy":"pwb-brand","embeddable":true,"href":"https:\/\/www.seaflowerstore.com\/de\/wp-json\/wp\/v2\/pwb-brand?post=87855"},{"taxonomy":"product_cat","embeddable":true,"href":"https:\/\/www.seaflowerstore.com\/de\/wp-json\/wp\/v2\/product_cat?post=87855"},{"taxonomy":"product_tag","embeddable":true,"href":"https:\/\/www.seaflowerstore.com\/de\/wp-json\/wp\/v2\/product_tag?post=87855"}],"curies":[{"name":"wp","href":"https:\/\/api.w.org\/{rel}","templated":true}]}}