{"id":87861,"date":"2016-01-16T18:22:11","date_gmt":"2016-01-16T17:22:11","guid":{"rendered":"https:\/\/www.seaflowerstore.com\/nl\/marine-care-multi-test-kit\/"},"modified":"2024-03-20T16:34:52","modified_gmt":"2024-03-20T15:34:52","slug":"marine-care-multi-test-kit","status":"publish","type":"product","link":"https:\/\/www.seaflowerstore.com\/de\/marine-care-multi-test-kit\/","title":{"rendered":"Marine Care Multi test kit"},"content":{"rendered":"<h2>Red Sea Marine Care Multi test kit contains the tests pH, KH, ammonia, nitrate and nitrite<\/h2>\n<p>Das Red Sea Marine Care Multi-Testkit ist f\u00fcr eine einfache Verwendung konzipiert und erm\u00f6glicht Ihnen die genaue \u00dcberwachung aller wichtigen Parameter w\u00e4hrend der biologischen Reifung von Meerwasser- und Riffaquarien.<\/p>\n<p>Dieses komplette Multi-Testpaket enth\u00e4lt alles, was Sie ben\u00f6tigen, um die biologische Entwicklung neuer Systeme im Auge zu behalten, sowie f\u00fcr die laufende Instandhaltung und das Algenmanagement von reinen Fischaquarien.<\/p>\n<p>Das Kit enth\u00e4lt Tests f\u00fcr:<\/p>\n<ul>\n<li><strong>pH<\/strong><\/li>\n<li><strong>KH<\/strong><\/li>\n<li><strong>Ammoniak<\/strong><\/li>\n<li><strong>Nitrat<\/strong><\/li>\n<li><strong>Nitrit<\/strong><\/li>\n<\/ul>\n<p>Alle diese Produkte werden in einer robusten, chemikalienbest\u00e4ndigen Kunststoffbox geliefert, was sie zu einer praktischen Wahl f\u00fcr jeden Aquarienliebhaber macht.<\/p>\n","protected":false},"excerpt":{"rendered":"<p>Red Sea Marine Care Multi test kit contains the tests pH, KH, ammonia, nitrate and nitrite<\/p>\n","protected":false},"featured_media":78819,"template":"","meta":[],"pwb-brand":[2125],"product_cat":[1400,1404],"product_tag":[],"class_list":{"0":"post-87861","1":"product","2":"type-product","3":"status-publish","4":"has-post-thumbnail","6":"pwb-brand-red-sea","7":"product_cat-tester","8":"product_cat-redsea-de","10":"first","11":"instock","12":"taxable","13":"shipping-taxable","14":"purchasable","15":"product-type-simple"},"acf":[],"brands":[{"id":2125,"name":"Red Sea","slug":"red-sea"}],"_links":{"self":[{"href":"https:\/\/www.seaflowerstore.com\/de\/wp-json\/wp\/v2\/product\/87861","targetHints":{"allow":["GET"]}}],"collection":[{"href":"https:\/\/www.seaflowerstore.com\/de\/wp-json\/wp\/v2\/product"}],"about":[{"href":"https:\/\/www.seaflowerstore.com\/de\/wp-json\/wp\/v2\/types\/product"}],"wp:featuredmedia":[{"embeddable":true,"href":"https:\/\/www.seaflowerstore.com\/de\/wp-json\/wp\/v2\/media\/78819"}],"wp:attachment":[{"href":"https:\/\/www.seaflowerstore.com\/de\/wp-json\/wp\/v2\/media?parent=87861"}],"wp:term":[{"taxonomy":"pwb-brand","embeddable":true,"href":"https:\/\/www.seaflowerstore.com\/de\/wp-json\/wp\/v2\/pwb-brand?post=87861"},{"taxonomy":"product_cat","embeddable":true,"href":"https:\/\/www.seaflowerstore.com\/de\/wp-json\/wp\/v2\/product_cat?post=87861"},{"taxonomy":"product_tag","embeddable":true,"href":"https:\/\/www.seaflowerstore.com\/de\/wp-json\/wp\/v2\/product_tag?post=87861"}],"curies":[{"name":"wp","href":"https:\/\/api.w.org\/{rel}","templated":true}]}}