{"id":87862,"date":"2016-01-16T18:07:50","date_gmt":"2016-01-16T17:07:50","guid":{"rendered":"https:\/\/www.seaflowerstore.com\/nl\/red-sea-mcp-no3-no2-nitrate-nitrite-test-kit\/"},"modified":"2024-03-20T16:34:50","modified_gmt":"2024-03-20T15:34:50","slug":"red-sea-mcp-no3-no2-nitrate-nitrite-test-kit","status":"publish","type":"product","link":"https:\/\/www.seaflowerstore.com\/de\/red-sea-mcp-no3-no2-nitrate-nitrite-test-kit\/","title":{"rendered":"Red Sea MCP NO3\/NO2 Nitrate\/Nitrite Test Kit"},"content":{"rendered":"<h2>Red Sea MCP NO3 \/ NO2 nitrate \/ nitrite test kit color testing for marine aquariums<\/h2>\n<p>Dieses kombinierte Testkit bietet 100 Nitrittests oder 50 Nitrattests plus zus\u00e4tzliche 50 Nitrittests, speziell entwickelt f\u00fcr Meerwasseraquarien. Es ist ein wichtiges Hilfsmittel w\u00e4hrend der Reifephase aller Meerwasser- und Riffaquarien.<\/p>\n<p>Dar\u00fcber hinaus eignet sich dieses Kit perfekt f\u00fcr die laufende Algenbek\u00e4mpfung, wenn es in Verbindung mit Red Seas NO3:PO4-X verwendet wird, insbesondere in reinen Fischsystemen.<\/p>\n","protected":false},"excerpt":{"rendered":"<p>Red Sea MCP NO3 \/ NO2 nitraat \/ nitriet testkit kleuren tests voor zeeaquaria<\/p>\n","protected":false},"featured_media":83461,"template":"","meta":[],"pwb-brand":[2125],"product_cat":[1404,1400],"product_tag":[],"class_list":{"0":"post-87862","1":"product","2":"type-product","3":"status-publish","4":"has-post-thumbnail","6":"pwb-brand-red-sea","7":"product_cat-redsea-de","8":"product_cat-tester","10":"first","11":"instock","12":"taxable","13":"shipping-taxable","14":"purchasable","15":"product-type-simple"},"acf":[],"brands":[{"id":2125,"name":"Red Sea","slug":"red-sea"}],"_links":{"self":[{"href":"https:\/\/www.seaflowerstore.com\/de\/wp-json\/wp\/v2\/product\/87862","targetHints":{"allow":["GET"]}}],"collection":[{"href":"https:\/\/www.seaflowerstore.com\/de\/wp-json\/wp\/v2\/product"}],"about":[{"href":"https:\/\/www.seaflowerstore.com\/de\/wp-json\/wp\/v2\/types\/product"}],"wp:featuredmedia":[{"embeddable":true,"href":"https:\/\/www.seaflowerstore.com\/de\/wp-json\/wp\/v2\/media\/83461"}],"wp:attachment":[{"href":"https:\/\/www.seaflowerstore.com\/de\/wp-json\/wp\/v2\/media?parent=87862"}],"wp:term":[{"taxonomy":"pwb-brand","embeddable":true,"href":"https:\/\/www.seaflowerstore.com\/de\/wp-json\/wp\/v2\/pwb-brand?post=87862"},{"taxonomy":"product_cat","embeddable":true,"href":"https:\/\/www.seaflowerstore.com\/de\/wp-json\/wp\/v2\/product_cat?post=87862"},{"taxonomy":"product_tag","embeddable":true,"href":"https:\/\/www.seaflowerstore.com\/de\/wp-json\/wp\/v2\/product_tag?post=87862"}],"curies":[{"name":"wp","href":"https:\/\/api.w.org\/{rel}","templated":true}]}}