{"id":87864,"date":"2016-01-16T18:01:33","date_gmt":"2016-01-16T17:01:33","guid":{"rendered":"https:\/\/www.seaflowerstore.com\/nl\/red-sea-mcp-ph-alk-test\/"},"modified":"2024-03-20T16:34:46","modified_gmt":"2024-03-20T15:34:46","slug":"red-sea-mcp-ph-alk-test","status":"publish","type":"product","link":"https:\/\/www.seaflowerstore.com\/de\/red-sea-mcp-ph-alk-test\/","title":{"rendered":"Red Sea MCP pH\/Alk Test"},"content":{"rendered":"<h2>Red Sea MCP pH\/Alkalinity Marine Test Kit for marine aquariums<\/h2>\n<p>Das Red Sea pH\/Alkalinity Marine Test Kit ist ein praktisches Doppeltestkit, das einen genauen Titrationstest f\u00fcr KH (1 dkH\/0,36 meq\/l) und einen kolorimetrischen Test f\u00fcr den pH-Wert enth\u00e4lt. Dieses Kit ist f\u00fcr die \u00dcberwachung dieser wichtigen Parameter in allen Meerwasseraquarien unverzichtbar.<\/p>\n<p>Das Red Sea KH\/ALKALINITY PRO-Testkit erm\u00f6glicht eine pr\u00e4zise Dosierung der Pufferzus\u00e4tze KH Coralline Gro oder KH\/ALKALINITY Foundation B von Red Sea und ist daher perfekt f\u00fcr reine Fischsysteme geeignet.<\/p>\n<h4>Enth\u00e4lt:<\/h4>\n<ul>\n<li>pH-Tests: 100 Tests<\/li>\n<li>KH-Tests: 55 Tests<\/li>\n<\/ul>\n<p><span style=\"font-size: 12px;font-weight: bold\"> <\/span><\/p>\n","protected":false},"excerpt":{"rendered":"<p>Red Sea pH\/Alkalinity Marine Test Kit for marine aquariums<\/p>\n","protected":false},"featured_media":83463,"template":"","meta":[],"pwb-brand":[2125],"product_cat":[1404,1400,741],"product_tag":[],"class_list":{"0":"post-87864","1":"product","2":"type-product","3":"status-publish","4":"has-post-thumbnail","6":"pwb-brand-red-sea","7":"product_cat-redsea-de","8":"product_cat-tester","9":"product_cat-brands","11":"first","12":"instock","13":"taxable","14":"shipping-taxable","15":"purchasable","16":"product-type-simple"},"acf":[],"brands":[{"id":2125,"name":"Red Sea","slug":"red-sea"}],"_links":{"self":[{"href":"https:\/\/www.seaflowerstore.com\/de\/wp-json\/wp\/v2\/product\/87864","targetHints":{"allow":["GET"]}}],"collection":[{"href":"https:\/\/www.seaflowerstore.com\/de\/wp-json\/wp\/v2\/product"}],"about":[{"href":"https:\/\/www.seaflowerstore.com\/de\/wp-json\/wp\/v2\/types\/product"}],"wp:featuredmedia":[{"embeddable":true,"href":"https:\/\/www.seaflowerstore.com\/de\/wp-json\/wp\/v2\/media\/83463"}],"wp:attachment":[{"href":"https:\/\/www.seaflowerstore.com\/de\/wp-json\/wp\/v2\/media?parent=87864"}],"wp:term":[{"taxonomy":"pwb-brand","embeddable":true,"href":"https:\/\/www.seaflowerstore.com\/de\/wp-json\/wp\/v2\/pwb-brand?post=87864"},{"taxonomy":"product_cat","embeddable":true,"href":"https:\/\/www.seaflowerstore.com\/de\/wp-json\/wp\/v2\/product_cat?post=87864"},{"taxonomy":"product_tag","embeddable":true,"href":"https:\/\/www.seaflowerstore.com\/de\/wp-json\/wp\/v2\/product_tag?post=87864"}],"curies":[{"name":"wp","href":"https:\/\/api.w.org\/{rel}","templated":true}]}}