{"id":87865,"date":"2015-12-20T18:44:44","date_gmt":"2015-12-20T17:44:44","guid":{"rendered":"https:\/\/www.seaflowerstore.com\/nl\/elimi-aiptas-50ml-tropic-marin\/"},"modified":"2024-03-20T16:34:44","modified_gmt":"2024-03-20T15:34:44","slug":"elimi-aiptas-50ml-tropic-marin","status":"publish","type":"product","link":"https:\/\/www.seaflowerstore.com\/de\/elimi-aiptas-50ml-tropic-marin\/","title":{"rendered":"Elimi-Aiptas 50ml. (Tropic Marin)"},"content":{"rendered":"<h2>Tropic Marin Elimi-Aiptas 50ml for the removal of Aiptasia anemones and other unwanted cnidarians<\/h2>\n<p>Aiptasia-Anemonen gelangen h\u00e4ufig \u00fcber lebende Steine \u200b\u200boder neu erworbene Korallen in Ihr Aquarium. Diese l\u00e4stigen Anemonen k\u00f6nnen Korallen und andere ortsfeste Bewohner stechen und verletzen und stellen somit eine echte Bedrohung f\u00fcr Ihr marines \u00d6kosystem dar.<\/p>\n<p>Mit Tropic Marin ELIMI-AIPTAS k\u00f6nnen Sie die L\u00f6sung mithilfe der mitgelieferten Spritze ganz einfach direkt in die Basis der Aiptasia-Anemone injizieren. Nach dieser Behandlung beginnen die Anemonen zu verwesen. Da sich Aiptasia schnell ausbreiten und die Gesundheit Ihrer Korallen beeintr\u00e4chtigen kann, geh\u00f6ren sie zu den am meisten gef\u00fcrchteten Plagegeistern in der Meerwasseraquaristik.<\/p>\n<p>Mit Elimi Aiptas von Tropic Marin k\u00f6nnen Sie Aiptasia effektiv und schnell bek\u00e4mpfen. Indem Sie die L\u00f6sung direkt in den betroffenen Bereich injizieren, k\u00f6nnen Sie eine schnelle Zersetzung sicherstellen. Um ein schnelles Wachstum zu verhindern, ist es ratsam, Elimi Aiptas zu verwenden, sobald Sie die ersten Anzeichen von Aiptasia bemerken.<\/p>\n<p><strong>Wichtige Sicherheitshinweise:<\/strong><\/p>\n<ul>\n<li><strong>H315:<\/strong> Verursacht Hautreizungen.<\/li>\n<li><strong>H319:<\/strong> Verursacht schwere Augenreizungen.<\/li>\n<li><strong>P305+351+338:<\/strong> BEI KONTAKT MIT DEN AUGEN: Einige Minuten lang behutsam mit Wasser sp\u00fclen. Wenn m\u00f6glich, Kontaktlinsen entfernen.<\/li>\n<\/ul>\n","protected":false},"excerpt":{"rendered":"<p>Tropic Marin Elimi-Aiptas 50ml. for the removal of Aiptasia anemones and other unwanted cnidarians<\/p>\n","protected":false},"featured_media":84757,"template":"","meta":[],"pwb-brand":[2151],"product_cat":[1390],"product_tag":[],"class_list":{"0":"post-87865","1":"product","2":"type-product","3":"status-publish","4":"has-post-thumbnail","6":"pwb-brand-tropic-marin","7":"product_cat-medikamente","9":"first","10":"instock","11":"taxable","12":"shipping-taxable","13":"purchasable","14":"product-type-simple"},"acf":[],"brands":[{"id":2151,"name":"Tropic Marin","slug":"tropic-marin"}],"_links":{"self":[{"href":"https:\/\/www.seaflowerstore.com\/de\/wp-json\/wp\/v2\/product\/87865","targetHints":{"allow":["GET"]}}],"collection":[{"href":"https:\/\/www.seaflowerstore.com\/de\/wp-json\/wp\/v2\/product"}],"about":[{"href":"https:\/\/www.seaflowerstore.com\/de\/wp-json\/wp\/v2\/types\/product"}],"wp:featuredmedia":[{"embeddable":true,"href":"https:\/\/www.seaflowerstore.com\/de\/wp-json\/wp\/v2\/media\/84757"}],"wp:attachment":[{"href":"https:\/\/www.seaflowerstore.com\/de\/wp-json\/wp\/v2\/media?parent=87865"}],"wp:term":[{"taxonomy":"pwb-brand","embeddable":true,"href":"https:\/\/www.seaflowerstore.com\/de\/wp-json\/wp\/v2\/pwb-brand?post=87865"},{"taxonomy":"product_cat","embeddable":true,"href":"https:\/\/www.seaflowerstore.com\/de\/wp-json\/wp\/v2\/product_cat?post=87865"},{"taxonomy":"product_tag","embeddable":true,"href":"https:\/\/www.seaflowerstore.com\/de\/wp-json\/wp\/v2\/product_tag?post=87865"}],"curies":[{"name":"wp","href":"https:\/\/api.w.org\/{rel}","templated":true}]}}