{"id":87866,"date":"2015-12-16T10:59:13","date_gmt":"2015-12-16T09:59:13","guid":{"rendered":"https:\/\/www.seaflowerstore.com\/nl\/01-2mm-ati-fiji-white-sand-907kg\/"},"modified":"2024-03-20T16:34:43","modified_gmt":"2024-03-20T15:34:43","slug":"01-2mm-ati-fiji-white-sand-907kg","status":"publish","type":"product","link":"https:\/\/www.seaflowerstore.com\/de\/01-2mm-ati-fiji-white-sand-907kg\/","title":{"rendered":"01-2mm ATI Fiji white sand 9,07kg"},"content":{"rendered":"<h2>01-2mm ATI Fiji white sand 9,07kg<\/h2>\n<p><strong>ATI Fiji White Sand<\/strong> ist ein atemberaubend wei\u00dfer Sand mit einer K\u00f6rnung von <strong>1 bis 2 Millimeter<\/strong>. Dieser Sand eignet sich perfekt f\u00fcr verschiedene Anwendungen, einschlie\u00dflich Sandtrichter. Denken Sie jedoch daran, dass er vor der Verwendung gesp\u00fclt werden muss, um optimale Ergebnisse zu erzielen.<\/p>\n","protected":false},"excerpt":{"rendered":"<p>Super white sand ATI Fiji white sand 1-2mm 9.07kg<\/p>\n","protected":false},"featured_media":78813,"template":"","meta":[],"pwb-brand":[2131],"product_cat":[1473],"product_tag":[],"class_list":{"0":"post-87866","1":"product","2":"type-product","3":"status-publish","4":"has-post-thumbnail","6":"pwb-brand-ati","7":"product_cat-korallensand-kies-brueche","9":"first","10":"outofstock","11":"taxable","12":"shipping-taxable","13":"purchasable","14":"product-type-simple"},"acf":[],"brands":[{"id":2131,"name":"ATI","slug":"ati"}],"_links":{"self":[{"href":"https:\/\/www.seaflowerstore.com\/de\/wp-json\/wp\/v2\/product\/87866","targetHints":{"allow":["GET"]}}],"collection":[{"href":"https:\/\/www.seaflowerstore.com\/de\/wp-json\/wp\/v2\/product"}],"about":[{"href":"https:\/\/www.seaflowerstore.com\/de\/wp-json\/wp\/v2\/types\/product"}],"wp:featuredmedia":[{"embeddable":true,"href":"https:\/\/www.seaflowerstore.com\/de\/wp-json\/wp\/v2\/media\/78813"}],"wp:attachment":[{"href":"https:\/\/www.seaflowerstore.com\/de\/wp-json\/wp\/v2\/media?parent=87866"}],"wp:term":[{"taxonomy":"pwb-brand","embeddable":true,"href":"https:\/\/www.seaflowerstore.com\/de\/wp-json\/wp\/v2\/pwb-brand?post=87866"},{"taxonomy":"product_cat","embeddable":true,"href":"https:\/\/www.seaflowerstore.com\/de\/wp-json\/wp\/v2\/product_cat?post=87866"},{"taxonomy":"product_tag","embeddable":true,"href":"https:\/\/www.seaflowerstore.com\/de\/wp-json\/wp\/v2\/product_tag?post=87866"}],"curies":[{"name":"wp","href":"https:\/\/api.w.org\/{rel}","templated":true}]}}