{"id":87881,"date":"2015-12-14T10:47:00","date_gmt":"2015-12-14T09:47:00","guid":{"rendered":"https:\/\/www.seaflowerstore.com\/nl\/glass-drill-75mm\/"},"modified":"2024-03-20T16:34:09","modified_gmt":"2024-03-20T15:34:09","slug":"glass-drill-75mm","status":"publish","type":"product","link":"https:\/\/www.seaflowerstore.com\/de\/glass-drill-75mm\/","title":{"rendered":"Glass drill 75mm"},"content":{"rendered":"<h2>Glass drill 75mm<\/h2>\n<p>Um ein <strong>75 mm gro\u00dfes Loch in Glas zu bohren<\/strong>, sollten Sie einen speziell f\u00fcr diesen Zweck entwickelten Glasbohrer verwenden. Es ist wichtig, das richtige Werkzeug auszuw\u00e4hlen, um einen sauberen und pr\u00e4zisen Schnitt zu gew\u00e4hrleisten.<\/p>\n<p>Hier sind einige Tipps, die Sie bei der Verwendung eines Glasbohrers beachten sollten:<\/p>\n<ul>\n<li><strong>Verwenden Sie Wasser als Schmiermittel:<\/strong> Dies hilft, den Bohrer abzuk\u00fchlen und verringert das Risiko, dass das Glas zerbricht.<\/li>\n<li><strong>Beginnen Sie langsam:<\/strong> Beginnen Sie mit einer niedrigen Geschwindigkeit, um ein Zerbrechen des Glases zu vermeiden.<\/li>\n<li><strong>\u00dcben Sie gleichm\u00e4\u00dfigen Druck aus:<\/strong> Wenden Sie keinen Druck auf den Bohrer an; lassen Sie ihn die Arbeit f\u00fcr Sie erledigen.<\/li>\n<\/ul>\n<p>Mit der richtigen Technik und den richtigen Werkzeugen k\u00f6nnen Sie beim Bohren durch Glas hervorragende Ergebnisse erzielen. Viel Spa\u00df beim Bohren!<\/p>\n","protected":false},"excerpt":{"rendered":"<p>Glass drill For making a 75mm hole in glass<\/p>\n","protected":false},"featured_media":78786,"template":"","meta":[],"pwb-brand":[2207],"product_cat":[1451],"product_tag":[],"class_list":{"0":"post-87881","1":"product","2":"type-product","3":"status-publish","4":"has-post-thumbnail","6":"pwb-brand-ams-aqua-marine-supply","7":"product_cat-zubehoer","9":"first","10":"instock","11":"taxable","12":"shipping-taxable","13":"purchasable","14":"product-type-simple"},"acf":[],"brands":[{"id":2207,"name":"AMS &#8211; Aqua Marine Supply","slug":"ams-aqua-marine-supply"}],"_links":{"self":[{"href":"https:\/\/www.seaflowerstore.com\/de\/wp-json\/wp\/v2\/product\/87881","targetHints":{"allow":["GET"]}}],"collection":[{"href":"https:\/\/www.seaflowerstore.com\/de\/wp-json\/wp\/v2\/product"}],"about":[{"href":"https:\/\/www.seaflowerstore.com\/de\/wp-json\/wp\/v2\/types\/product"}],"wp:featuredmedia":[{"embeddable":true,"href":"https:\/\/www.seaflowerstore.com\/de\/wp-json\/wp\/v2\/media\/78786"}],"wp:attachment":[{"href":"https:\/\/www.seaflowerstore.com\/de\/wp-json\/wp\/v2\/media?parent=87881"}],"wp:term":[{"taxonomy":"pwb-brand","embeddable":true,"href":"https:\/\/www.seaflowerstore.com\/de\/wp-json\/wp\/v2\/pwb-brand?post=87881"},{"taxonomy":"product_cat","embeddable":true,"href":"https:\/\/www.seaflowerstore.com\/de\/wp-json\/wp\/v2\/product_cat?post=87881"},{"taxonomy":"product_tag","embeddable":true,"href":"https:\/\/www.seaflowerstore.com\/de\/wp-json\/wp\/v2\/product_tag?post=87881"}],"curies":[{"name":"wp","href":"https:\/\/api.w.org\/{rel}","templated":true}]}}