{"id":87890,"date":"2015-12-12T09:39:02","date_gmt":"2015-12-12T08:39:02","guid":{"rendered":"https:\/\/www.seaflowerstore.com\/nl\/jebao-dp-4-v2-doseer-unit\/"},"modified":"2024-03-20T16:33:51","modified_gmt":"2024-03-20T15:33:51","slug":"jebao-dp-4-v2-doseer-unit","status":"publish","type":"product","link":"https:\/\/www.seaflowerstore.com\/de\/jebao-dp-4-v2-doseer-unit\/","title":{"rendered":"Jebao DP-4 v2 doseer unit"},"content":{"rendered":"<h2> Jebao DP4 v2 very reliable and affordable 4 channel dosing unit from Jebao <\/h2>\n<p><strong>Wir stellen die neue Version v2 vor, die \u00fcber verbesserte Dosierk\u00f6pfe verf\u00fcgt und sogar einen Ersatzdosierkopf enth\u00e4lt!<\/strong><\/p>\n<p>Diese 4-Kanal-Dosiereinheit ist benutzerfreundlich und bietet eine Vielzahl von Einstellungsm\u00f6glichkeiten. Da k\u00f6nnen die gr\u00f6\u00dferen Marken einfach nicht mithalten.<\/p>\n<p><strong>Eigenschaften:<\/strong><\/p>\n<ul>\n<li>4-Kanal-Dosierpumpe<\/li>\n<li>Jeder Kanal kann von 1 bis 9999 ml pro Tag eingestellt werden (bitte beachten Sie, dass Sie keine bestimmten Wochentage ausw\u00e4hlen k\u00f6nnen, aber mit der Intervallfunktion Tage \u00fcberspringen k\u00f6nnen)<\/li>\n<li>Jeder Kanal kann t\u00e4glich zu festgelegten Zeiten bis zu 24 Mal dosieren<\/li>\n<li>30-Tage-Intervalldosierungsoption (dies erm\u00f6glicht eine Dosierung bis zu einmal alle 30 Tage)<\/li>\n<li>Manuelle Dosierfunktion<\/li>\n<li>Kalibrierungsfunktion<\/li>\n<\/ul>\n<p><strong>Spezifikationen:<\/strong><\/p>\n<ul>\n<li>Abmessungen: 23,5 x 13 x 6,5 cm<\/li>\n<li>Stromversorgung: 110 V bis 240 V, 50\/60 Hz<\/li>\n<li>EU-Stecker<\/li>\n<\/ul>\n<p>Das Ger\u00e4t wird <strong>ohne<\/strong> <a href=\"https:\/\/www.seaflowerstore.com\/nl\/luchtslang-doseerslang-4-6mm-prijs-per-meter\/\">Dosierschl\u00e4uche<\/a> und <strong>ohne<\/strong> Schlauchhalter geliefert. Wenn Sie einen Dosierschlauch ben\u00f6tigen, k\u00f6nnen Sie diesen separat bestellen.<\/p>\n<p><strong>Bitte lernen Sie unbedingt, wie Sie das Ger\u00e4t richtig bedienen. Es ist ratsam, keine zu gro\u00dfen Beh\u00e4lter zu verwenden, um den Inhalt Ihres Aquariums zu sch\u00fctzen. Stellen Sie den Fl\u00fcssigkeitsbeh\u00e4lter immer tiefer ein als den Auslass der Dosierschl\u00e4uche, um ein Absaugen zu verhindern.<\/strong><\/p>\n","protected":false},"excerpt":{"rendered":"<p>very reliable and affordable 4 channel dosing unit from Jebao<\/p>\n","protected":false},"featured_media":78765,"template":"","meta":[],"pwb-brand":[2187],"product_cat":[1406],"product_tag":[],"class_list":{"0":"post-87890","1":"product","2":"type-product","3":"status-publish","4":"has-post-thumbnail","6":"pwb-brand-jebao-jecod","7":"product_cat-dosierpumpen","9":"first","10":"outofstock","11":"taxable","12":"shipping-taxable","13":"purchasable","14":"product-type-simple"},"acf":[],"brands":[{"id":2187,"name":"Jebao \/ Jecod","slug":"jebao-jecod"}],"_links":{"self":[{"href":"https:\/\/www.seaflowerstore.com\/de\/wp-json\/wp\/v2\/product\/87890","targetHints":{"allow":["GET"]}}],"collection":[{"href":"https:\/\/www.seaflowerstore.com\/de\/wp-json\/wp\/v2\/product"}],"about":[{"href":"https:\/\/www.seaflowerstore.com\/de\/wp-json\/wp\/v2\/types\/product"}],"wp:featuredmedia":[{"embeddable":true,"href":"https:\/\/www.seaflowerstore.com\/de\/wp-json\/wp\/v2\/media\/78765"}],"wp:attachment":[{"href":"https:\/\/www.seaflowerstore.com\/de\/wp-json\/wp\/v2\/media?parent=87890"}],"wp:term":[{"taxonomy":"pwb-brand","embeddable":true,"href":"https:\/\/www.seaflowerstore.com\/de\/wp-json\/wp\/v2\/pwb-brand?post=87890"},{"taxonomy":"product_cat","embeddable":true,"href":"https:\/\/www.seaflowerstore.com\/de\/wp-json\/wp\/v2\/product_cat?post=87890"},{"taxonomy":"product_tag","embeddable":true,"href":"https:\/\/www.seaflowerstore.com\/de\/wp-json\/wp\/v2\/product_tag?post=87890"}],"curies":[{"name":"wp","href":"https:\/\/api.w.org\/{rel}","templated":true}]}}