{"id":87891,"date":"2015-12-09T18:29:51","date_gmt":"2015-12-09T17:29:51","guid":{"rendered":"https:\/\/www.seaflowerstore.com\/nl\/acropower-amino-acids-500-ml\/"},"modified":"2026-03-08T12:41:35","modified_gmt":"2026-03-08T11:41:35","slug":"acropower-amino-acids-500-ml","status":"publish","type":"product","link":"https:\/\/www.seaflowerstore.com\/de\/acropower-amino-acids-500-ml\/","title":{"rendered":"Acropower Amino Acids &#8211; 500 ml"},"content":{"rendered":"<h2>Acropower Amino Acids &#8211; 500 ml contains very high-quality amino acids good for all sorts of corals<\/h2>\n<p><strong>AcroPower<\/strong> liefert die essentiellen Aminos\u00e4uren, die Korallen zum Aufbau ihrer Skelettstruktur ben\u00f6tigen. <\/p>\n<p>Wie andere Nesseltiere besitzen Korallen eine bemerkenswerte F\u00e4higkeit, gel\u00f6ste Aminos\u00e4uren \u00fcber ihre gesamte Oberfl\u00e4che aufzunehmen. <\/p>\n<p>In geschlossenen Aquarien kann der Einsatz von Eiwei\u00dfabsch\u00e4umern und anderen Filtermethoden mit ultraniedrigem N\u00e4hrstoffgehalt (ULN) zu einem Mangel an Aminos\u00e4uren f\u00fchren, die f\u00fcr die Gesundheit der Korallen entscheidend sind. <\/p>\n<p>Wenn Sie <strong>AcroPower<\/strong> verwenden, werden Sie feststellen, dass Korallen innerhalb weniger Tage lebendiger und farbenfroher werden, da sich ihre Wachstumsr\u00e4nder vergr\u00f6\u00dfern.<\/p>\n<p>Weitere Informationen finden Sie in der Rezension hier: <a href=\"https:\/\/reefbuilders.com\/2013\/12\/05\/acropower-review\/\" target=\"_blank\" rel=\"noopener noreferrer nofollow\">AcroPower-Rezension<\/a><\/p>\n","protected":false},"excerpt":{"rendered":"<p>Acropower contains very high-quality amino acids good for all sorts of corals<\/p>\n","protected":false},"featured_media":78763,"template":"","meta":[],"pwb-brand":[2231],"product_cat":[1391],"product_tag":[],"class_list":{"0":"post-87891","1":"product","2":"type-product","3":"status-publish","4":"has-post-thumbnail","6":"pwb-brand-two-little-fishies","7":"product_cat-ergaenzungen","9":"first","10":"instock","11":"taxable","12":"shipping-taxable","13":"purchasable","14":"product-type-simple"},"acf":[],"brands":[{"id":2231,"name":"Two Little Fishies","slug":"two-little-fishies"}],"_links":{"self":[{"href":"https:\/\/www.seaflowerstore.com\/de\/wp-json\/wp\/v2\/product\/87891","targetHints":{"allow":["GET"]}}],"collection":[{"href":"https:\/\/www.seaflowerstore.com\/de\/wp-json\/wp\/v2\/product"}],"about":[{"href":"https:\/\/www.seaflowerstore.com\/de\/wp-json\/wp\/v2\/types\/product"}],"wp:featuredmedia":[{"embeddable":true,"href":"https:\/\/www.seaflowerstore.com\/de\/wp-json\/wp\/v2\/media\/78763"}],"wp:attachment":[{"href":"https:\/\/www.seaflowerstore.com\/de\/wp-json\/wp\/v2\/media?parent=87891"}],"wp:term":[{"taxonomy":"pwb-brand","embeddable":true,"href":"https:\/\/www.seaflowerstore.com\/de\/wp-json\/wp\/v2\/pwb-brand?post=87891"},{"taxonomy":"product_cat","embeddable":true,"href":"https:\/\/www.seaflowerstore.com\/de\/wp-json\/wp\/v2\/product_cat?post=87891"},{"taxonomy":"product_tag","embeddable":true,"href":"https:\/\/www.seaflowerstore.com\/de\/wp-json\/wp\/v2\/product_tag?post=87891"}],"curies":[{"name":"wp","href":"https:\/\/api.w.org\/{rel}","templated":true}]}}