{"id":87900,"date":"2015-11-29T18:09:50","date_gmt":"2015-11-29T17:09:50","guid":{"rendered":"https:\/\/www.seaflowerstore.com\/nl\/zeovit-xl-1000-ml-kz\/"},"modified":"2024-03-20T16:33:43","modified_gmt":"2024-03-20T15:33:43","slug":"zeovit-xl-1000-ml-kz","status":"publish","type":"product","link":"https:\/\/www.seaflowerstore.com\/de\/zeovit-xl-1000-ml-kz\/","title":{"rendered":"ZEOvit XL &#8211; 1000 ml (KZ)"},"content":{"rendered":"<h2>Korallen Zucht ZEOvit XL &#8211; 1000 ml<\/h2>\n<p>ZEOvit\u00ae ist eine ausgewogene Mischung verschiedener Zeolithe. Es handelt sich um eine vollkommen nat\u00fcrliche Zeolithmischung h\u00f6chster Qualit\u00e4t. Um ZEOvit\u00ae zu verwenden, achten Sie bitte darauf, es in einem speziellen ZEOvit\u00ae-Filter laufen zu lassen.<\/p>\n<p><strong>Bitte beachten Sie folgende Hinweise:<\/strong><\/p>\n<ul>\n<li>Das ZEOvit\u00ae muss stets sauber gehalten werden. Um das Material zu reinigen, dr\u00fccken und ziehen Sie einfach t\u00e4glich den Stab des Filters. Dies ist schnell und einfach innerhalb einer Minute erledigt.<\/li>\n<li>Achten Sie wenn m\u00f6glich auf eine Durchflussrichtung von unten nach oben. So bleibt das Material immer unter Wasser.<\/li>\n<li>Die maximale Durchflussrate im Filter durch das ZEOvit\u00ae betr\u00e4gt 400 L\/h pro Liter ZEOvit\u00ae.<\/li>\n<li>Zur Dosierung verwenden Sie 1 Liter ZEOvit\u00ae auf 400 Liter Wasser.<\/li>\n<li>Es wird empfohlen, das ZEOvit\u00ae alle 6 bis 8 Wochen auszutauschen.<\/li>\n<\/ul>\n<p>In Kombination mit ZEObak und ZEOstart kann ZEOvit\u00ae Ihnen dabei helfen, Nitrat und Phosphat aus Ihrem Aquarium zu entfernen. Mit etwas Geduld erhalten Sie mit der Zeit sehr nat\u00fcrliches Korallenriffwasser, in dem Ihre Korallen ihre leuchtende Farbe und ihr gesundes Wachstum behalten.<\/p>\n<p>Achten Sie darauf, die Originalbeutel von Korallenzucht.de zu kaufen. Wenn die Beutel nicht unseren Aufdruck aufweisen, handelt es sich bei dem Material nicht um ein Originalprodukt von Korallenzucht.de.<\/p>\n","protected":false},"excerpt":{"rendered":"<p>KorallenZucht ZEOvit is a balanced mix of different zeolites. It is an absolutely natural Zeolite mix of highest quality<\/p>\n","protected":false},"featured_media":78744,"template":"","meta":[],"pwb-brand":[2159],"product_cat":[1391],"product_tag":[],"class_list":{"0":"post-87900","1":"product","2":"type-product","3":"status-publish","4":"has-post-thumbnail","6":"pwb-brand-korallen-zucht","7":"product_cat-ergaenzungen","9":"first","10":"instock","11":"sale","12":"taxable","13":"shipping-taxable","14":"purchasable","15":"product-type-simple"},"acf":[],"brands":[{"id":2159,"name":"Korallen Zucht","slug":"korallen-zucht"}],"_links":{"self":[{"href":"https:\/\/www.seaflowerstore.com\/de\/wp-json\/wp\/v2\/product\/87900","targetHints":{"allow":["GET"]}}],"collection":[{"href":"https:\/\/www.seaflowerstore.com\/de\/wp-json\/wp\/v2\/product"}],"about":[{"href":"https:\/\/www.seaflowerstore.com\/de\/wp-json\/wp\/v2\/types\/product"}],"wp:featuredmedia":[{"embeddable":true,"href":"https:\/\/www.seaflowerstore.com\/de\/wp-json\/wp\/v2\/media\/78744"}],"wp:attachment":[{"href":"https:\/\/www.seaflowerstore.com\/de\/wp-json\/wp\/v2\/media?parent=87900"}],"wp:term":[{"taxonomy":"pwb-brand","embeddable":true,"href":"https:\/\/www.seaflowerstore.com\/de\/wp-json\/wp\/v2\/pwb-brand?post=87900"},{"taxonomy":"product_cat","embeddable":true,"href":"https:\/\/www.seaflowerstore.com\/de\/wp-json\/wp\/v2\/product_cat?post=87900"},{"taxonomy":"product_tag","embeddable":true,"href":"https:\/\/www.seaflowerstore.com\/de\/wp-json\/wp\/v2\/product_tag?post=87900"}],"curies":[{"name":"wp","href":"https:\/\/api.w.org\/{rel}","templated":true}]}}