{"id":87902,"date":"2015-11-29T17:49:26","date_gmt":"2015-11-29T16:49:26","guid":{"rendered":"https:\/\/www.seaflowerstore.com\/nl\/pohls-k-balance-strong-1000-ml-kz\/"},"modified":"2024-03-20T16:33:41","modified_gmt":"2024-03-20T15:33:41","slug":"pohls-k-balance-strong-1000-ml-kz","status":"publish","type":"product","link":"https:\/\/www.seaflowerstore.com\/de\/pohls-k-balance-strong-1000-ml-kz\/","title":{"rendered":"Pohl&#8217;s K-Balance STRONG 1000 ml (KZ)"},"content":{"rendered":"<h2> Corals Sigh Pohl&#8217;s K-Balance STRONG 1000 ml extra color and growth of corals demonstrated after a few days of dosing <\/h2>\n<p>Kalium spielt eine wichtige Rolle im Meerwasser, \u00e4hnlich wie Kalzium, mit einer Konzentration von etwa 390 mg\/l.<\/p>\n<p>K-Balance enth\u00e4lt eine Vielzahl von Kaliumsalzen in hohen Konzentrationen. Unsere Tests in verschiedenen Tanks haben durchweg Verbesserungen sowohl bei Farbe als auch Wachstum nach nur wenigen Tagen der Dosierung gezeigt.<\/p>\n<ul>\n<li>Die Polypenausdehnung erfolgt innerhalb kurzer Zeit.<\/li>\n<li>Verbessert das Wachstum und reduziert Verf\u00e4rbungen bei allen Korallen, insbesondere bei SPS-Sorten wie Montipora, Stylopora, Seriatopora, Pocillopora und Acropora.<\/li>\n<li>Empfohlen f\u00fcr die Verwendung in jedem Tanksystem.<\/li>\n<\/ul>\n<p><strong>Niedrige Kaliumwerte weisen die folgenden Merkmale auf:<\/strong><\/p>\n<ul>\n<li>Montipora stellt das Wachstum ein und die Farben erscheinen matt bis grau; eine gute F\u00e4rbung ist ohne Kalium nicht erreichbar.<\/li>\n<li>Pocillopora und Stylopora k\u00f6nnen aussehen, als w\u00e4ren sie aus dem Wasser gewesen, mit zur\u00fcckgezogenen Polypen und ausgewaschenen und wenig tiefen Farben.<\/li>\n<li>Auch blaue Acropora zeigen ausgewaschene Farben.<\/li>\n<li>Seriatopora kann innerhalb weniger Tage eine vollst\u00e4ndige Gewebenekrose entwickeln.<\/li>\n<li>Turbinaria Reniformis h\u00f6rt vollst\u00e4ndig auf zu wachsen.<\/li>\n<\/ul>\n<p><strong>Beachten Sie:<\/strong> \u00dcberschreiten Sie nicht die auf dem Etikett angegebene Dosierung, da das Produkt hochkonzentriert ist. Wir empfehlen, den Kaliumspiegel regelm\u00e4\u00dfig zu \u00fcberpr\u00fcfen, \u00e4hnlich wie Sie Kalzium oder Magnesium \u00fcberwachen w\u00fcrden.<\/p>\n<p>K-Balance Strong wurde speziell entwickelt, um den Kaliumspiegel in gr\u00f6\u00dferen Becken zu erh\u00f6hen. Dieses Produkt ist als 1000-ml-Konzentrat erh\u00e4ltlich.<\/p>\n","protected":false},"excerpt":{"rendered":"<p>Corals Sigh Pohl&#039;s K-Balance STRONG 1000 ml extra color and growth of corals demonstrated after a few days of dosing<\/p>\n","protected":false},"featured_media":78740,"template":"","meta":[],"pwb-brand":[2159],"product_cat":[1391],"product_tag":[],"class_list":{"0":"post-87902","1":"product","2":"type-product","3":"status-publish","4":"has-post-thumbnail","6":"pwb-brand-korallen-zucht","7":"product_cat-ergaenzungen","9":"first","10":"outofstock","11":"taxable","12":"shipping-taxable","13":"purchasable","14":"product-type-simple"},"acf":[],"brands":[{"id":2159,"name":"Korallen Zucht","slug":"korallen-zucht"}],"_links":{"self":[{"href":"https:\/\/www.seaflowerstore.com\/de\/wp-json\/wp\/v2\/product\/87902","targetHints":{"allow":["GET"]}}],"collection":[{"href":"https:\/\/www.seaflowerstore.com\/de\/wp-json\/wp\/v2\/product"}],"about":[{"href":"https:\/\/www.seaflowerstore.com\/de\/wp-json\/wp\/v2\/types\/product"}],"wp:featuredmedia":[{"embeddable":true,"href":"https:\/\/www.seaflowerstore.com\/de\/wp-json\/wp\/v2\/media\/78740"}],"wp:attachment":[{"href":"https:\/\/www.seaflowerstore.com\/de\/wp-json\/wp\/v2\/media?parent=87902"}],"wp:term":[{"taxonomy":"pwb-brand","embeddable":true,"href":"https:\/\/www.seaflowerstore.com\/de\/wp-json\/wp\/v2\/pwb-brand?post=87902"},{"taxonomy":"product_cat","embeddable":true,"href":"https:\/\/www.seaflowerstore.com\/de\/wp-json\/wp\/v2\/product_cat?post=87902"},{"taxonomy":"product_tag","embeddable":true,"href":"https:\/\/www.seaflowerstore.com\/de\/wp-json\/wp\/v2\/product_tag?post=87902"}],"curies":[{"name":"wp","href":"https:\/\/api.w.org\/{rel}","templated":true}]}}