{"id":87904,"date":"2015-11-29T16:52:28","date_gmt":"2015-11-29T15:52:28","guid":{"rendered":"https:\/\/www.seaflowerstore.com\/nl\/amino-acid-fish-100ml-kz\/"},"modified":"2024-03-20T16:33:39","modified_gmt":"2024-03-20T15:33:39","slug":"amino-acid-fish-100ml-kz","status":"publish","type":"product","link":"https:\/\/www.seaflowerstore.com\/de\/amino-acid-fish-100ml-kz\/","title":{"rendered":"Amino Acid Fish &#8211; 100ml (KZ)"},"content":{"rendered":"<h2>Korallen Zucht Amino Acid Fish 100ml Supports Fishes recover after any illness, improves immune response, reduces susceptibility to illness<\/h2>\n<p>Dieses Produkt wurde entwickelt, um Fischen bei der Genesung nach einer Krankheit zu helfen, ihre Immunreaktion zu verbessern und ihr Krankheitsrisiko zu senken. Es erg\u00e4nzt Aminos\u00e4uren, die Fische m\u00f6glicherweise nicht in ausreichender Menge produzieren k\u00f6nnen.<\/p>\n<p>Aminos\u00e4urefische k\u00f6nnen die Gesamt\u00fcberlebensrate junger Fische deutlich steigern und gleichzeitig eine verbesserte F\u00e4rbung und ein besseres Wachstum f\u00f6rdern. Bei erwachsenen Fischen f\u00f6rdert es eine bessere Farbgebung und hilft, Mangelern\u00e4hrung effektiver auszugleichen.<\/p>\n<p><strong>Zubereitung<\/strong><\/p>\n<ul>\n<li><strong>Trockenfutter (Pellets):<\/strong> Das Futterprodukt vollst\u00e4ndig in Wasser und Aminos\u00e4uren einweichen lassen.<\/li>\n<li><strong>Gefrierfutter:<\/strong> Das Futter gr\u00fcndlich mit Aminos\u00e4urekonzentrat Fisch vermischen.<\/li>\n<\/ul>\n<p><strong>Dosierung:<\/strong><\/p>\n<ul>\n<li><em>Jungfische bis 10 Wochen:<\/em> T\u00e4glich 1 Tropfen pro 10 g Futter hinzuf\u00fcgen.<\/li>\n<li><em>3 Monate und \u00e4lter:<\/em> 1-2 Mal w\u00f6chentlich 1 Tropfen pro 10 g Futter hinzuf\u00fcgen.<\/li>\n<\/ul>\n","protected":false},"excerpt":{"rendered":"<p>Korallen Zucht Amino Acid Fish 100ml Supports Fishes recover after any illness, improves immune response, reduces susceptibility to illness<\/p>\n","protected":false},"featured_media":78737,"template":"","meta":[],"pwb-brand":[2159],"product_cat":[1390],"product_tag":[],"class_list":{"0":"post-87904","1":"product","2":"type-product","3":"status-publish","4":"has-post-thumbnail","6":"pwb-brand-korallen-zucht","7":"product_cat-medikamente","9":"first","10":"instock","11":"sale","12":"taxable","13":"shipping-taxable","14":"purchasable","15":"product-type-simple"},"acf":[],"brands":[{"id":2159,"name":"Korallen Zucht","slug":"korallen-zucht"}],"_links":{"self":[{"href":"https:\/\/www.seaflowerstore.com\/de\/wp-json\/wp\/v2\/product\/87904","targetHints":{"allow":["GET"]}}],"collection":[{"href":"https:\/\/www.seaflowerstore.com\/de\/wp-json\/wp\/v2\/product"}],"about":[{"href":"https:\/\/www.seaflowerstore.com\/de\/wp-json\/wp\/v2\/types\/product"}],"wp:featuredmedia":[{"embeddable":true,"href":"https:\/\/www.seaflowerstore.com\/de\/wp-json\/wp\/v2\/media\/78737"}],"wp:attachment":[{"href":"https:\/\/www.seaflowerstore.com\/de\/wp-json\/wp\/v2\/media?parent=87904"}],"wp:term":[{"taxonomy":"pwb-brand","embeddable":true,"href":"https:\/\/www.seaflowerstore.com\/de\/wp-json\/wp\/v2\/pwb-brand?post=87904"},{"taxonomy":"product_cat","embeddable":true,"href":"https:\/\/www.seaflowerstore.com\/de\/wp-json\/wp\/v2\/product_cat?post=87904"},{"taxonomy":"product_tag","embeddable":true,"href":"https:\/\/www.seaflowerstore.com\/de\/wp-json\/wp\/v2\/product_tag?post=87904"}],"curies":[{"name":"wp","href":"https:\/\/api.w.org\/{rel}","templated":true}]}}