{"id":87905,"date":"2015-11-29T16:49:24","date_gmt":"2015-11-29T15:49:24","guid":{"rendered":"https:\/\/www.seaflowerstore.com\/nl\/resistant-fish-conc-250ml-kz\/"},"modified":"2024-03-20T16:33:35","modified_gmt":"2024-03-20T15:33:35","slug":"resistant-fish-conc-250ml-kz","status":"publish","type":"product","link":"https:\/\/www.seaflowerstore.com\/de\/resistant-fish-conc-250ml-kz\/","title":{"rendered":"Resistant Fish Conc. 250ml (KZ)"},"content":{"rendered":"<h2>Resistant Fish Conc. 250ml (KZ)<\/h2>\n<p><strong>Resistant Fish Conc. 250ml (KZ)<\/strong><\/p>\n<ul>\n<li><strong>Fische mit Abszessen, Wunden, Schleimhautsch\u00e4den und anderen Verletzungen sowie Parasitenbefall:<\/strong><\/li>\n<li>Separieren Sie zun\u00e4chst die betroffenen Fische zur Behandlung. Verwenden Sie je nach Schwere des Befalls 1-2 Verschlusskappen Resistant Fish pro 5 Liter Wasser. Lassen Sie sie etwa 15-20 Minuten baden und setzen Sie sie dann wieder in das Becken ein. Sie k\u00f6nnen diesen Vorgang bei Bedarf wiederholen.<\/li>\n<li>Dieses Produkt hilft, das Wachstum von Protozoen, l\u00e4stigen Algen, Pilzen und Parasiten zu kontrollieren.<\/li>\n<li>Es st\u00e4rkt auch das Immunsystem und f\u00f6rdert das Wachstum von Fischen.<\/li>\n<li>Zus\u00e4tzlich bindet es anorganische Verbindungen, einschlie\u00dflich Schwermetalle.<\/li>\n<li>Es bindet effektiv organische Verunreinigungen wie Mikroben und verrottende Stoffe, wie Parasiten, Algen, Bakterien, Pilze und Abf\u00e4lle von V\u00f6geln, Fischen, Schnecken und W\u00fcrmern, zusammen mit verrottenden Lebensmitteln und Pflanzenstoffen.<\/li>\n<li>Der leichte Beschichtungseffekt sch\u00fctzt Schleimh\u00e4ute und Kiemen vor Ektoparasiten und Pilzen.<\/li>\n<li>Dar\u00fcber hinaus unterst\u00fctzt es dank seiner entz\u00fcndungshemmenden Eigenschaften die Heilung und Genesung von Hautl\u00e4sionen und Wunden.<\/li>\n<li>Als Bonus kann es als Nebeneffekt auch das Wachstum von Wasserpflanzen f\u00f6rdern. Prozesse.<\/li>\n<\/ul>\n","protected":false},"excerpt":{"rendered":"<p>.<\/p>\n","protected":false},"featured_media":78735,"template":"","meta":[],"pwb-brand":[2159],"product_cat":[1390],"product_tag":[],"class_list":{"0":"post-87905","1":"product","2":"type-product","3":"status-publish","4":"has-post-thumbnail","6":"pwb-brand-korallen-zucht","7":"product_cat-medikamente","9":"first","10":"instock","11":"sale","12":"taxable","13":"shipping-taxable","14":"purchasable","15":"product-type-simple"},"acf":[],"brands":[{"id":2159,"name":"Korallen Zucht","slug":"korallen-zucht"}],"_links":{"self":[{"href":"https:\/\/www.seaflowerstore.com\/de\/wp-json\/wp\/v2\/product\/87905","targetHints":{"allow":["GET"]}}],"collection":[{"href":"https:\/\/www.seaflowerstore.com\/de\/wp-json\/wp\/v2\/product"}],"about":[{"href":"https:\/\/www.seaflowerstore.com\/de\/wp-json\/wp\/v2\/types\/product"}],"wp:featuredmedia":[{"embeddable":true,"href":"https:\/\/www.seaflowerstore.com\/de\/wp-json\/wp\/v2\/media\/78735"}],"wp:attachment":[{"href":"https:\/\/www.seaflowerstore.com\/de\/wp-json\/wp\/v2\/media?parent=87905"}],"wp:term":[{"taxonomy":"pwb-brand","embeddable":true,"href":"https:\/\/www.seaflowerstore.com\/de\/wp-json\/wp\/v2\/pwb-brand?post=87905"},{"taxonomy":"product_cat","embeddable":true,"href":"https:\/\/www.seaflowerstore.com\/de\/wp-json\/wp\/v2\/product_cat?post=87905"},{"taxonomy":"product_tag","embeddable":true,"href":"https:\/\/www.seaflowerstore.com\/de\/wp-json\/wp\/v2\/product_tag?post=87905"}],"curies":[{"name":"wp","href":"https:\/\/api.w.org\/{rel}","templated":true}]}}