{"id":87906,"date":"2015-11-29T16:47:14","date_gmt":"2015-11-29T15:47:14","guid":{"rendered":"https:\/\/www.seaflowerstore.com\/nl\/resistant-fish-conc-500ml-kz\/"},"modified":"2024-03-20T16:33:34","modified_gmt":"2024-03-20T15:33:34","slug":"resistant-fish-conc-500ml-kz","status":"publish","type":"product","link":"https:\/\/www.seaflowerstore.com\/de\/resistant-fish-conc-500ml-kz\/","title":{"rendered":"Resistant Fish Conc. 500ml (KZ)"},"content":{"rendered":"<h2>Resistant Fish Conc. 500ml (KZ)<\/h2>\n<p>Willkommen in der Welt der Fischpflege! Hier sind einige wichtige Informationen zum <strong>Resistant Fish Concentrate<\/strong>, die Sie vielleicht hilfreich finden.<\/p>\n<ul>\n<li><strong>F\u00fcr Fische mit Abszessen, Wunden, Schleimhautsch\u00e4den und anderen Verletzungen sowie Parasitenbefall:<\/strong><\/li>\n<li>Separieren Sie zun\u00e4chst die betroffenen Fische zur Behandlung. Verwenden Sie 1-2 Verschlusskappen Resistant Fish pro 5 Liter Wasser, je nach Schwere des Befalls. Lassen Sie die Fische etwa 15-20 Minuten baden, bevor Sie sie wieder in das Becken setzen. Sie k\u00f6nnen diesen Vorgang bei Bedarf wiederholen.<\/li>\n<li>Dieses Produkt hilft, das Wachstum von Protozoen, l\u00e4stigen Algen, Pilzen und Parasiten zu hemmen.<\/li>\n<li>Es st\u00e4rkt au\u00dferdem das Immunsystem und f\u00f6rdert das Wachstum von Fischen.<\/li>\n<li>Resistant Fish bindet anorganische Verbindungen, einschlie\u00dflich Schwermetalle.<\/li>\n<li>Es bindet effektiv organische Verunreinigungen wie Mikroben und verrottende Stoffe, einschlie\u00dflich Parasiten, Algen, Bakterien, Pilze und Abf\u00e4lle von V\u00f6geln, Fischen, Schnecken und W\u00fcrmern sowie verrottende Lebensmittel und Pflanzenstoffe.<\/li>\n<li>Der leichte Beschichtungseffekt sch\u00fctzt Schleimh\u00e4ute und Kiemen vor Ektoparasiten und Pilzen.<\/li>\n<li>Zus\u00e4tzlich unterst\u00fctzt es aufgrund seiner entz\u00fcndungshemmenden Eigenschaften die Genesung und Heilung von Hautl\u00e4sionen und Wunden.<\/li>\n<li>Als Bonus k\u00f6nnen Sie infolge dieser Wirkungen ein verst\u00e4rktes Wachstum von Wasserpflanzen feststellen. Prozesse.<\/li>\n<\/ul>\n<p>Vielen Dank, dass Sie Resistant Fish Concentrate f\u00fcr Ihre Wasserfreunde in Betracht ziehen. Ihre Fische verdienen die beste Pflege! <\/p>\n","protected":false},"excerpt":{"rendered":"<p>.<\/p>\n","protected":false},"featured_media":78733,"template":"","meta":[],"pwb-brand":[2159],"product_cat":[1391,1390],"product_tag":[],"class_list":{"0":"post-87906","1":"product","2":"type-product","3":"status-publish","4":"has-post-thumbnail","6":"pwb-brand-korallen-zucht","7":"product_cat-ergaenzungen","8":"product_cat-medikamente","10":"first","11":"outofstock","12":"sale","13":"taxable","14":"shipping-taxable","15":"purchasable","16":"product-type-simple"},"acf":[],"brands":[{"id":2159,"name":"Korallen Zucht","slug":"korallen-zucht"}],"_links":{"self":[{"href":"https:\/\/www.seaflowerstore.com\/de\/wp-json\/wp\/v2\/product\/87906","targetHints":{"allow":["GET"]}}],"collection":[{"href":"https:\/\/www.seaflowerstore.com\/de\/wp-json\/wp\/v2\/product"}],"about":[{"href":"https:\/\/www.seaflowerstore.com\/de\/wp-json\/wp\/v2\/types\/product"}],"wp:featuredmedia":[{"embeddable":true,"href":"https:\/\/www.seaflowerstore.com\/de\/wp-json\/wp\/v2\/media\/78733"}],"wp:attachment":[{"href":"https:\/\/www.seaflowerstore.com\/de\/wp-json\/wp\/v2\/media?parent=87906"}],"wp:term":[{"taxonomy":"pwb-brand","embeddable":true,"href":"https:\/\/www.seaflowerstore.com\/de\/wp-json\/wp\/v2\/pwb-brand?post=87906"},{"taxonomy":"product_cat","embeddable":true,"href":"https:\/\/www.seaflowerstore.com\/de\/wp-json\/wp\/v2\/product_cat?post=87906"},{"taxonomy":"product_tag","embeddable":true,"href":"https:\/\/www.seaflowerstore.com\/de\/wp-json\/wp\/v2\/product_tag?post=87906"}],"curies":[{"name":"wp","href":"https:\/\/api.w.org\/{rel}","templated":true}]}}