{"id":87915,"date":"2015-11-29T11:10:42","date_gmt":"2015-11-29T11:10:42","guid":{"rendered":"https:\/\/www.seaflowerstore.com\/nl\/zeoca-calcium-plus-granulate-1-kg-kz\/"},"modified":"2024-03-20T16:33:20","modified_gmt":"2024-03-20T15:33:20","slug":"zeoca-calcium-plus-granulate-1-kg-kz","status":"publish","type":"product","link":"https:\/\/www.seaflowerstore.com\/de\/zeoca-calcium-plus-granulate-1-kg-kz\/","title":{"rendered":"ZEOca Calcium Plus Granulate &#8211; 1 kg (KZ)"},"content":{"rendered":"<h2>KorallenZucht ZEOca Calcium Plus Granulate &#8211; 1 kg (KZ) Granulate to increase calcium levels with a calcium reactor<\/h2>\n<p><strong>ZEOca Calcium Plus Granulat<\/strong> wurde entwickelt, um den Kalziumspiegel bei Verwendung in einem Kalkreaktor effektiv zu erh\u00f6hen. Das Beste daran ist, dass es den Magnesium- und Karbonatspiegel nicht beeinflusst.<\/p>\n<p>F\u00fcr optimale Ergebnisse sollten Sie dieses Granulat in einem Verh\u00e4ltnis von <strong>10 bis 20 Prozent<\/strong> mit Korallenkies mischen. Nach dem Mischen f\u00fcllen Sie es einfach in Ihren Kalkreaktor.<\/p>\n<p>Dieses Produkt wird f\u00fcr die Verwendung in jedem Tanksystem dringend empfohlen. Genie\u00dfen Sie ganz einfach die Vorteile eines erh\u00f6hten Kalziumspiegels!<\/p>\n","protected":false},"excerpt":{"rendered":"<p>ZEOca Calcium Plus Granulate &#8211; 1 kg (KZ) Granulate to increase calcium levels with a calcium reactor<\/p>\n","protected":false},"featured_media":78717,"template":"","meta":[],"pwb-brand":[2159],"product_cat":[1391,1557],"product_tag":[],"class_list":{"0":"post-87915","1":"product","2":"type-product","3":"status-publish","4":"has-post-thumbnail","6":"pwb-brand-korallen-zucht","7":"product_cat-ergaenzungen","8":"product_cat-kalkreaktoren","10":"first","11":"outofstock","12":"sale","13":"taxable","14":"shipping-taxable","15":"purchasable","16":"product-type-simple"},"acf":[],"brands":[{"id":2159,"name":"Korallen Zucht","slug":"korallen-zucht"}],"_links":{"self":[{"href":"https:\/\/www.seaflowerstore.com\/de\/wp-json\/wp\/v2\/product\/87915","targetHints":{"allow":["GET"]}}],"collection":[{"href":"https:\/\/www.seaflowerstore.com\/de\/wp-json\/wp\/v2\/product"}],"about":[{"href":"https:\/\/www.seaflowerstore.com\/de\/wp-json\/wp\/v2\/types\/product"}],"wp:featuredmedia":[{"embeddable":true,"href":"https:\/\/www.seaflowerstore.com\/de\/wp-json\/wp\/v2\/media\/78717"}],"wp:attachment":[{"href":"https:\/\/www.seaflowerstore.com\/de\/wp-json\/wp\/v2\/media?parent=87915"}],"wp:term":[{"taxonomy":"pwb-brand","embeddable":true,"href":"https:\/\/www.seaflowerstore.com\/de\/wp-json\/wp\/v2\/pwb-brand?post=87915"},{"taxonomy":"product_cat","embeddable":true,"href":"https:\/\/www.seaflowerstore.com\/de\/wp-json\/wp\/v2\/product_cat?post=87915"},{"taxonomy":"product_tag","embeddable":true,"href":"https:\/\/www.seaflowerstore.com\/de\/wp-json\/wp\/v2\/product_tag?post=87915"}],"curies":[{"name":"wp","href":"https:\/\/api.w.org\/{rel}","templated":true}]}}