{"id":87917,"date":"2015-11-28T17:56:00","date_gmt":"2015-11-28T16:56:00","guid":{"rendered":"https:\/\/www.seaflowerstore.com\/nl\/zeobak-100ml-kz\/"},"modified":"2025-07-29T16:28:27","modified_gmt":"2025-07-29T14:28:27","slug":"zeobak-100ml-kz","status":"publish","type":"product","link":"https:\/\/www.seaflowerstore.com\/de\/zeobak-100ml-kz\/","title":{"rendered":"ZEObak -100ml (KZ)"},"content":{"rendered":"<h2>Korallen Zucht ZEObak 100ml contains various bacterial strains<\/h2>\n<p>Hier finden Sie die unverzichtbare Mikroorganismen-L\u00f6sung f\u00fcr eine gesunde, ausgewogene und effiziente Bakterienflora in Ihrem Aquarium. <strong>ZEObak<\/strong> enth\u00e4lt verschiedene Bakterienst\u00e4mme und wirkt am besten in Kombination mit <strong>ZEOfood<\/strong> und <strong>ZEOstart<\/strong>, um das Wachstum von Planktonbakterien zu f\u00f6rdern, die von Korallen aufgenommen werden k\u00f6nnen. Es enth\u00e4lt au\u00dferdem mehrere Bakterienst\u00e4mme, die eine Kette bilden und so zur Reduzierung unerw\u00fcnschter Substanzen beitragen.<\/p>\n<p><strong>Dosierung:<\/strong><\/p>\n<ul>\n<li>1. Direkt ins Becken dosieren.<\/li>\n<li>2. Wenn m\u00f6glich, Absch\u00e4umer kurzzeitig ausschalten.<\/li>\n<li>3. Je nach Belegung des Aquariums ein- bis zweimal w\u00f6chentlich 1 Tropfen pro 100 Liter dosieren.<\/li>\n<\/ul>\n","protected":false},"excerpt":{"rendered":"<p>Korallen Zucht ZEObak contains various bacterial strains<\/p>\n","protected":false},"featured_media":78715,"template":"","meta":[],"pwb-brand":[2159],"product_cat":[1391],"product_tag":[],"class_list":{"0":"post-87917","1":"product","2":"type-product","3":"status-publish","4":"has-post-thumbnail","6":"pwb-brand-korallen-zucht","7":"product_cat-ergaenzungen","9":"first","10":"instock","11":"sale","12":"taxable","13":"shipping-taxable","14":"purchasable","15":"product-type-simple"},"acf":[],"brands":[{"id":2159,"name":"Korallen Zucht","slug":"korallen-zucht"}],"_links":{"self":[{"href":"https:\/\/www.seaflowerstore.com\/de\/wp-json\/wp\/v2\/product\/87917","targetHints":{"allow":["GET"]}}],"collection":[{"href":"https:\/\/www.seaflowerstore.com\/de\/wp-json\/wp\/v2\/product"}],"about":[{"href":"https:\/\/www.seaflowerstore.com\/de\/wp-json\/wp\/v2\/types\/product"}],"wp:featuredmedia":[{"embeddable":true,"href":"https:\/\/www.seaflowerstore.com\/de\/wp-json\/wp\/v2\/media\/78715"}],"wp:attachment":[{"href":"https:\/\/www.seaflowerstore.com\/de\/wp-json\/wp\/v2\/media?parent=87917"}],"wp:term":[{"taxonomy":"pwb-brand","embeddable":true,"href":"https:\/\/www.seaflowerstore.com\/de\/wp-json\/wp\/v2\/pwb-brand?post=87917"},{"taxonomy":"product_cat","embeddable":true,"href":"https:\/\/www.seaflowerstore.com\/de\/wp-json\/wp\/v2\/product_cat?post=87917"},{"taxonomy":"product_tag","embeddable":true,"href":"https:\/\/www.seaflowerstore.com\/de\/wp-json\/wp\/v2\/product_tag?post=87917"}],"curies":[{"name":"wp","href":"https:\/\/api.w.org\/{rel}","templated":true}]}}