{"id":87918,"date":"2015-11-28T17:54:20","date_gmt":"2015-11-28T16:54:20","guid":{"rendered":"https:\/\/www.seaflowerstore.com\/nl\/korallenzucht-zeospur-2-1000-ml\/"},"modified":"2024-03-20T16:33:16","modified_gmt":"2024-03-20T15:33:16","slug":"korallenzucht-zeospur-2-1000-ml","status":"publish","type":"product","link":"https:\/\/www.seaflowerstore.com\/de\/korallenzucht-zeospur-2-1000-ml\/","title":{"rendered":"KorallenZucht ZEOspur 2 &#8211; 1000 ml"},"content":{"rendered":"<h2>KorallenZucht ZEOspur 2 &#8211; 1000 ml to influence the amount of zooxanthellae in the coral tissue<\/h2>\n<p><span class=\"caps\">ZEO<\/span>spur 2 ist ein im Rahmen des ZEOvit\u00ae-Systems kontinuierlich weiterentwickeltes Produkt. Es basiert auf unserer langj\u00e4hrigen Erfahrung in der Haltung farbenpr\u00e4chtiger Korallen.<\/p>\n<p><strong>Da das Produkt hochkonzentriert ist, ist die Dosierungsempfehlung auf dem Etikett unbedingt einzuhalten: 1 ml auf 100 Liter alle 8 bis 10 Tage.<\/strong> Die ersten Ergebnisse sind bereits 24 Stunden nach der Anwendung sichtbar und erreichen nach 48 Stunden ihren H\u00f6hepunkt.<\/p>\n<p>Mit dieser Spurenelementl\u00f6sung k\u00f6nnen Sie die Menge der Zooxanthellen im Korallengewebe wirksam beeinflussen. Durch die Reduzierung der Zooxanthellendichte steht den Korallen mehr Energie f\u00fcr das Wachstum zur Verf\u00fcgung.<\/p>\n<ul>\n<li>Kontrollierte Reduzierung der Zooxanthellendichte f\u00fcr Acropora, Anacropora oder Montipora<\/li>\n<li>Die Verringerung der Zooxanthellen in den \u00e4u\u00dferen Schichten verst\u00e4rkt die Farben aus tieferen Schichten<\/li>\n<li>Hilft, die Farbe stark gef\u00e4rbter Korallen zu erhalten \u2013 empfohlen f\u00fcr jedes Beckensystem<\/li>\n<\/ul>\n","protected":false},"excerpt":{"rendered":"<p>KorallenZucht ZEOspur 2 &#8211; 1000 ml to influence the amount of zooxanthellae in the coral tissue<\/p>\n","protected":false},"featured_media":78714,"template":"","meta":[],"pwb-brand":[2159],"product_cat":[1391],"product_tag":[],"class_list":{"0":"post-87918","1":"product","2":"type-product","3":"status-publish","4":"has-post-thumbnail","6":"pwb-brand-korallen-zucht","7":"product_cat-ergaenzungen","9":"first","10":"outofstock","11":"sale","12":"taxable","13":"shipping-taxable","14":"purchasable","15":"product-type-simple"},"acf":[],"brands":[{"id":2159,"name":"Korallen Zucht","slug":"korallen-zucht"}],"_links":{"self":[{"href":"https:\/\/www.seaflowerstore.com\/de\/wp-json\/wp\/v2\/product\/87918","targetHints":{"allow":["GET"]}}],"collection":[{"href":"https:\/\/www.seaflowerstore.com\/de\/wp-json\/wp\/v2\/product"}],"about":[{"href":"https:\/\/www.seaflowerstore.com\/de\/wp-json\/wp\/v2\/types\/product"}],"wp:featuredmedia":[{"embeddable":true,"href":"https:\/\/www.seaflowerstore.com\/de\/wp-json\/wp\/v2\/media\/78714"}],"wp:attachment":[{"href":"https:\/\/www.seaflowerstore.com\/de\/wp-json\/wp\/v2\/media?parent=87918"}],"wp:term":[{"taxonomy":"pwb-brand","embeddable":true,"href":"https:\/\/www.seaflowerstore.com\/de\/wp-json\/wp\/v2\/pwb-brand?post=87918"},{"taxonomy":"product_cat","embeddable":true,"href":"https:\/\/www.seaflowerstore.com\/de\/wp-json\/wp\/v2\/product_cat?post=87918"},{"taxonomy":"product_tag","embeddable":true,"href":"https:\/\/www.seaflowerstore.com\/de\/wp-json\/wp\/v2\/product_tag?post=87918"}],"curies":[{"name":"wp","href":"https:\/\/api.w.org\/{rel}","templated":true}]}}