{"id":87928,"date":"2015-11-24T17:54:24","date_gmt":"2015-11-24T16:54:24","guid":{"rendered":"https:\/\/www.seaflowerstore.com\/nl\/a-balance-100-ml-kz\/"},"modified":"2024-03-20T16:33:01","modified_gmt":"2024-03-20T15:33:01","slug":"a-balance-100-ml-kz","status":"publish","type":"product","link":"https:\/\/www.seaflowerstore.com\/de\/a-balance-100-ml-kz\/","title":{"rendered":"A-balance &#8211; 100 ml (KZ)"},"content":{"rendered":"<h2>Korallen Zucht A-balance 100 ml Reduces Cyanobacteria rapidly and brings biology back to balance!<\/h2>\n<p>Korallen Zucht A-balance ist auf die effektive Bek\u00e4mpfung von Cyanobakterien ausgelegt und eignet sich besonders gut, um Ungleichgewichte in Meerwasseraquarien kurzfristig auszugleichen. Hier sind einige wichtige Vorteile:<\/p>\n<ul>\n<li>Reduziert Cyanobakterien in nur 2 Tagen, wenn es zusammen mit CyanoClean verwendet wird.<\/li>\n<li>Hilft, das biologische Gleichgewicht Ihres Aquariums wiederherzustellen.<\/li>\n<li>Hilft in F\u00e4llen, in denen Korallen eine basale Gewebenekrose (TN) aufweisen.<\/li>\n<li>Verst\u00e4rkt die gelbe F\u00e4rbung von Acropora-Korallen, wenn es zusammen mit Sponge Power verwendet wird.<\/li>\n<li>Verbessert die Polypenausdehnung f\u00fcr ges\u00fcnderes Korallenwachstum.<\/li>\n<li>Unsch\u00e4dlich f\u00fcr Korallen und alle Beckenbewohner, da es vollst\u00e4ndig durch biologische Prozesse und die Korallen selbst verbraucht wird.<\/li>\n<\/ul>\n<h4><strong>Korallen Zucht A-balance Dosierung:<\/strong><\/h4>\n<p>F\u00fcr optimale Ergebnisse betr\u00e4gt die Anfangsdosis 50 ml pro 100 Liter Wasser. Danach sollten Sie alle 10 Tage 1 ml pro 100 Liter hinzuf\u00fcgen.<\/p>\n","protected":false},"excerpt":{"rendered":"<p>KorallenZucht A-balance 100 ml Reduces Cyanobacteria rapidly and brings biology back to balance!<\/p>\n","protected":false},"featured_media":78699,"template":"","meta":[],"pwb-brand":[2159],"product_cat":[1531,1391],"product_tag":[],"class_list":{"0":"post-87928","1":"product","2":"type-product","3":"status-publish","4":"has-post-thumbnail","6":"pwb-brand-korallen-zucht","7":"product_cat-cyano-kontrolle","8":"product_cat-ergaenzungen","10":"first","11":"instock","12":"sale","13":"taxable","14":"shipping-taxable","15":"purchasable","16":"product-type-simple"},"acf":[],"brands":[{"id":2159,"name":"Korallen Zucht","slug":"korallen-zucht"}],"_links":{"self":[{"href":"https:\/\/www.seaflowerstore.com\/de\/wp-json\/wp\/v2\/product\/87928","targetHints":{"allow":["GET"]}}],"collection":[{"href":"https:\/\/www.seaflowerstore.com\/de\/wp-json\/wp\/v2\/product"}],"about":[{"href":"https:\/\/www.seaflowerstore.com\/de\/wp-json\/wp\/v2\/types\/product"}],"wp:featuredmedia":[{"embeddable":true,"href":"https:\/\/www.seaflowerstore.com\/de\/wp-json\/wp\/v2\/media\/78699"}],"wp:attachment":[{"href":"https:\/\/www.seaflowerstore.com\/de\/wp-json\/wp\/v2\/media?parent=87928"}],"wp:term":[{"taxonomy":"pwb-brand","embeddable":true,"href":"https:\/\/www.seaflowerstore.com\/de\/wp-json\/wp\/v2\/pwb-brand?post=87928"},{"taxonomy":"product_cat","embeddable":true,"href":"https:\/\/www.seaflowerstore.com\/de\/wp-json\/wp\/v2\/product_cat?post=87928"},{"taxonomy":"product_tag","embeddable":true,"href":"https:\/\/www.seaflowerstore.com\/de\/wp-json\/wp\/v2\/product_tag?post=87928"}],"curies":[{"name":"wp","href":"https:\/\/api.w.org\/{rel}","templated":true}]}}