{"id":87930,"date":"2015-11-24T17:30:14","date_gmt":"2015-11-24T16:30:14","guid":{"rendered":"https:\/\/www.seaflowerstore.com\/nl\/stressguard-100ml\/"},"modified":"2024-03-20T16:32:56","modified_gmt":"2024-03-20T15:32:56","slug":"stressguard-100ml","status":"publish","type":"product","link":"https:\/\/www.seaflowerstore.com\/de\/stressguard-100ml\/","title":{"rendered":"StressGuard &#8211; 100ml"},"content":{"rendered":"<h2>Seachem StressGuard 100ml will reduce stress and ammonia toxicity whenever handling or transporting fish<\/h2>\n<p><strong>StressGuard\u2122<\/strong> ist Ihre L\u00f6sung f\u00fcr erstklassigen Schleimhautschutz. Es reduziert effektiv Stress und Ammoniaktoxizit\u00e4t w\u00e4hrend der Handhabung oder des Transports von Fischen. StressGuard\u2122 bindet sich an freiliegende Proteine \u200b\u200bin Wunden, f\u00f6rdert die Heilung und minimiert das Risiko sowohl prim\u00e4rer als auch sekund\u00e4rer Infektionen. Es ist mit allen Medikamenten kompatibel, au\u00dfer solchen, die Kupfer enthalten. Dar\u00fcber hinaus ist StressGuard\u2122 nicht aminbasiert, was bedeutet, dass es die Regeneration von Purigen\u00ae oder HyperSorb\u2122 nicht beeintr\u00e4chtigt. Im Gegensatz zu anderen Konkurrenzprodukten beschichtet StressGuard\u2122 keine Harze und verstopft keine Filtersysteme.<\/p>\n<p><strong>Warum es anders ist<\/strong><\/p>\n<p>Was StressGuard\u2122 auszeichnet, ist seine einzigartige Formel, die proteinaktive Kolloide enth\u00e4lt. Diese Kolloide zielen aktiv auf Wunden, Absch\u00fcrfungen oder alle Bereiche mit freiliegenden Proteinen ab, sodass das Desinfektionsmittel im Produkt direkt an den betroffenen Bereich abgegeben werden kann und den Heilungsprozess ankurbelt. Das aktive Proteinkolloid dient auch als fl\u00fcssiges Pflaster f\u00fcr Absch\u00fcrfungen. Viele Produkte auf dem Markt empfehlen, es beim Kauf eines Fisches in die T\u00fcte zu spritzen, aber diese enthalten oft s\u00e4urehaltige Inhaltsstoffe, die in einer kleinen, geschlossenen Umgebung sch\u00e4dlich sein k\u00f6nnen. Im Gegensatz dazu hat StressGuard\u2122 einen neutralen pH-Wert von 7,0, sodass es den pH-Wert Ihres Aquariums auch bei h\u00f6heren Dosen nicht beeinflusst. Es gibt einfach keine anderen Produkte auf dem Markt, die die Wirksamkeit von StressGuard\u2122 erreichen k\u00f6nnen.<\/p>\n<p><strong>Anwendung<\/strong><\/p>\n<p>F\u00fcr optimale Ergebnisse verwenden Sie t\u00e4glich 1\/2 bis 1 Verschlusskappe (2,5 bis 5 ml) pro 40 l (10 Gallonen), bis Sie Anzeichen von nachlassendem Stress oder vollst\u00e4ndiger Heilung bemerken. Bei Bedarf k\u00f6nnen Sie die Dosis bedenkenlos verdoppeln.<\/p>\n","protected":false},"excerpt":{"rendered":"<p>Stress Guard prevents stress during transport and helps to heal wounds \/ damage.<\/p>\n","protected":false},"featured_media":78697,"template":"","meta":[],"pwb-brand":[2215],"product_cat":[1391],"product_tag":[],"class_list":{"0":"post-87930","1":"product","2":"type-product","3":"status-publish","4":"has-post-thumbnail","6":"pwb-brand-seachem","7":"product_cat-ergaenzungen","9":"first","10":"instock","11":"taxable","12":"shipping-taxable","13":"purchasable","14":"product-type-simple"},"acf":[],"brands":[{"id":2215,"name":"Seachem","slug":"seachem"}],"_links":{"self":[{"href":"https:\/\/www.seaflowerstore.com\/de\/wp-json\/wp\/v2\/product\/87930","targetHints":{"allow":["GET"]}}],"collection":[{"href":"https:\/\/www.seaflowerstore.com\/de\/wp-json\/wp\/v2\/product"}],"about":[{"href":"https:\/\/www.seaflowerstore.com\/de\/wp-json\/wp\/v2\/types\/product"}],"wp:featuredmedia":[{"embeddable":true,"href":"https:\/\/www.seaflowerstore.com\/de\/wp-json\/wp\/v2\/media\/78697"}],"wp:attachment":[{"href":"https:\/\/www.seaflowerstore.com\/de\/wp-json\/wp\/v2\/media?parent=87930"}],"wp:term":[{"taxonomy":"pwb-brand","embeddable":true,"href":"https:\/\/www.seaflowerstore.com\/de\/wp-json\/wp\/v2\/pwb-brand?post=87930"},{"taxonomy":"product_cat","embeddable":true,"href":"https:\/\/www.seaflowerstore.com\/de\/wp-json\/wp\/v2\/product_cat?post=87930"},{"taxonomy":"product_tag","embeddable":true,"href":"https:\/\/www.seaflowerstore.com\/de\/wp-json\/wp\/v2\/product_tag?post=87930"}],"curies":[{"name":"wp","href":"https:\/\/api.w.org\/{rel}","templated":true}]}}