{"id":87931,"date":"2015-11-24T17:27:54","date_gmt":"2015-11-24T16:27:54","guid":{"rendered":"https:\/\/www.seaflowerstore.com\/nl\/phosguard-1000ml\/"},"modified":"2024-03-20T16:32:53","modified_gmt":"2024-03-20T15:32:53","slug":"phosguard-1000ml","status":"publish","type":"product","link":"https:\/\/www.seaflowerstore.com\/de\/phosguard-1000ml\/","title":{"rendered":"PhosGuard &#8211; 1000ml"},"content":{"rendered":"<h2>Seachem PhosGuard &#8211; 500ml has a large capacity for removing phosphates and silicates from seawater or freshwater aquariums<\/h2>\n<p><strong>Seachem PhosGuard<\/strong> ist eine ausgezeichnete Filterl\u00f6sung, die entwickelt wurde, um Phosphate und Silikate sowohl aus Meerwasser- als auch aus S\u00fc\u00dfwasseraquarien effektiv zu entfernen. Sein einzigartiges perlenf\u00f6rmiges Design f\u00f6rdert einen optimalen Wasserfluss, w\u00e4hrend seine au\u00dfergew\u00f6hnliche Porosit\u00e4t seine Filterkapazit\u00e4t verbessert.<\/p>\n<p>Dieses Produkt kann <strong>20 bis 60 mg\/L<\/strong> Phosphate aus bis zu <strong>400 Litern<\/strong> Wasser entfernen und liefert \u00e4hnliche Ergebnisse f\u00fcr Silikate. Sie k\u00f6nnen PhosGuard durchgehend oder in Intervallen verwenden, und es gibt keine zuvor entfernten Phosphate wieder ins Wasser ab.<\/p>\n<p>Jeder Liter PhosGuard kann bis zu <strong>1200 Liter<\/strong> Wasser behandeln. Seine charakteristische Kugelform hilft, Verstopfungen und Kanalbildung zu verhindern, was wiederum sowohl die Durchflussgeschwindigkeit als auch die Medieneffizienz erh\u00f6ht.<\/p>\n","protected":false},"excerpt":{"rendered":"<p>Seachem PhosGuard has a large capacity for removing phosphates and silicates from seawater or freshwater aquariums.<\/p>\n","protected":false},"featured_media":78696,"template":"","meta":[],"pwb-brand":[2215],"product_cat":[1453],"product_tag":[],"class_list":{"0":"post-87931","1":"product","2":"type-product","3":"status-publish","4":"has-post-thumbnail","6":"pwb-brand-seachem","7":"product_cat-nitrat-und-phosphatentferner","9":"first","10":"instock","11":"taxable","12":"shipping-taxable","13":"purchasable","14":"product-type-simple"},"acf":[],"brands":[{"id":2215,"name":"Seachem","slug":"seachem"}],"_links":{"self":[{"href":"https:\/\/www.seaflowerstore.com\/de\/wp-json\/wp\/v2\/product\/87931","targetHints":{"allow":["GET"]}}],"collection":[{"href":"https:\/\/www.seaflowerstore.com\/de\/wp-json\/wp\/v2\/product"}],"about":[{"href":"https:\/\/www.seaflowerstore.com\/de\/wp-json\/wp\/v2\/types\/product"}],"wp:featuredmedia":[{"embeddable":true,"href":"https:\/\/www.seaflowerstore.com\/de\/wp-json\/wp\/v2\/media\/78696"}],"wp:attachment":[{"href":"https:\/\/www.seaflowerstore.com\/de\/wp-json\/wp\/v2\/media?parent=87931"}],"wp:term":[{"taxonomy":"pwb-brand","embeddable":true,"href":"https:\/\/www.seaflowerstore.com\/de\/wp-json\/wp\/v2\/pwb-brand?post=87931"},{"taxonomy":"product_cat","embeddable":true,"href":"https:\/\/www.seaflowerstore.com\/de\/wp-json\/wp\/v2\/product_cat?post=87931"},{"taxonomy":"product_tag","embeddable":true,"href":"https:\/\/www.seaflowerstore.com\/de\/wp-json\/wp\/v2\/product_tag?post=87931"}],"curies":[{"name":"wp","href":"https:\/\/api.w.org\/{rel}","templated":true}]}}