{"id":87933,"date":"2015-11-24T17:19:44","date_gmt":"2015-11-24T16:19:44","guid":{"rendered":"https:\/\/www.seaflowerstore.com\/nl\/phosguard-500ml\/"},"modified":"2024-03-20T16:32:48","modified_gmt":"2024-03-20T15:32:48","slug":"phosguard-500ml","status":"publish","type":"product","link":"https:\/\/www.seaflowerstore.com\/de\/phosguard-500ml\/","title":{"rendered":"PhosGuard &#8211; 500ml"},"content":{"rendered":"<h2>Seachem PhosGuard &#8211; 500ml has a large capacity for removing phosphates and silicates from seawater or freshwater aquariums<\/h2>\n<p>Seachem PhosGuard ist ein hochwirksames Filterprodukt, das Phosphate und Silikate sowohl aus Meerwasser- als auch aus S\u00fc\u00dfwasseraquarien effizient entfernt. Sein einzigartiges perlenf\u00f6rmiges Design f\u00f6rdert einen optimalen Wasserfluss und verbessert seine au\u00dfergew\u00f6hnliche Porosit\u00e4t, wodurch es eine erh\u00f6hte Filterkapazit\u00e4t hat.<\/p>\n<p>Dieses Produkt kann effektiv zwischen 20 und 60 mg\/l Phosphate aus 400 Litern Wasser entfernen und erzielt \u00e4hnliche Ergebnisse mit Silikaten. Sie k\u00f6nnen PhosGuard kontinuierlich oder in Intervallen verwenden und m\u00fcssen sich keine Sorgen machen, dass entfernte Phosphate wieder ins Wasser gelangen.<\/p>\n<p>Jeder Liter PhosGuard kann bis zu 1200 Liter Wasser behandeln. Dank seiner innovativen Kugelform verhindert PhosGuard Verstopfungen und Kanalbildung, was wiederum die Durchflussgeschwindigkeit und die Gesamteffizienz des Mediums erh\u00f6ht.<\/p>\n","protected":false},"excerpt":{"rendered":"<p>Seachem PhosGuard has a large capacity for removing phosphates and silicates from seawater or freshwater aquariums.<\/p>\n","protected":false},"featured_media":78692,"template":"","meta":[],"pwb-brand":[2215],"product_cat":[1453],"product_tag":[],"class_list":{"0":"post-87933","1":"product","2":"type-product","3":"status-publish","4":"has-post-thumbnail","6":"pwb-brand-seachem","7":"product_cat-nitrat-und-phosphatentferner","9":"first","10":"instock","11":"taxable","12":"shipping-taxable","13":"purchasable","14":"product-type-simple"},"acf":[],"brands":[{"id":2215,"name":"Seachem","slug":"seachem"}],"_links":{"self":[{"href":"https:\/\/www.seaflowerstore.com\/de\/wp-json\/wp\/v2\/product\/87933","targetHints":{"allow":["GET"]}}],"collection":[{"href":"https:\/\/www.seaflowerstore.com\/de\/wp-json\/wp\/v2\/product"}],"about":[{"href":"https:\/\/www.seaflowerstore.com\/de\/wp-json\/wp\/v2\/types\/product"}],"wp:featuredmedia":[{"embeddable":true,"href":"https:\/\/www.seaflowerstore.com\/de\/wp-json\/wp\/v2\/media\/78692"}],"wp:attachment":[{"href":"https:\/\/www.seaflowerstore.com\/de\/wp-json\/wp\/v2\/media?parent=87933"}],"wp:term":[{"taxonomy":"pwb-brand","embeddable":true,"href":"https:\/\/www.seaflowerstore.com\/de\/wp-json\/wp\/v2\/pwb-brand?post=87933"},{"taxonomy":"product_cat","embeddable":true,"href":"https:\/\/www.seaflowerstore.com\/de\/wp-json\/wp\/v2\/product_cat?post=87933"},{"taxonomy":"product_tag","embeddable":true,"href":"https:\/\/www.seaflowerstore.com\/de\/wp-json\/wp\/v2\/product_tag?post=87933"}],"curies":[{"name":"wp","href":"https:\/\/api.w.org\/{rel}","templated":true}]}}