{"id":87934,"date":"2015-11-24T17:16:38","date_gmt":"2015-11-24T16:16:38","guid":{"rendered":"https:\/\/www.seaflowerstore.com\/nl\/clarity-250ml\/"},"modified":"2024-03-20T16:32:47","modified_gmt":"2024-03-20T15:32:47","slug":"clarity-250ml","status":"publish","type":"product","link":"https:\/\/www.seaflowerstore.com\/de\/clarity-250ml\/","title":{"rendered":"Clarity &#8211; 250ml"},"content":{"rendered":"<h2>Seachem Clarity &#8211; 250ml is the ultimate clarifier for both fresh and saltwater<\/h2>\n<p><strong>Clarity\u2122<\/strong> ist das ultimative Kl\u00e4rmittel f\u00fcr S\u00fc\u00df- und Salzwasser. Es verwendet ein fortschrittliches polymeres Flockungsmittel, das sowohl f\u00fcr Riffe als auch f\u00fcr Pflanzen sicher ist. Clarity\u2122 ist das einzige verf\u00fcgbare Kl\u00e4rmittel, das alle Arten von Tr\u00fcbungen beseitigen kann! Es beseitigt effektiv verschiedene Arten von Tr\u00fcbungen, einschlie\u00dflich chemischer Tr\u00fcbungen und partikul\u00e4rer Tr\u00fcbungen, wie sie beispielsweise durch aufgewirbelte Kiesbetten verursacht werden. Dieses Produkt ist f\u00fcr S\u00fc\u00df- und Meeresumgebungen geeignet und sowohl f\u00fcr Pflanzen als auch f\u00fcr Riffe sicher.<\/p>\n<h3>Warum es anders ist<\/h3>\n<p>Viele Unternehmen bieten mehrere Produkte f\u00fcr verschiedene Arten von Tr\u00fcbungen und Umgebungen (z. B. S\u00fc\u00dfwasser, Meer, Riff usw.) an. W\u00e4hrend einige Produkte entwickelt haben, die die meisten Arten von Tr\u00fcbungen beseitigen k\u00f6nnen, sind daf\u00fcr oft zwei separate Flaschen erforderlich. Im Gegensatz dazu enth\u00e4lt Clarity Verbindungen, die alle Arten von Tr\u00fcbungen in allen Umgebungen beseitigen k\u00f6nnen. Clarity vereint sowohl F\u00e4llungs- als auch Flockungsmittel in einer einzigen Flasche und erm\u00f6glicht es Benutzern, alle Arten von Tr\u00fcbungen mit nur einer Dosis zu entfernen.<\/p>\n<h3>So funktioniert es<\/h3>\n<div>Eine Simulation des Flockungsmittels von Clarity bei der Arbeit. Sobald sich winzige Materiepartikel verklumpt haben, wird das Entfernen der R\u00fcckst\u00e4nde zu einem einfachen Prozess der mechanischen Filterung.<\/div>\n<p>Wenn Sie Clarity\u2122 dem Wasser hinzuf\u00fcgen, bemerken Sie m\u00f6glicherweise, dass sich ein tr\u00fcber Dunst bildet. Dies ist v\u00f6llig normal und zeigt an, dass Clarity\u2122 seine Arbeit zu tun beginnt. Das Wasser ist mit winzigen Partikeln gef\u00fcllt, die mit blo\u00dfem Auge nicht sichtbar sind. Clarity\u2122 hilft diesen Partikeln, sich zu verklumpen und gr\u00f6\u00dfere St\u00fccke zu bilden, die sichtbar werden, was der Grund f\u00fcr die anf\u00e4ngliche Tr\u00fcbung ist. Nachdem die Partikel verklumpt sind, sind sie gro\u00df genug, um vom Filtermedium aufgefangen zu werden, was die Filterung erleichtert.<\/p>\n<h3>Anleitung<\/h3>\n<p>Verwenden Sie 1 Verschlusskappe (5 ml) pro 80 l (20 Gallonen*). In einigen F\u00e4llen kann die Tr\u00fcbung nach der Zugabe von Clarity\u2122 leicht zunehmen, was normal ist und ein Zeichen daf\u00fcr, dass Clarity\u2122 aktiv arbeitet. Sie k\u00f6nnen mit einer schnellen Kl\u00e4rung rechnen. Wenn Sie eine Tr\u00fcbung durch Chemikalien oder Partikel feststellen, reinigen Sie unbedingt die Filterwatte oder -kartusche, sobald der Tank klar ist. (Hinweis: Die Verschlusskappen f\u00fcr die 2-l- und 4-l-Beh\u00e4lter sind 10 ml gro\u00df.)<\/p>\n","protected":false},"excerpt":{"rendered":"<p>Seachem Clarity &#8211; 250ml is the ultimate clarifier for both fresh and saltwater<\/p>\n","protected":false},"featured_media":78690,"template":"","meta":[],"pwb-brand":[2215],"product_cat":[1391],"product_tag":[],"class_list":{"0":"post-87934","1":"product","2":"type-product","3":"status-publish","4":"has-post-thumbnail","6":"pwb-brand-seachem","7":"product_cat-ergaenzungen","9":"first","10":"instock","11":"taxable","12":"shipping-taxable","13":"purchasable","14":"product-type-simple"},"acf":[],"brands":[{"id":2215,"name":"Seachem","slug":"seachem"}],"_links":{"self":[{"href":"https:\/\/www.seaflowerstore.com\/de\/wp-json\/wp\/v2\/product\/87934","targetHints":{"allow":["GET"]}}],"collection":[{"href":"https:\/\/www.seaflowerstore.com\/de\/wp-json\/wp\/v2\/product"}],"about":[{"href":"https:\/\/www.seaflowerstore.com\/de\/wp-json\/wp\/v2\/types\/product"}],"wp:featuredmedia":[{"embeddable":true,"href":"https:\/\/www.seaflowerstore.com\/de\/wp-json\/wp\/v2\/media\/78690"}],"wp:attachment":[{"href":"https:\/\/www.seaflowerstore.com\/de\/wp-json\/wp\/v2\/media?parent=87934"}],"wp:term":[{"taxonomy":"pwb-brand","embeddable":true,"href":"https:\/\/www.seaflowerstore.com\/de\/wp-json\/wp\/v2\/pwb-brand?post=87934"},{"taxonomy":"product_cat","embeddable":true,"href":"https:\/\/www.seaflowerstore.com\/de\/wp-json\/wp\/v2\/product_cat?post=87934"},{"taxonomy":"product_tag","embeddable":true,"href":"https:\/\/www.seaflowerstore.com\/de\/wp-json\/wp\/v2\/product_tag?post=87934"}],"curies":[{"name":"wp","href":"https:\/\/api.w.org\/{rel}","templated":true}]}}