{"id":87935,"date":"2015-11-24T17:11:55","date_gmt":"2015-11-24T16:11:55","guid":{"rendered":"https:\/\/www.seaflowerstore.com\/nl\/clarity-100ml\/"},"modified":"2024-03-20T16:32:45","modified_gmt":"2024-03-20T15:32:45","slug":"clarity-100ml","status":"publish","type":"product","link":"https:\/\/www.seaflowerstore.com\/de\/clarity-100ml\/","title":{"rendered":"Clarity &#8211; 100ml"},"content":{"rendered":"<h2>Seachem Clarity &#8211; 100ml is the ultimate clarifier for both fresh and saltwater<\/h2>\n<p><strong>Clarity\u2122<\/strong> ist Ihr Kl\u00e4rmittel f\u00fcr S\u00fc\u00df- und Salzwasser. Es verwendet ein fortschrittliches polymeres Flockungsmittel, das sowohl f\u00fcr Riffe als auch f\u00fcr Pflanzen sicher ist. Was Clarity\u2122 auszeichnet, ist, dass es das einzige Kl\u00e4rmittel auf dem Markt ist, das alles kann! Clarity\u2122 beseitigt effektiv verschiedene Arten von Tr\u00fcbungen, einschlie\u00dflich chemischer und partikul\u00e4rer Tr\u00fcbungen (wie sie beispielsweise durch aufgewirbelte Kiesbetten verursacht werden). Es ist sowohl f\u00fcr S\u00fc\u00df- als auch f\u00fcr Meerwasseraquarien geeignet und sicher f\u00fcr Pflanzen und Riffe.<\/p>\n<h3>Warum es anders ist<\/h3>\n<p>Viele Unternehmen bieten mehrere Produkte an, um jede Art von Tr\u00fcbung in verschiedenen Umgebungen (z. B. S\u00fc\u00dfwasser, Meerwasser, Riff usw.) zu bek\u00e4mpfen. W\u00e4hrend einige Unternehmen Produkte entwickelt haben, die die meisten Arten von Tr\u00fcbungen behandeln, erfordern sie oft die Verwendung von zwei separaten Flaschen. Clarity\u2122 sticht hervor, weil es Verbindungen enth\u00e4lt, die alle Arten von Tr\u00fcbungen in jeder Umgebung beseitigen k\u00f6nnen. Da sowohl F\u00e4llungs- als auch Flockungsmittel in einer einzigen Flasche kombiniert sind, k\u00f6nnen Sie jede Tr\u00fcbung mit nur einer Dosis entfernen.<\/p>\n<h3>So funktioniert es<\/h3>\n<div>Eine Simulation des Flockungsmittels von Clarity\u2122 bei der Arbeit. Sobald sich winzige Materiepartikel verklumpt haben, k\u00f6nnen die R\u00fcckst\u00e4nde einfach durch mechanische Filterung entfernt werden.<\/div>\n<p>Wenn Sie Clarity\u2122 zu Ihrem Wasser hinzuf\u00fcgen, bemerken Sie m\u00f6glicherweise, dass sich ein tr\u00fcber Dunst bildet. Dies ist v\u00f6llig normal und zeigt an, dass Clarity\u2122 zu wirken beginnt. Das Wasser enth\u00e4lt winzige schwimmende Materiest\u00fccke, die mit blo\u00dfem Auge nicht sichtbar sind. Clarity\u2122 hilft diesen Partikeln, sich zu verklumpen und gr\u00f6\u00dfere St\u00fccke zu bilden, die sichtbar werden und zu der vor\u00fcbergehenden Tr\u00fcbung f\u00fchren. Sobald sich diese Partikel verklumpt haben, ist das Entfernen der R\u00fcckst\u00e4nde eine einfache Sache der mechanischen Filterung. Partikel, die vorher zu klein waren, um im Filtermedium aufgefangen zu werden, sind jetzt gro\u00df genug, um effektiv herausgefiltert zu werden.<\/p>\n<h3>Anleitung<\/h3>\n<p>Verwenden Sie 1 Verschlusskappe (5 ml) pro 80 l (20 Gallonen). In manchen F\u00e4llen kann es sein, dass die Tr\u00fcbung nach Zugabe von Clarity\u2122 leicht zunimmt; das ist normal und zeigt, dass Clarity\u2122 aktiv arbeitet. Eine schnelle Kl\u00e4rung wird folgen. Wenn Sie eine Tr\u00fcbung durch Chemikalien oder Partikel feststellen, reinigen Sie unbedingt Ihre Filterwatte oder -kartusche, nachdem der Tank geleert wurde. (Hinweis: Bei den 2- und 4-l-Beh\u00e4ltern betr\u00e4gt die Verschlusskappe 10 ml.)<\/p>\n","protected":false},"excerpt":{"rendered":"<p>Seachem Clarity &#8211; 100ml is the ultimate clarifier for both fresh and saltwater<\/p>\n","protected":false},"featured_media":78688,"template":"","meta":[],"pwb-brand":[2215],"product_cat":[1391],"product_tag":[],"class_list":{"0":"post-87935","1":"product","2":"type-product","3":"status-publish","4":"has-post-thumbnail","6":"pwb-brand-seachem","7":"product_cat-ergaenzungen","9":"first","10":"instock","11":"taxable","12":"shipping-taxable","13":"purchasable","14":"product-type-simple"},"acf":[],"brands":[{"id":2215,"name":"Seachem","slug":"seachem"}],"_links":{"self":[{"href":"https:\/\/www.seaflowerstore.com\/de\/wp-json\/wp\/v2\/product\/87935","targetHints":{"allow":["GET"]}}],"collection":[{"href":"https:\/\/www.seaflowerstore.com\/de\/wp-json\/wp\/v2\/product"}],"about":[{"href":"https:\/\/www.seaflowerstore.com\/de\/wp-json\/wp\/v2\/types\/product"}],"wp:featuredmedia":[{"embeddable":true,"href":"https:\/\/www.seaflowerstore.com\/de\/wp-json\/wp\/v2\/media\/78688"}],"wp:attachment":[{"href":"https:\/\/www.seaflowerstore.com\/de\/wp-json\/wp\/v2\/media?parent=87935"}],"wp:term":[{"taxonomy":"pwb-brand","embeddable":true,"href":"https:\/\/www.seaflowerstore.com\/de\/wp-json\/wp\/v2\/pwb-brand?post=87935"},{"taxonomy":"product_cat","embeddable":true,"href":"https:\/\/www.seaflowerstore.com\/de\/wp-json\/wp\/v2\/product_cat?post=87935"},{"taxonomy":"product_tag","embeddable":true,"href":"https:\/\/www.seaflowerstore.com\/de\/wp-json\/wp\/v2\/product_tag?post=87935"}],"curies":[{"name":"wp","href":"https:\/\/api.w.org\/{rel}","templated":true}]}}