{"id":87960,"date":"2015-11-14T12:08:26","date_gmt":"2015-11-14T11:08:26","guid":{"rendered":"https:\/\/www.seaflowerstore.com\/nl\/ultra-lps-grow-and-color-l-100ml-fauna-marin\/"},"modified":"2024-03-20T16:32:40","modified_gmt":"2024-03-20T15:32:40","slug":"ultra-lps-grow-and-color-l-100ml-fauna-marin","status":"publish","type":"product","link":"https:\/\/www.seaflowerstore.com\/de\/ultra-lps-grow-and-color-l-100ml-fauna-marin\/","title":{"rendered":"Ultra LPS Grow and Color L &#8211; 100ml. (Fauna Marin)"},"content":{"rendered":"<h2>Fauna Marin LPS Grow and Color L &#8211; 100ml<\/h2>\n<p><strong>Gr\u00f6\u00dfere K\u00f6rner im Vergleich zu M<\/strong><\/p>\n<p>Fauna Marin Ultra LPS Grow &#038; Color wurde speziell entwickelt, um gro\u00dfpolypige Steinkorallen (LPS) und Azoox-Korallen gesund und lebendig zu halten. Dieses Produkt ist vollgepackt mit einzigartigen Spurenelementen und organischen Substanzen, die sch\u00f6ne Farben und schnelleres Wachstum bei Korallen f\u00f6rdern. Dar\u00fcber hinaus enth\u00e4lt es Roh\u00f6l aus Plankton, das aufgrund seines hohen Proteingehalts sowohl das Wachstum als auch die Farbbest\u00e4ndigkeit verbessert. Ultra LPS Grow stimuliert eine starke N\u00e4hrstoffreaktion bei Korallen, sodass diese die Nahrung schnell aufnehmen k\u00f6nnen.<\/p>\n<h3 style=\"font-family: YanoneKaffeesatzLight, Helvetica, Arial, sans-serif;line-height: 1.1em;color: #2358a6;\">FUTTERUNGSTIPPS<\/h3>\n<ul>\n<li>F\u00fcttern Sie Ihre LPS-Korallen zweimal w\u00f6chentlich mit den Fauna Marin Ultra LPS Grow &#038; Color-Pellets.<\/li>\n<li>Schalten Sie alle Str\u00f6mungspumpen aus (oder wechseln Sie in den F\u00fctterungsmodus) und geben Sie der Koralle ein bis zwei K\u00f6rner pro Polyp.<\/li>\n<\/ul>\n<h3 style=\"font-family: YanoneKaffeesatzLight, Helvetica, Arial, sans-serif;line-height: 1.1em;color: #2358a6;\">ZUTATEN<\/h3>\n<ul>\n<li>Proteine 75 %, Kohlenhydrate 12 %, Fette 8 %, Meeresproteine, Lipide.<\/li>\n<li>Omega-3-Fetts\u00e4uren, Meeres\u00f6l, Antioxidantien, Spurenelemente, marine organische Substanzen.<\/li>\n<li>Nicht f\u00fcr den menschlichen Verzehr geeignet.<\/li>\n<\/ul>\n","protected":false},"excerpt":{"rendered":"<p>Fauna Marin LPS Grow and Color L Specially developed for keeping Large Polyp Stony (LPS) and Azoox (without zooxanthellae) corals healthy and on color<\/p>\n","protected":false},"featured_media":83465,"template":"","meta":[],"pwb-brand":[2177],"product_cat":[1436,1437],"product_tag":[],"class_list":{"0":"post-87960","1":"product","2":"type-product","3":"status-publish","4":"has-post-thumbnail","6":"pwb-brand-fauna-marin","7":"product_cat-korallenfutter","8":"product_cat-fauna-marin-de","10":"first","11":"outofstock","12":"taxable","13":"shipping-taxable","14":"purchasable","15":"product-type-simple"},"acf":[],"brands":[{"id":2177,"name":"Fauna Marin","slug":"fauna-marin"}],"_links":{"self":[{"href":"https:\/\/www.seaflowerstore.com\/de\/wp-json\/wp\/v2\/product\/87960","targetHints":{"allow":["GET"]}}],"collection":[{"href":"https:\/\/www.seaflowerstore.com\/de\/wp-json\/wp\/v2\/product"}],"about":[{"href":"https:\/\/www.seaflowerstore.com\/de\/wp-json\/wp\/v2\/types\/product"}],"wp:featuredmedia":[{"embeddable":true,"href":"https:\/\/www.seaflowerstore.com\/de\/wp-json\/wp\/v2\/media\/83465"}],"wp:attachment":[{"href":"https:\/\/www.seaflowerstore.com\/de\/wp-json\/wp\/v2\/media?parent=87960"}],"wp:term":[{"taxonomy":"pwb-brand","embeddable":true,"href":"https:\/\/www.seaflowerstore.com\/de\/wp-json\/wp\/v2\/pwb-brand?post=87960"},{"taxonomy":"product_cat","embeddable":true,"href":"https:\/\/www.seaflowerstore.com\/de\/wp-json\/wp\/v2\/product_cat?post=87960"},{"taxonomy":"product_tag","embeddable":true,"href":"https:\/\/www.seaflowerstore.com\/de\/wp-json\/wp\/v2\/product_tag?post=87960"}],"curies":[{"name":"wp","href":"https:\/\/api.w.org\/{rel}","templated":true}]}}