{"id":87961,"date":"2015-11-14T12:00:16","date_gmt":"2015-11-14T12:00:16","guid":{"rendered":"https:\/\/www.seaflowerstore.com\/nl\/lps-grow-and-color-m-100ml-fauna-marin\/"},"modified":"2024-03-20T16:32:39","modified_gmt":"2024-03-20T15:32:39","slug":"lps-grow-and-color-m-100ml-fauna-marin","status":"publish","type":"product","link":"https:\/\/www.seaflowerstore.com\/de\/lps-grow-and-color-m-100ml-fauna-marin\/","title":{"rendered":"LPS Grow and Color M &#8211; 100ml. (Fauna Marin)"},"content":{"rendered":"<h2>Fauna Marin LPS Grow and Color M &#8211; 100ml<\/h2>\n<p><strong>0,8-1 mm gro\u00dfes Futter<\/strong><\/p>\n<p>Unser speziell formuliertes Futter kombiniert nat\u00fcrliches Plankton mit einzigartigen Proteinen, um den Erfolg zu gew\u00e4hrleisten. Es wurde speziell f\u00fcr die Erhaltung lebendiger LPS-Korallen und anderer Azoox-Korallen entwickelt.<\/p>\n<p><strong>Dosierungsempfehlung:<\/strong> F\u00fcttern Sie die Partikel zwei Mal pro Woche direkt an die Korallen. Bitte schalten Sie Ihre Pumpen aus und platzieren Sie ein Partikel neben dem Polypen jeder Koralle.<\/p>\n<p><strong>Inhalt:<\/strong> Proteine \u200b\u200b75 %, Kohlenhydrate 12 %, Fette 8 %, Meeresproteine, Lipide, Omega-3-Fetts\u00e4uren, Meeres\u00f6le, Antioxidantien, Spurenelemente, marine organische Elemente.<\/p>\n","protected":false},"excerpt":{"rendered":"<p>Fauna Marin LPS Grow and Color M has been specially developed for the healthy and keeping color of Large Polyp Stony (LPS) and Azoox (without zooxanthellae) corals<\/p>\n","protected":false},"featured_media":83466,"template":"","meta":[],"pwb-brand":[2177],"product_cat":[1436,1437],"product_tag":[],"class_list":{"0":"post-87961","1":"product","2":"type-product","3":"status-publish","4":"has-post-thumbnail","6":"pwb-brand-fauna-marin","7":"product_cat-korallenfutter","8":"product_cat-fauna-marin-de","10":"first","11":"outofstock","12":"taxable","13":"shipping-taxable","14":"purchasable","15":"product-type-simple"},"acf":[],"brands":[{"id":2177,"name":"Fauna Marin","slug":"fauna-marin"}],"_links":{"self":[{"href":"https:\/\/www.seaflowerstore.com\/de\/wp-json\/wp\/v2\/product\/87961","targetHints":{"allow":["GET"]}}],"collection":[{"href":"https:\/\/www.seaflowerstore.com\/de\/wp-json\/wp\/v2\/product"}],"about":[{"href":"https:\/\/www.seaflowerstore.com\/de\/wp-json\/wp\/v2\/types\/product"}],"wp:featuredmedia":[{"embeddable":true,"href":"https:\/\/www.seaflowerstore.com\/de\/wp-json\/wp\/v2\/media\/83466"}],"wp:attachment":[{"href":"https:\/\/www.seaflowerstore.com\/de\/wp-json\/wp\/v2\/media?parent=87961"}],"wp:term":[{"taxonomy":"pwb-brand","embeddable":true,"href":"https:\/\/www.seaflowerstore.com\/de\/wp-json\/wp\/v2\/pwb-brand?post=87961"},{"taxonomy":"product_cat","embeddable":true,"href":"https:\/\/www.seaflowerstore.com\/de\/wp-json\/wp\/v2\/product_cat?post=87961"},{"taxonomy":"product_tag","embeddable":true,"href":"https:\/\/www.seaflowerstore.com\/de\/wp-json\/wp\/v2\/product_tag?post=87961"}],"curies":[{"name":"wp","href":"https:\/\/api.w.org\/{rel}","templated":true}]}}