{"id":87962,"date":"2015-11-14T11:57:35","date_gmt":"2015-11-14T10:57:35","guid":{"rendered":"https:\/\/www.seaflowerstore.com\/nl\/fauna-marin-coral-dust-100ml\/"},"modified":"2024-03-20T16:32:38","modified_gmt":"2024-03-20T15:32:38","slug":"fauna-marin-coral-dust-100ml","status":"publish","type":"product","link":"https:\/\/www.seaflowerstore.com\/de\/fauna-marin-coral-dust-100ml\/","title":{"rendered":"Fauna Marin Coral Dust 100ml"},"content":{"rendered":"<h2>Fauna Marin Coral Dust 100ml Natural food particles for keeping colorful Ric\u00b4s, Discosoma and small polyp corals<\/h2>\n<p><strong>Fauna Marin Coral Dust<\/strong> ist eine fantastische nat\u00fcrliche Nahrungsquelle f\u00fcr die Erhaltung lebendiger Ricordea-, Discosoma- und kleinpolypiger Korallen wie Goniopora und anderer. Dieses Produkt ist einfach zu verwenden und liefert wichtige N\u00e4hrstoffe f\u00fcr Ihre Wasserfreunde.<\/p>\n<p><strong>Dosierungsanleitung:<\/strong><\/p>\n<ul>\n<li>Mischen Sie f\u00fcr ein 50-Gallonen-Aquarium <strong>10 ml Ric\/Zoa Food<\/strong> mit <strong>10 ml Ultramin D<\/strong>.<\/li>\n<li>R\u00fchren Sie die Mischung um und lassen Sie sie <strong>15 Minuten<\/strong> stehen.<\/li>\n<li>F\u00fcttern Sie nach M\u00f6glichkeit mehrmals t\u00e4glich in kleinen Mengen, aber \u00fcberschreiten Sie nicht <strong>10 ml der Mischung<\/strong> auf 50 Gallonen.<\/li>\n<li>Zu Beginn ist es ratsam, weniger zu verwenden und die Reaktion der Tiere zu beobachten.<\/li>\n<li>Zum F\u00fcttern kann eine Spritze verwendet werden, und das Futter kann auch als Trockenfutter verabreicht werden.<\/li>\n<li>Zur Verwendung als Trockenfutter geben Sie <strong>1\/4 Teel\u00f6ffel<\/strong> in Aquarienwasser, mischen Sie gut und dosieren Sie diese Menge f\u00fcr einen 50-Gallonen-Tank. <strong>Nicht \u00fcberdosieren!<\/strong><\/li>\n<\/ul>\n<p><strong>Zusatzstoffe pro kg:<\/strong><\/p>\n<ul>\n<li>Vitamine<\/li>\n<li>Vitamin D3 (E671) &#8211; 1000 I.E.<\/li>\n<li>Spurenelemente (E1) &#8211; 45 mg<\/li>\n<li>Eisensulfat: Monohydrat (E2) &#8211; 2 mg<\/li>\n<li>Calciumjodat (E4) &#8211; 6 mg<\/li>\n<li>Kupfersulfat-Pentahydrat (E5) &#8211; 17 mg<\/li>\n<li>Mangansulfat-Monohydrat (E6) &#8211; 112 mg<\/li>\n<li>Zinksulfat-Monohydrat<\/li>\n<li>Antioxidantien &#8211; 280 mg<\/li>\n<li>Andere europ\u00e4ische Zusatzstoffe<\/li>\n<\/ul>\n<p><strong>Zutaten:<\/strong><\/p>\n<ul>\n<li>Plankton<\/li>\n<li>Fisch\/Garnelen und Fischnebenprodukte<\/li>\n<li>\u00d6l<\/li>\n<li>Meereslipide<\/li>\n<li>Algen (5%)<\/li>\n<li>Meeresproteine<\/li>\n<li>Biopolymere<\/li>\n<\/ul>\n<p><strong>N\u00e4hrstoffzusammensetzung:<\/strong><\/p>\n<ul>\n<li>Protein: 68 %<\/li>\n<li>Kohlenhydrate: 8 %<\/li>\n<li>Meereslipide: 22 %<\/li>\n<li>Spurenelemente<\/li>\n<li>Meeresbiopolymere<\/li>\n<\/ul>\n<p>Dieses Produkt ist nur f\u00fcr die Verwendung im Aquarium bestimmt. Viel Spa\u00df beim Schaffen einer bl\u00fchenden und farbenfrohen Unterwasserumgebung f\u00fcr Ihre Korallen!<\/p>\n","protected":false},"excerpt":{"rendered":"<p>Fauna Marin Coral Dust 100ml Natural food particles for keeping colorful Ric\u00b4s , Discosoma and small polyp corals<\/p>\n","protected":false},"featured_media":78630,"template":"","meta":[],"pwb-brand":[2177],"product_cat":[1436,1437],"product_tag":[],"class_list":{"0":"post-87962","1":"product","2":"type-product","3":"status-publish","4":"has-post-thumbnail","6":"pwb-brand-fauna-marin","7":"product_cat-korallenfutter","8":"product_cat-fauna-marin-de","10":"first","11":"outofstock","12":"taxable","13":"shipping-taxable","14":"purchasable","15":"product-type-simple"},"acf":[],"brands":[{"id":2177,"name":"Fauna Marin","slug":"fauna-marin"}],"_links":{"self":[{"href":"https:\/\/www.seaflowerstore.com\/de\/wp-json\/wp\/v2\/product\/87962","targetHints":{"allow":["GET"]}}],"collection":[{"href":"https:\/\/www.seaflowerstore.com\/de\/wp-json\/wp\/v2\/product"}],"about":[{"href":"https:\/\/www.seaflowerstore.com\/de\/wp-json\/wp\/v2\/types\/product"}],"wp:featuredmedia":[{"embeddable":true,"href":"https:\/\/www.seaflowerstore.com\/de\/wp-json\/wp\/v2\/media\/78630"}],"wp:attachment":[{"href":"https:\/\/www.seaflowerstore.com\/de\/wp-json\/wp\/v2\/media?parent=87962"}],"wp:term":[{"taxonomy":"pwb-brand","embeddable":true,"href":"https:\/\/www.seaflowerstore.com\/de\/wp-json\/wp\/v2\/pwb-brand?post=87962"},{"taxonomy":"product_cat","embeddable":true,"href":"https:\/\/www.seaflowerstore.com\/de\/wp-json\/wp\/v2\/product_cat?post=87962"},{"taxonomy":"product_tag","embeddable":true,"href":"https:\/\/www.seaflowerstore.com\/de\/wp-json\/wp\/v2\/product_tag?post=87962"}],"curies":[{"name":"wp","href":"https:\/\/api.w.org\/{rel}","templated":true}]}}