{"id":87963,"date":"2015-11-14T11:02:39","date_gmt":"2015-11-14T10:02:39","guid":{"rendered":"https:\/\/www.seaflowerstore.com\/nl\/nutrimarine-lps-125ml\/"},"modified":"2024-03-20T16:32:37","modified_gmt":"2024-03-20T15:32:37","slug":"nutrimarine-lps-125ml","status":"publish","type":"product","link":"https:\/\/www.seaflowerstore.com\/de\/nutrimarine-lps-125ml\/","title":{"rendered":"NutriMarine LPS &#8211; 125ml"},"content":{"rendered":"<h2>NutriMarine LPS &#8211; 125ml<\/h2>\n<p><strong>Das Alleinfutter f\u00fcr gro\u00dfpolypige Steinkorallen<\/strong><\/p>\n<p>NutriMarine LPS wurde entwickelt, um gro\u00dfpolypige Steinkorallen mit lebenswichtigen N\u00e4hrstoffen zu versorgen. Die Partikelgr\u00f6\u00dfe liegt zwischen <strong>0,6 &#8211; 0,9 mm<\/strong>.<\/p>\n<p><strong>F\u00fctterungsempfehlung:<\/strong><\/p>\n<ul>\n<li>Zweimal w\u00f6chentlich in kleinen Portionen f\u00fcttern.<\/li>\n<li>Kann direkt zugegeben oder bei Bl\u00e4hungen ins Aquarienwasser gemischt werden.<\/li>\n<li>F\u00fcr eine gezielte F\u00fctterung eine Pipette verwenden.<\/li>\n<\/ul>\n<p><strong>Zusatzstoffe pro kg:<\/strong><\/p>\n<ul>\n<li><strong>Vitamine:<\/strong> Vitamin D3 (E671) 1000 I.E.<\/li>\n<li><strong>Spurenelemente:<\/strong>\n<ul>\n<li>Calciumjodat, wasserfrei (E2) 3mg<\/li>\n<li>Cobaltcarbonat-Monohydrat (E3) 1mg<\/li>\n<li>Kupfersulfat-Pentahydrat (E4) 10mg<\/li>\n<li>Mangansulfat-Monohydrat (E5) 12 mg<\/li>\n<li>Zinksulfat-Monohydrat (E6) 70 mg<\/li>\n<li>Natriumselenit (E8) 0,2 mg<\/li>\n<\/ul>\n<\/li>\n<\/ul>\n<p><strong>Antioxidantien:<\/strong> 100 mg<\/p>\n<p><strong>Weitere EG-Zus\u00e4tze<\/strong><\/p>\n<p><strong>Zusammensetzung:<\/strong> Fisch und Fischnebenerzeugnisse, Getreide, Hefe, \u00d6l und Fette, Weich- und Krebstiere.<\/p>\n","protected":false},"excerpt":{"rendered":"<p>.<\/p>\n","protected":false},"featured_media":78628,"template":"","meta":[],"pwb-brand":[2135],"product_cat":[1391,1424,515],"product_tag":[],"class_list":{"0":"post-87963","1":"product","2":"type-product","3":"status-publish","4":"has-post-thumbnail","6":"pwb-brand-grotech","7":"product_cat-ergaenzungen","8":"product_cat-futter","9":"product_cat-additives","11":"first","12":"instock","13":"taxable","14":"shipping-taxable","15":"purchasable","16":"product-type-simple"},"acf":[],"brands":[{"id":2135,"name":"Grotech","slug":"grotech"}],"_links":{"self":[{"href":"https:\/\/www.seaflowerstore.com\/de\/wp-json\/wp\/v2\/product\/87963","targetHints":{"allow":["GET"]}}],"collection":[{"href":"https:\/\/www.seaflowerstore.com\/de\/wp-json\/wp\/v2\/product"}],"about":[{"href":"https:\/\/www.seaflowerstore.com\/de\/wp-json\/wp\/v2\/types\/product"}],"wp:featuredmedia":[{"embeddable":true,"href":"https:\/\/www.seaflowerstore.com\/de\/wp-json\/wp\/v2\/media\/78628"}],"wp:attachment":[{"href":"https:\/\/www.seaflowerstore.com\/de\/wp-json\/wp\/v2\/media?parent=87963"}],"wp:term":[{"taxonomy":"pwb-brand","embeddable":true,"href":"https:\/\/www.seaflowerstore.com\/de\/wp-json\/wp\/v2\/pwb-brand?post=87963"},{"taxonomy":"product_cat","embeddable":true,"href":"https:\/\/www.seaflowerstore.com\/de\/wp-json\/wp\/v2\/product_cat?post=87963"},{"taxonomy":"product_tag","embeddable":true,"href":"https:\/\/www.seaflowerstore.com\/de\/wp-json\/wp\/v2\/product_tag?post=87963"}],"curies":[{"name":"wp","href":"https:\/\/api.w.org\/{rel}","templated":true}]}}