{"id":87965,"date":"2015-11-14T10:53:39","date_gmt":"2015-11-14T09:53:39","guid":{"rendered":"https:\/\/www.seaflowerstore.com\/nl\/nutrimarine-instant-125ml\/"},"modified":"2024-03-20T16:32:35","modified_gmt":"2024-03-20T15:32:35","slug":"nutrimarine-instant-125ml","status":"publish","type":"product","link":"https:\/\/www.seaflowerstore.com\/de\/nutrimarine-instant-125ml\/","title":{"rendered":"NutriMarine Instant &#8211; 125ml"},"content":{"rendered":"<h2>NutriMarine Instant &#8211; 125ml&nbsp;The additional food for inverts and filtrations<\/h2>\n<p>In einem Meerwasseraquarium kann es oft eine Herausforderung sein, spezielle Wirbellose und Filtersysteme wie Schw\u00e4mme \u00fcber einen l\u00e4ngeren Zeitraum hinweg richtig zu pflegen. Aus diesem Grund wurde NutriMarine Instant entwickelt.<\/p>\n<p>NutriMarine Instant liefert die essentiellen N\u00e4hrstoffe und Partikel, die diese Lebewesen ben\u00f6tigen.<\/p>\n<p><strong>K\u00f6rnung:<\/strong> Pulver<br \/>\n<strong>Packungsgr\u00f6\u00dfe:<\/strong> 125ml<\/p>\n<p><strong>Dosierung:<\/strong> Verwenden Sie 1\/2 Teel\u00f6ffel pro 100 Liter Wasser pro Tag oder mischen Sie es mit Wasser und verf\u00fcttern Sie es direkt mit einer Pipette.<\/p>\n<p><strong>Zusatzstoffe pro kg:<\/strong><\/p>\n<ul>\n<li><strong>Vitamine:<\/strong> Vitamin D3 (E671) 1000 I.E.<\/li>\n<li><strong>Spurenelemente:<\/strong>\n<ul>\n<li>Eisensulfat, Monohydrat (E1) 56mg<\/li>\n<li>Calciumiodat, wasserfrei (E2) 2,8 mg<\/li>\n<li>Kupfersulfat, Pentahydrat (E4) 8 mg<\/li>\n<li>Mangansulfat, Monohydrat (E5) 21 mg<\/li>\n<li>Zinksulfat, Monohydrat (E6) 140 mg<\/li>\n<\/ul>\n<\/li>\n<li><strong>Antioxidantien:<\/strong> 95 mg und andere EG-Zus\u00e4tze<\/li>\n<\/ul>\n<p><strong>Zusammensetzung:<\/strong> Fisch und Fischnebenprodukte, Getreide, Gem\u00fcse, \u00d6le und Fette sowie Hefen.<\/p>\n","protected":false},"excerpt":{"rendered":"<p>Grotech NutriMarine Instant 125 ml extra food for inverts and filtration animals<\/p>\n","protected":false},"featured_media":78624,"template":"","meta":[],"pwb-brand":[2135],"product_cat":[1424],"product_tag":[],"class_list":{"0":"post-87965","1":"product","2":"type-product","3":"status-publish","4":"has-post-thumbnail","6":"pwb-brand-grotech","7":"product_cat-futter","9":"first","10":"instock","11":"taxable","12":"shipping-taxable","13":"purchasable","14":"product-type-simple"},"acf":[],"brands":[{"id":2135,"name":"Grotech","slug":"grotech"}],"_links":{"self":[{"href":"https:\/\/www.seaflowerstore.com\/de\/wp-json\/wp\/v2\/product\/87965","targetHints":{"allow":["GET"]}}],"collection":[{"href":"https:\/\/www.seaflowerstore.com\/de\/wp-json\/wp\/v2\/product"}],"about":[{"href":"https:\/\/www.seaflowerstore.com\/de\/wp-json\/wp\/v2\/types\/product"}],"wp:featuredmedia":[{"embeddable":true,"href":"https:\/\/www.seaflowerstore.com\/de\/wp-json\/wp\/v2\/media\/78624"}],"wp:attachment":[{"href":"https:\/\/www.seaflowerstore.com\/de\/wp-json\/wp\/v2\/media?parent=87965"}],"wp:term":[{"taxonomy":"pwb-brand","embeddable":true,"href":"https:\/\/www.seaflowerstore.com\/de\/wp-json\/wp\/v2\/pwb-brand?post=87965"},{"taxonomy":"product_cat","embeddable":true,"href":"https:\/\/www.seaflowerstore.com\/de\/wp-json\/wp\/v2\/product_cat?post=87965"},{"taxonomy":"product_tag","embeddable":true,"href":"https:\/\/www.seaflowerstore.com\/de\/wp-json\/wp\/v2\/product_tag?post=87965"}],"curies":[{"name":"wp","href":"https:\/\/api.w.org\/{rel}","templated":true}]}}