{"id":87966,"date":"2015-11-14T10:35:12","date_gmt":"2015-11-14T09:35:12","guid":{"rendered":"https:\/\/www.seaflowerstore.com\/nl\/phytofood-500ml\/"},"modified":"2024-03-20T16:32:34","modified_gmt":"2024-03-20T15:32:34","slug":"phytofood-500ml","status":"publish","type":"product","link":"https:\/\/www.seaflowerstore.com\/de\/phytofood-500ml\/","title":{"rendered":"PhytoFood &#8211; 500ml"},"content":{"rendered":"<h2>PhytoFood &#8211; 500ml<\/h2>\n<p><strong>Grotech PhytoFood \u2013 500 ml<\/strong> ist eine N\u00e4hrl\u00f6sung, die speziell f\u00fcr die Phytoplankton-Kultur entwickelt wurde.<\/p>\n<p>Diese 500-ml-Flasche reicht f\u00fcr 50 Liter Phytoplankton.<\/p>\n<p>PhytoFood ist speziell f\u00fcr das Phytoplankton Nannochloropsis salina formuliert. Es enth\u00e4lt alle wichtigen N\u00e4hrstoffe und Vitamine, die f\u00fcr eine erfolgreiche Phytoplanktonkultur notwendig sind.<\/p>\n<p>Nach Zugabe von PhytoFood zu Ihrer Planktonkultur achten Sie bitte darauf, dass kein Plankton unmittelbar zur F\u00fctterung entnommen wird.<\/p>\n<p><strong>Dosierung:<\/strong><\/p>\n<ul>\n<li>Verwenden Sie 10 ml pro 1 Liter nachgef\u00fclltem Salzwasser.<\/li>\n<li>Bei gutem Gedeihen der Kultur kann diese Menge bis auf das Dreifache erh\u00f6ht werden.<\/li>\n<li>Verwenden Sie zur Herstellung des Nachf\u00fcllwassers unbedingt nur Salzmischungen mit hohem Magnesiumgehalt.<\/li>\n<li>Bitte beachten Sie, dass die N\u00e4hrl\u00f6sung nicht direkt im Korallenbecken verwendet werden sollte.<\/li>\n<\/ul>\n","protected":false},"excerpt":{"rendered":"<p>Grotech PhytoFood &#8211; 500ml Nutrient solution for the Phytoplankton culture<\/p>\n","protected":false},"featured_media":78622,"template":"","meta":[],"pwb-brand":[2135],"product_cat":[1391,1402],"product_tag":[],"class_list":{"0":"post-87966","1":"product","2":"type-product","3":"status-publish","4":"has-post-thumbnail","6":"pwb-brand-grotech","7":"product_cat-ergaenzungen","8":"product_cat-verschieden","10":"first","11":"instock","12":"taxable","13":"shipping-taxable","14":"purchasable","15":"product-type-simple"},"acf":[],"brands":[{"id":2135,"name":"Grotech","slug":"grotech"}],"_links":{"self":[{"href":"https:\/\/www.seaflowerstore.com\/de\/wp-json\/wp\/v2\/product\/87966","targetHints":{"allow":["GET"]}}],"collection":[{"href":"https:\/\/www.seaflowerstore.com\/de\/wp-json\/wp\/v2\/product"}],"about":[{"href":"https:\/\/www.seaflowerstore.com\/de\/wp-json\/wp\/v2\/types\/product"}],"wp:featuredmedia":[{"embeddable":true,"href":"https:\/\/www.seaflowerstore.com\/de\/wp-json\/wp\/v2\/media\/78622"}],"wp:attachment":[{"href":"https:\/\/www.seaflowerstore.com\/de\/wp-json\/wp\/v2\/media?parent=87966"}],"wp:term":[{"taxonomy":"pwb-brand","embeddable":true,"href":"https:\/\/www.seaflowerstore.com\/de\/wp-json\/wp\/v2\/pwb-brand?post=87966"},{"taxonomy":"product_cat","embeddable":true,"href":"https:\/\/www.seaflowerstore.com\/de\/wp-json\/wp\/v2\/product_cat?post=87966"},{"taxonomy":"product_tag","embeddable":true,"href":"https:\/\/www.seaflowerstore.com\/de\/wp-json\/wp\/v2\/product_tag?post=87966"}],"curies":[{"name":"wp","href":"https:\/\/api.w.org\/{rel}","templated":true}]}}