{"id":87967,"date":"2015-11-14T10:30:59","date_gmt":"2015-11-14T09:30:59","guid":{"rendered":"https:\/\/www.seaflowerstore.com\/nl\/phytostart-500ml\/"},"modified":"2024-03-20T16:32:33","modified_gmt":"2024-03-20T15:32:33","slug":"phytostart-500ml","status":"publish","type":"product","link":"https:\/\/www.seaflowerstore.com\/de\/phytostart-500ml\/","title":{"rendered":"PhytoStart &#8211; 500ml"},"content":{"rendered":"<h2>PhytoStart &#8211; 500ml<\/h2>\n<p><strong>Vorbereitung der Planktonkultur:<\/strong><\/p>\n<p>Bitte geben Sie die Kulturpr\u00e4paration in den Reaktor und f\u00fcllen Sie ihn mit Salzwasser auf. F\u00fcgen Sie dann die empfohlene Menge PhytoFood hinzu. Sie werden feststellen, dass die Reaktorf\u00fcllung nach einigen Tagen ihre urspr\u00fcngliche Farbe annimmt. Regelm\u00e4\u00dfiges Entnehmen von Plankton und Nachf\u00fcllen der N\u00e4hrl\u00f6sung hilft, die Lebensdauer der Kultur zu verl\u00e4ngern.<\/p>\n<p>Sobald Sie eine gesunde Phytoplanktonkultur etabliert haben, ist es eine gute Idee, eine kleine Menge in einem dicht verschlossenen Beh\u00e4lter aufzubewahren und in den K\u00fchlschrank zu stellen. Dieser Teil kann verwendet werden, um eine neue Kultur vorzubereiten, falls die Reaktorkultur Probleme hat. Auch hier hilft regelm\u00e4\u00dfiges Entnehmen von Plankton und Nachf\u00fcllen der N\u00e4hrl\u00f6sung, die Lebensf\u00e4higkeit der Kultur zu verl\u00e4ngern. Wir empfehlen den GroTech PhytoBreeder, einen Phytoplanktonreaktor, der mit einer automatischen Dosiervorrichtung ausgestattet ist.<\/p>\n<p><strong>Im K\u00fchlschrank bei 4-10 \u00b0C lagern!<\/strong><\/p>\n","protected":false},"excerpt":{"rendered":"<p>.<\/p>\n","protected":false},"featured_media":78621,"template":"","meta":[],"pwb-brand":[2135],"product_cat":[1402,1391],"product_tag":[],"class_list":{"0":"post-87967","1":"product","2":"type-product","3":"status-publish","4":"has-post-thumbnail","6":"pwb-brand-grotech","7":"product_cat-verschieden","8":"product_cat-ergaenzungen","10":"first","11":"instock","12":"taxable","13":"shipping-taxable","14":"purchasable","15":"product-type-simple"},"acf":[],"brands":[{"id":2135,"name":"Grotech","slug":"grotech"}],"_links":{"self":[{"href":"https:\/\/www.seaflowerstore.com\/de\/wp-json\/wp\/v2\/product\/87967","targetHints":{"allow":["GET"]}}],"collection":[{"href":"https:\/\/www.seaflowerstore.com\/de\/wp-json\/wp\/v2\/product"}],"about":[{"href":"https:\/\/www.seaflowerstore.com\/de\/wp-json\/wp\/v2\/types\/product"}],"wp:featuredmedia":[{"embeddable":true,"href":"https:\/\/www.seaflowerstore.com\/de\/wp-json\/wp\/v2\/media\/78621"}],"wp:attachment":[{"href":"https:\/\/www.seaflowerstore.com\/de\/wp-json\/wp\/v2\/media?parent=87967"}],"wp:term":[{"taxonomy":"pwb-brand","embeddable":true,"href":"https:\/\/www.seaflowerstore.com\/de\/wp-json\/wp\/v2\/pwb-brand?post=87967"},{"taxonomy":"product_cat","embeddable":true,"href":"https:\/\/www.seaflowerstore.com\/de\/wp-json\/wp\/v2\/product_cat?post=87967"},{"taxonomy":"product_tag","embeddable":true,"href":"https:\/\/www.seaflowerstore.com\/de\/wp-json\/wp\/v2\/product_tag?post=87967"}],"curies":[{"name":"wp","href":"https:\/\/api.w.org\/{rel}","templated":true}]}}