{"id":87968,"date":"2015-11-14T10:23:07","date_gmt":"2015-11-14T09:23:07","guid":{"rendered":"https:\/\/www.seaflowerstore.com\/nl\/nutrimarine-n-500ml\/"},"modified":"2024-03-20T16:32:31","modified_gmt":"2024-03-20T15:32:31","slug":"nutrimarine-n-500ml","status":"publish","type":"product","link":"https:\/\/www.seaflowerstore.com\/de\/nutrimarine-n-500ml\/","title":{"rendered":"NutriMarine N &#8211; 500ml"},"content":{"rendered":"<h2>NutriMarine N &#8211; 500ml<\/h2>\n<p><strong>NutriMarine N &#8211; 500 ml<\/strong> ist die ideale Erg\u00e4nzung f\u00fcr Wirbellose und Filtersysteme.<\/p>\n<p>In einem Meerwasseraquarium kann es eine gro\u00dfe Herausforderung sein, bestimmte Wirbellose und Filterorganismen wie Schw\u00e4mme \u00fcber einen l\u00e4ngeren Zeitraum hinweg richtig zu pflegen.<\/p>\n<p>Hier kommt <strong>NutriMarine N<\/strong> ins Spiel. Es wurde speziell entwickelt, um diese Bed\u00fcrfnisse zu erf\u00fcllen.<\/p>\n<p><strong>NutriMarine N<\/strong> liefert wichtige N\u00e4hrstoffe und Schwebeteilchen, die diese Organismen zum Gedeihen ben\u00f6tigen.<\/p>\n","protected":false},"excerpt":{"rendered":"<p>NutriMarine N &#8211; 500ml NutriMarine N &#8211; 500 ml ist die ideale Erg\u00e4nzung f\u00fcr Wirbellose und Filtersysteme. In einem Meerwasseraquarium kann es eine gro\u00dfe Herausforderung sein, bestimmte Wirbellose und Filterorganismen wie Schw\u00e4mme \u00fcber einen l\u00e4ngeren Zeitraum hinweg richtig zu pflegen. Hier kommt NutriMarine N ins Spiel. Es wurde speziell entwickelt, um diese Bed\u00fcrfnisse zu erf\u00fcllen. [&#8230;]\n","protected":false},"featured_media":78619,"template":"","meta":[],"pwb-brand":[2135],"product_cat":[1402,1391],"product_tag":[],"class_list":{"0":"post-87968","1":"product","2":"type-product","3":"status-publish","4":"has-post-thumbnail","6":"pwb-brand-grotech","7":"product_cat-verschieden","8":"product_cat-ergaenzungen","10":"first","11":"outofstock","12":"taxable","13":"shipping-taxable","14":"purchasable","15":"product-type-simple"},"acf":[],"brands":[{"id":2135,"name":"Grotech","slug":"grotech"}],"_links":{"self":[{"href":"https:\/\/www.seaflowerstore.com\/de\/wp-json\/wp\/v2\/product\/87968","targetHints":{"allow":["GET"]}}],"collection":[{"href":"https:\/\/www.seaflowerstore.com\/de\/wp-json\/wp\/v2\/product"}],"about":[{"href":"https:\/\/www.seaflowerstore.com\/de\/wp-json\/wp\/v2\/types\/product"}],"wp:featuredmedia":[{"embeddable":true,"href":"https:\/\/www.seaflowerstore.com\/de\/wp-json\/wp\/v2\/media\/78619"}],"wp:attachment":[{"href":"https:\/\/www.seaflowerstore.com\/de\/wp-json\/wp\/v2\/media?parent=87968"}],"wp:term":[{"taxonomy":"pwb-brand","embeddable":true,"href":"https:\/\/www.seaflowerstore.com\/de\/wp-json\/wp\/v2\/pwb-brand?post=87968"},{"taxonomy":"product_cat","embeddable":true,"href":"https:\/\/www.seaflowerstore.com\/de\/wp-json\/wp\/v2\/product_cat?post=87968"},{"taxonomy":"product_tag","embeddable":true,"href":"https:\/\/www.seaflowerstore.com\/de\/wp-json\/wp\/v2\/product_tag?post=87968"}],"curies":[{"name":"wp","href":"https:\/\/api.w.org\/{rel}","templated":true}]}}