{"id":87969,"date":"2015-11-14T10:07:23","date_gmt":"2015-11-14T09:07:23","guid":{"rendered":"https:\/\/www.seaflowerstore.com\/nl\/calcium-pro-liquid-500ml\/"},"modified":"2024-03-20T16:32:28","modified_gmt":"2024-03-20T15:32:28","slug":"calcium-pro-liquid-500ml","status":"publish","type":"product","link":"https:\/\/www.seaflowerstore.com\/de\/calcium-pro-liquid-500ml\/","title":{"rendered":"Calcium Pro Liquid &#8211; 500ml"},"content":{"rendered":"<h2>Calcium Pro Liquid &#8211; 500ml&nbsp;<span>The solution for increasing the calcium content.<\/span><\/h2>\n<p><strong>Die L\u00f6sung zur Erh\u00f6hung des Calciumgehalts.<\/strong><\/p>\n<p>Im Meerwasseraquarium ben\u00f6tigen Sie erhebliche Mengen an Calcium und Magnesium, damit Korallen und Kalkrotalgen gedeihen. Calcium ist f\u00fcr das nat\u00fcrliche Wachstum von Korallen unerl\u00e4sslich. Der ideale Calciumgehalt f\u00fcr Meerwasser liegt bei etwa <strong>400-450 mg\/l<\/strong>.<\/p>\n<p><strong>Dosierung:<\/strong><\/p>\n<ul>\n<li>1 ml Calcium Pro Liquid liefert <strong>250 mg Calcium<\/strong>.<\/li>\n<li>Durch die Verwendung von 10 ml Calcium Pro Liquid erh\u00f6ht sich der Calciumgehalt in 100 Litern Aquarienwasser um <strong>25 mg\/l<\/strong>.<\/li>\n<li>Bei gr\u00f6\u00dferen Erh\u00f6hungen gehen Sie am besten schrittweise \u00fcber mehrere Tage vor.<\/li>\n<\/ul>\n","protected":false},"excerpt":{"rendered":"<p>Grotech Calcium Pro Liquid &#8211; 500ml The solution for increasing the calcium content.<\/p>\n","protected":false},"featured_media":78617,"template":"","meta":[],"pwb-brand":[2135],"product_cat":[1391,515],"product_tag":[],"class_list":{"0":"post-87969","1":"product","2":"type-product","3":"status-publish","4":"has-post-thumbnail","6":"pwb-brand-grotech","7":"product_cat-ergaenzungen","8":"product_cat-additives","10":"first","11":"instock","12":"taxable","13":"shipping-taxable","14":"purchasable","15":"product-type-simple"},"acf":[],"brands":[{"id":2135,"name":"Grotech","slug":"grotech"}],"_links":{"self":[{"href":"https:\/\/www.seaflowerstore.com\/de\/wp-json\/wp\/v2\/product\/87969","targetHints":{"allow":["GET"]}}],"collection":[{"href":"https:\/\/www.seaflowerstore.com\/de\/wp-json\/wp\/v2\/product"}],"about":[{"href":"https:\/\/www.seaflowerstore.com\/de\/wp-json\/wp\/v2\/types\/product"}],"wp:featuredmedia":[{"embeddable":true,"href":"https:\/\/www.seaflowerstore.com\/de\/wp-json\/wp\/v2\/media\/78617"}],"wp:attachment":[{"href":"https:\/\/www.seaflowerstore.com\/de\/wp-json\/wp\/v2\/media?parent=87969"}],"wp:term":[{"taxonomy":"pwb-brand","embeddable":true,"href":"https:\/\/www.seaflowerstore.com\/de\/wp-json\/wp\/v2\/pwb-brand?post=87969"},{"taxonomy":"product_cat","embeddable":true,"href":"https:\/\/www.seaflowerstore.com\/de\/wp-json\/wp\/v2\/product_cat?post=87969"},{"taxonomy":"product_tag","embeddable":true,"href":"https:\/\/www.seaflowerstore.com\/de\/wp-json\/wp\/v2\/product_tag?post=87969"}],"curies":[{"name":"wp","href":"https:\/\/api.w.org\/{rel}","templated":true}]}}