{"id":87970,"date":"2015-11-14T10:00:19","date_gmt":"2015-11-14T09:00:19","guid":{"rendered":"https:\/\/www.seaflowerstore.com\/nl\/magnesium-pro-liquid-500ml\/"},"modified":"2026-02-03T14:55:26","modified_gmt":"2026-02-03T13:55:26","slug":"magnesium-pro-liquid-500ml","status":"publish","type":"product","link":"https:\/\/www.seaflowerstore.com\/de\/magnesium-pro-liquid-500ml\/","title":{"rendered":"Magnesium pro liquid 500ml."},"content":{"rendered":"<h2>Grotech Magnesium pro liquid 500ml. Fl\u00fcssige Magnesiuml\u00f6sung f\u00fcr schnelle Stabilisierung im Riffaquarium<\/h2>\n<p><strong>Magnesium Pro Liquid<\/strong> ist eine effektive L\u00f6sung zur schnellen Erh\u00f6hung des Magnesiumgehalts in Meerwasseraquarien. Magnesium ist entscheidend f\u00fcr optimales Korallenwachstum und die Bildung von Kalkrotalgen.<\/p>\n<p>Das fl\u00fcssige Pr\u00e4parat erh\u00f6ht den Magnesiumwert zuverl\u00e4ssig und schnell. F\u00fcr eine langfristig stabile Magnesiumversorgung kann Magnesium Pro Liquid auch im Kalkreaktor eingesetzt werden.<\/p>\n<p>W\u00e4hrend der Anwendung sollte der Magnesiumgehalt regelm\u00e4\u00dfig kontrolliert werden.<\/p>\n<p><strong>Anwendung und Kompatibilit\u00e4t<\/strong><\/p>\n<ul>\n<li>Direkt im Aquarium dosierbar<\/li>\n<li>Geeignet f\u00fcr die Balling-Methode<\/li>\n<li>Kompatibel mit Carbonate Pro Liquid und Calcium Pro Liquid<\/li>\n<li>Produktrechner f\u00fcr exakte Dosierung verf\u00fcgbar<\/li>\n<\/ul>\n<p><strong>Dosierung<\/strong><\/p>\n<ul>\n<li>10 ml pro 100 Liter erh\u00f6hen Magnesium um 5 mg\/l<\/li>\n<li>Gr\u00f6\u00dfere Abweichungen \u00fcber mehrere Tage ausgleichen<\/li>\n<li>In gut durchstr\u00f6mten Bereichen dosieren<\/li>\n<\/ul>\n","protected":false},"excerpt":{"rendered":"<p>Grotech Magnesium pro liquid 500ml. Fl\u00fcssige Magnesiuml\u00f6sung f\u00fcr schnelle Stabilisierung im Riffaquarium<\/p>\n","protected":false},"featured_media":78615,"template":"","meta":[],"pwb-brand":[2135],"product_cat":[1391],"product_tag":[],"class_list":{"0":"post-87970","1":"product","2":"type-product","3":"status-publish","4":"has-post-thumbnail","6":"pwb-brand-grotech","7":"product_cat-ergaenzungen","9":"first","10":"instock","11":"taxable","12":"shipping-taxable","13":"purchasable","14":"product-type-simple"},"acf":[],"brands":[{"id":2135,"name":"Grotech","slug":"grotech"}],"_links":{"self":[{"href":"https:\/\/www.seaflowerstore.com\/de\/wp-json\/wp\/v2\/product\/87970","targetHints":{"allow":["GET"]}}],"collection":[{"href":"https:\/\/www.seaflowerstore.com\/de\/wp-json\/wp\/v2\/product"}],"about":[{"href":"https:\/\/www.seaflowerstore.com\/de\/wp-json\/wp\/v2\/types\/product"}],"wp:featuredmedia":[{"embeddable":true,"href":"https:\/\/www.seaflowerstore.com\/de\/wp-json\/wp\/v2\/media\/78615"}],"wp:attachment":[{"href":"https:\/\/www.seaflowerstore.com\/de\/wp-json\/wp\/v2\/media?parent=87970"}],"wp:term":[{"taxonomy":"pwb-brand","embeddable":true,"href":"https:\/\/www.seaflowerstore.com\/de\/wp-json\/wp\/v2\/pwb-brand?post=87970"},{"taxonomy":"product_cat","embeddable":true,"href":"https:\/\/www.seaflowerstore.com\/de\/wp-json\/wp\/v2\/product_cat?post=87970"},{"taxonomy":"product_tag","embeddable":true,"href":"https:\/\/www.seaflowerstore.com\/de\/wp-json\/wp\/v2\/product_tag?post=87970"}],"curies":[{"name":"wp","href":"https:\/\/api.w.org\/{rel}","templated":true}]}}