{"id":87974,"date":"2015-11-14T09:38:10","date_gmt":"2015-11-14T08:38:10","guid":{"rendered":"https:\/\/www.seaflowerstore.com\/nl\/kh-ca-1-500ml\/"},"modified":"2024-03-20T16:32:21","modified_gmt":"2024-03-20T15:32:21","slug":"kh-ca-1-500ml","status":"publish","type":"product","link":"https:\/\/www.seaflowerstore.com\/de\/kh-ca-1-500ml\/","title":{"rendered":"KH + CA 1 500ml."},"content":{"rendered":"<h2>KH + CA 1 500ml.<\/h2>\n<p><strong>KH + CA 1<\/strong> ist eine Fl\u00fcssigkeit zur schnellen Erh\u00f6hung der Karbonath\u00e4rte. Durch Zugabe von nur <strong>50 ml<\/strong> KH + CA 1 auf <strong>100 Liter<\/strong> Wasser wird die Karbonath\u00e4rte um <strong>2\u00b0 KH<\/strong> erh\u00f6ht. Der Idealwert liegt bei etwa <strong>10\u00b0 KH<\/strong>. Dieser KH-Wert gibt die pH-Pufferkapazit\u00e4t des Wassers an. Ist der KH-Wert zu niedrig, kann es zu einem pH-Absturz kommen, was Sie vermeiden m\u00f6chten. Das Produkt wird in einer <strong>1000-ml-<\/strong> Flasche geliefert.<\/p>\n","protected":false},"excerpt":{"rendered":"<p>KH + CA 1 500ml. KH + CA 1 ist eine Fl\u00fcssigkeit zur schnellen Erh\u00f6hung der Karbonath\u00e4rte. Durch Zugabe von nur 50 ml KH + CA 1 auf 100 Liter Wasser wird die Karbonath\u00e4rte um 2\u00b0 KH erh\u00f6ht. Der Idealwert liegt bei etwa 10\u00b0 KH. Dieser KH-Wert gibt die pH-Pufferkapazit\u00e4t des Wassers an. Ist der [&#8230;]\n","protected":false},"featured_media":78608,"template":"","meta":[],"pwb-brand":[2135],"product_cat":[1391,515],"product_tag":[],"class_list":{"0":"post-87974","1":"product","2":"type-product","3":"status-publish","4":"has-post-thumbnail","6":"pwb-brand-grotech","7":"product_cat-ergaenzungen","8":"product_cat-additives","10":"first","11":"instock","12":"taxable","13":"shipping-taxable","14":"purchasable","15":"product-type-simple"},"acf":[],"brands":[{"id":2135,"name":"Grotech","slug":"grotech"}],"_links":{"self":[{"href":"https:\/\/www.seaflowerstore.com\/de\/wp-json\/wp\/v2\/product\/87974","targetHints":{"allow":["GET"]}}],"collection":[{"href":"https:\/\/www.seaflowerstore.com\/de\/wp-json\/wp\/v2\/product"}],"about":[{"href":"https:\/\/www.seaflowerstore.com\/de\/wp-json\/wp\/v2\/types\/product"}],"wp:featuredmedia":[{"embeddable":true,"href":"https:\/\/www.seaflowerstore.com\/de\/wp-json\/wp\/v2\/media\/78608"}],"wp:attachment":[{"href":"https:\/\/www.seaflowerstore.com\/de\/wp-json\/wp\/v2\/media?parent=87974"}],"wp:term":[{"taxonomy":"pwb-brand","embeddable":true,"href":"https:\/\/www.seaflowerstore.com\/de\/wp-json\/wp\/v2\/pwb-brand?post=87974"},{"taxonomy":"product_cat","embeddable":true,"href":"https:\/\/www.seaflowerstore.com\/de\/wp-json\/wp\/v2\/product_cat?post=87974"},{"taxonomy":"product_tag","embeddable":true,"href":"https:\/\/www.seaflowerstore.com\/de\/wp-json\/wp\/v2\/product_tag?post=87974"}],"curies":[{"name":"wp","href":"https:\/\/api.w.org\/{rel}","templated":true}]}}