{"id":87979,"date":"2015-11-11T18:55:18","date_gmt":"2015-11-11T17:55:18","guid":{"rendered":"https:\/\/www.seaflowerstore.com\/nl\/spongepower-1000ml-kz\/"},"modified":"2024-03-20T16:32:17","modified_gmt":"2024-03-20T15:32:17","slug":"spongepower-1000ml-kz","status":"publish","type":"product","link":"https:\/\/www.seaflowerstore.com\/de\/spongepower-1000ml-kz\/","title":{"rendered":"Spongepower &#8211; 1000ml (KZ)"},"content":{"rendered":"<h2>Spongepower &#8211; 1000ml (KZ)<\/h2>\n<h3>KorallenZucht Sponge Power 1000ml ist ein Spezialfutter f\u00fcr Schw\u00e4mme, Tridacnas und Seescheiden<\/h3>\n<p><strong>KorallenZucht Sponge Power 1000ml<\/strong> wurde speziell f\u00fcr Schw\u00e4mme, Tridacnas und Seescheiden entwickelt. Diese einzigartige Formel f\u00f6rdert das Wachstum und erm\u00f6glicht es diesen Organismen, effektiv zur Reinigung des Wassers beizutragen, was die allgemeine Wasserqualit\u00e4t deutlich verbessert.<\/p>\n<p>Dar\u00fcber hinaus werden Sie feststellen, dass SPS-Korallen l\u00e4ngere, kr\u00e4ftigere Wachstumsspitzen aufweisen, wobei die violetten Farbt\u00f6ne bei allen SPS besonders hervorgehoben werden.<\/p>\n<p>Wenn Sie Korallen haben, die besch\u00e4digt wurden, werden Sie feststellen, dass sich ihre Genesung bei regelm\u00e4\u00dfiger Verwendung dieses Produkts erheblich beschleunigt.<\/p>\n<p><strong>Dosierungsanleitung:<\/strong> Verwenden Sie t\u00e4glich 1 Tropfen pro 25 Gallonen oder 1 ml pro 500 Gallonen.<\/p>\n","protected":false},"excerpt":{"rendered":"<p>KorallenZucht Sponge power 1000ml is a special food for sponges, tridacnas and sea squirt<\/p>\n","protected":false},"featured_media":78599,"template":"","meta":[],"pwb-brand":[2159],"product_cat":[1391],"product_tag":[],"class_list":{"0":"post-87979","1":"product","2":"type-product","3":"status-publish","4":"has-post-thumbnail","6":"pwb-brand-korallen-zucht","7":"product_cat-ergaenzungen","9":"first","10":"outofstock","11":"sale","12":"taxable","13":"shipping-taxable","14":"purchasable","15":"product-type-simple"},"acf":[],"brands":[{"id":2159,"name":"Korallen Zucht","slug":"korallen-zucht"}],"_links":{"self":[{"href":"https:\/\/www.seaflowerstore.com\/de\/wp-json\/wp\/v2\/product\/87979","targetHints":{"allow":["GET"]}}],"collection":[{"href":"https:\/\/www.seaflowerstore.com\/de\/wp-json\/wp\/v2\/product"}],"about":[{"href":"https:\/\/www.seaflowerstore.com\/de\/wp-json\/wp\/v2\/types\/product"}],"wp:featuredmedia":[{"embeddable":true,"href":"https:\/\/www.seaflowerstore.com\/de\/wp-json\/wp\/v2\/media\/78599"}],"wp:attachment":[{"href":"https:\/\/www.seaflowerstore.com\/de\/wp-json\/wp\/v2\/media?parent=87979"}],"wp:term":[{"taxonomy":"pwb-brand","embeddable":true,"href":"https:\/\/www.seaflowerstore.com\/de\/wp-json\/wp\/v2\/pwb-brand?post=87979"},{"taxonomy":"product_cat","embeddable":true,"href":"https:\/\/www.seaflowerstore.com\/de\/wp-json\/wp\/v2\/product_cat?post=87979"},{"taxonomy":"product_tag","embeddable":true,"href":"https:\/\/www.seaflowerstore.com\/de\/wp-json\/wp\/v2\/product_tag?post=87979"}],"curies":[{"name":"wp","href":"https:\/\/api.w.org\/{rel}","templated":true}]}}