{"id":87980,"date":"2015-11-11T18:54:17","date_gmt":"2015-11-11T17:54:17","guid":{"rendered":"https:\/\/www.seaflowerstore.com\/nl\/spongepower-500ml-kz\/"},"modified":"2024-03-20T16:32:16","modified_gmt":"2024-03-20T15:32:16","slug":"spongepower-500ml-kz","status":"publish","type":"product","link":"https:\/\/www.seaflowerstore.com\/de\/spongepower-500ml-kz\/","title":{"rendered":"Spongepower &#8211; 500ml (KZ)"},"content":{"rendered":"<h2>Spongepower &#8211; 500ml (KZ)<\/h2>\n<h3>KorallenZucht Sponge power 500ml ist ein Spezialfutter f\u00fcr Schw\u00e4mme, Tridacnas und Seescheiden<\/h3>\n<p><strong>KorallenZucht Sponge power 500ml<\/strong> wurde speziell entwickelt, um das Wachstum von Schw\u00e4mmen, Tridacnas und Seescheiden zu f\u00f6rdern. Dieses Produkt unterst\u00fctzt ihre F\u00e4higkeit, Wasser zu reinigen, erheblich, was wiederum die allgemeine Wasserqualit\u00e4t verbessert. Sie werden feststellen, dass SPS-Korallen l\u00e4ngere und kr\u00e4ftigere Wachstumsspitzen entwickeln, wobei die Farbe Lila bei allen SPS-Typen besonders hervorgehoben wird.<\/p>\n<p>Dar\u00fcber hinaus wird die Erholung besch\u00e4digter Korallen durch die regelm\u00e4\u00dfige Verwendung dieses Produkts erheblich verbessert.<\/p>\n<p><strong>Dosierungsanleitung:<\/strong> Verwenden Sie t\u00e4glich 1 Tropfen pro 25 Gallonen Wasser oder 1 ml pro 500 Gallonen.<\/p>\n","protected":false},"excerpt":{"rendered":"<p>KorallenZucht Sponge power 500ml is a special food for sponges, tridacnas and sea squirt<\/p>\n","protected":false},"featured_media":78597,"template":"","meta":[],"pwb-brand":[2159],"product_cat":[1391],"product_tag":[],"class_list":{"0":"post-87980","1":"product","2":"type-product","3":"status-publish","4":"has-post-thumbnail","6":"pwb-brand-korallen-zucht","7":"product_cat-ergaenzungen","9":"first","10":"outofstock","11":"sale","12":"taxable","13":"shipping-taxable","14":"purchasable","15":"product-type-simple"},"acf":[],"brands":[{"id":2159,"name":"Korallen Zucht","slug":"korallen-zucht"}],"_links":{"self":[{"href":"https:\/\/www.seaflowerstore.com\/de\/wp-json\/wp\/v2\/product\/87980","targetHints":{"allow":["GET"]}}],"collection":[{"href":"https:\/\/www.seaflowerstore.com\/de\/wp-json\/wp\/v2\/product"}],"about":[{"href":"https:\/\/www.seaflowerstore.com\/de\/wp-json\/wp\/v2\/types\/product"}],"wp:featuredmedia":[{"embeddable":true,"href":"https:\/\/www.seaflowerstore.com\/de\/wp-json\/wp\/v2\/media\/78597"}],"wp:attachment":[{"href":"https:\/\/www.seaflowerstore.com\/de\/wp-json\/wp\/v2\/media?parent=87980"}],"wp:term":[{"taxonomy":"pwb-brand","embeddable":true,"href":"https:\/\/www.seaflowerstore.com\/de\/wp-json\/wp\/v2\/pwb-brand?post=87980"},{"taxonomy":"product_cat","embeddable":true,"href":"https:\/\/www.seaflowerstore.com\/de\/wp-json\/wp\/v2\/product_cat?post=87980"},{"taxonomy":"product_tag","embeddable":true,"href":"https:\/\/www.seaflowerstore.com\/de\/wp-json\/wp\/v2\/product_tag?post=87980"}],"curies":[{"name":"wp","href":"https:\/\/api.w.org\/{rel}","templated":true}]}}