{"id":87981,"date":"2015-11-11T18:50:16","date_gmt":"2015-11-11T17:50:16","guid":{"rendered":"https:\/\/www.seaflowerstore.com\/nl\/aquaforest-kh-plus-250-ml\/"},"modified":"2024-03-20T16:32:14","modified_gmt":"2024-03-20T15:32:14","slug":"aquaforest-kh-plus-250-ml","status":"publish","type":"product","link":"https:\/\/www.seaflowerstore.com\/de\/aquaforest-kh-plus-250-ml\/","title":{"rendered":"Aquaforest kH Plus 250 ml"},"content":{"rendered":"<h2>Aquaforest kH Plus 250 ml Solution increasing temporary hardness level in marine aquariums<\/h2>\n<p>Aquaforest kH Plus ist Ihre L\u00f6sung zur Steigerung der Karbonath\u00e4rte in Meerwasseraquarien. Dieses Produkt wurde speziell entwickelt, um pl\u00f6tzliche Abf\u00e4lle der Karbonath\u00e4rte auszugleichen und das Ionengleichgewicht in Ihrem Aquarium wiederherzustellen.<\/p>\n<p>Die Aufrechterhaltung des richtigen Karbonat-Ionen-Niveaus ist f\u00fcr das gesunde Wachstum von Korallen und den Aufbau ihrer Skelette unerl\u00e4sslich. Dar\u00fcber hinaus sorgen stabile Karbonat-Ionen f\u00fcr einen konstanten pH-Wert, der f\u00fcr Ihre Wasserumgebung entscheidend ist.<\/p>\n<p>Um Ihnen eine Vorstellung von der Wirksamkeit zu geben: Bereits 10 ml der KH Plus-L\u00f6sung erh\u00f6hen die Karbonath\u00e4rte in 100 Litern (27 US-Gallonen) Wasser um 0,25 dKH. F\u00fcr Riffaquarien wird empfohlen, einen Karbonath\u00e4rtegrad zwischen 6,5 und 8,5 dKH einzuhalten.<\/p>\n<ul>\n<li>Erh\u00f6hen Sie den dKH-Wert innerhalb von 24 Stunden nicht um mehr als 0,5 dKH.<\/li>\n<li>Bevor Sie Anpassungen an Ihrem Kalzium- und Alkalinit\u00e4tsniveau vornehmen, stellen Sie bitte sicher, dass Ihr Magnesiumniveau im empfohlenen Bereich liegt.<\/li>\n<\/ul>\n<p>Indem Sie diese Richtlinien befolgen, k\u00f6nnen Sie dazu beitragen, eine bl\u00fchende Umgebung f\u00fcr Ihr Meeresleben zu schaffen. Genie\u00dfen Sie Ihre Aquarienreise!<\/p>\n","protected":false},"excerpt":{"rendered":"<p>Aquaforest kH Plus 250 ml Solution increasing temporary hardness level in marine aquariums<\/p>\n","protected":false},"featured_media":84014,"template":"","meta":[],"pwb-brand":[2199],"product_cat":[1391,1414],"product_tag":[],"class_list":{"0":"post-87981","1":"product","2":"type-product","3":"status-publish","4":"has-post-thumbnail","6":"pwb-brand-aquaforest","7":"product_cat-ergaenzungen","8":"product_cat-aquaforest-de","10":"first","11":"instock","12":"taxable","13":"shipping-taxable","14":"purchasable","15":"product-type-simple"},"acf":[],"brands":[{"id":2199,"name":"Aquaforest","slug":"aquaforest"}],"_links":{"self":[{"href":"https:\/\/www.seaflowerstore.com\/de\/wp-json\/wp\/v2\/product\/87981","targetHints":{"allow":["GET"]}}],"collection":[{"href":"https:\/\/www.seaflowerstore.com\/de\/wp-json\/wp\/v2\/product"}],"about":[{"href":"https:\/\/www.seaflowerstore.com\/de\/wp-json\/wp\/v2\/types\/product"}],"wp:featuredmedia":[{"embeddable":true,"href":"https:\/\/www.seaflowerstore.com\/de\/wp-json\/wp\/v2\/media\/84014"}],"wp:attachment":[{"href":"https:\/\/www.seaflowerstore.com\/de\/wp-json\/wp\/v2\/media?parent=87981"}],"wp:term":[{"taxonomy":"pwb-brand","embeddable":true,"href":"https:\/\/www.seaflowerstore.com\/de\/wp-json\/wp\/v2\/pwb-brand?post=87981"},{"taxonomy":"product_cat","embeddable":true,"href":"https:\/\/www.seaflowerstore.com\/de\/wp-json\/wp\/v2\/product_cat?post=87981"},{"taxonomy":"product_tag","embeddable":true,"href":"https:\/\/www.seaflowerstore.com\/de\/wp-json\/wp\/v2\/product_tag?post=87981"}],"curies":[{"name":"wp","href":"https:\/\/api.w.org\/{rel}","templated":true}]}}