{"id":87983,"date":"2015-11-11T18:37:59","date_gmt":"2015-11-11T17:37:59","guid":{"rendered":"https:\/\/www.seaflowerstore.com\/nl\/af-amino-mix-10-ml\/"},"modified":"2024-03-20T16:32:11","modified_gmt":"2024-03-20T15:32:11","slug":"af-amino-mix-10-ml","status":"publish","type":"product","link":"https:\/\/www.seaflowerstore.com\/de\/af-amino-mix-10-ml\/","title":{"rendered":"AF Amino Mix 10 ml"},"content":{"rendered":"<h2>AF Amino Mix 10 ml Contains concentrated amino acids, one of the main source of energy for all types of corals and filter feeders<\/h2>\n<p><strong>AF Amino Mix 10 ml<\/strong> ist unverzichtbar f\u00fcr Ihr Meerwasseraquarium, insbesondere wenn Sie mit Ultra Low Nutrient Systems (ULNS) arbeiten. Dieses Produkt liefert konzentrierte Aminos\u00e4uren, die eine der wichtigsten Energiequellen f\u00fcr alle Arten von Korallen und Filtrierern sind.<\/p>\n<p>Die Verwendung dieser Mischung kann den Stoffwechsel beschleunigen, das Wachstum f\u00f6rdern und die Vitalit\u00e4t in Ihrer Wasserumgebung steigern. In nat\u00fcrlichen Korallenriffen ist die Konzentration der Gesamtaminos\u00e4uren relativ gering und schwankt normalerweise zwischen 200 und 500 nmol\/l. Neuere wissenschaftliche Untersuchungen zeigen jedoch, dass Korallen je nach Verf\u00fcgbarkeit bis zu siebenmal mehr Aminos\u00e4uren aufnehmen k\u00f6nnen.<\/p>\n<p>Es ist wichtig zu beachten, dass Aminos\u00e4uren durch den Absch\u00e4umprozess, die Ozonbehandlung oder granulierte Kohle leicht aus dem System entfernt werden k\u00f6nnen. Daher wird eine regelm\u00e4\u00dfige Dosierung dringend empfohlen.<\/p>\n<p><strong>Inhaltsstoffe:<\/strong><\/p>\n<ul>\n<li>Alanin<\/li>\n<li>Asparagin<\/li>\n<li>Aspartat<\/li>\n<li>Biotin<\/li>\n<li>Glutamat<\/li>\n<li>Glutamin<\/li>\n<li>Glycin<\/li>\n<li>Histidin<\/li>\n<li>Leucin<\/li>\n<li>Methionin<\/li>\n<li>Valin<\/li>\n<li>Serin<\/li>\n<\/ul>\n<p><strong>Dosierung:<\/strong> Verwenden Sie 1 Tropfen pro 100 Liter (27 US-Gallonen) jeden zweiten Tag, wenn das Licht ausgeschaltet ist. Es wird empfohlen, dieses Produkt in Verbindung mit <strong>AF Vitality<\/strong> zu verwenden, um optimale Ergebnisse zu erzielen.<\/p>\n","protected":false},"excerpt":{"rendered":"<p>AF Amino Mix 10 ml Contains concentrated amino acids, one of the main source of energy for all types of corals and filter feeders<\/p>\n","protected":false},"featured_media":83352,"template":"","meta":[],"pwb-brand":[2199],"product_cat":[1391,1414],"product_tag":[],"class_list":{"0":"post-87983","1":"product","2":"type-product","3":"status-publish","4":"has-post-thumbnail","6":"pwb-brand-aquaforest","7":"product_cat-ergaenzungen","8":"product_cat-aquaforest-de","10":"first","11":"instock","12":"taxable","13":"shipping-taxable","14":"purchasable","15":"product-type-simple"},"acf":[],"brands":[{"id":2199,"name":"Aquaforest","slug":"aquaforest"}],"_links":{"self":[{"href":"https:\/\/www.seaflowerstore.com\/de\/wp-json\/wp\/v2\/product\/87983","targetHints":{"allow":["GET"]}}],"collection":[{"href":"https:\/\/www.seaflowerstore.com\/de\/wp-json\/wp\/v2\/product"}],"about":[{"href":"https:\/\/www.seaflowerstore.com\/de\/wp-json\/wp\/v2\/types\/product"}],"wp:featuredmedia":[{"embeddable":true,"href":"https:\/\/www.seaflowerstore.com\/de\/wp-json\/wp\/v2\/media\/83352"}],"wp:attachment":[{"href":"https:\/\/www.seaflowerstore.com\/de\/wp-json\/wp\/v2\/media?parent=87983"}],"wp:term":[{"taxonomy":"pwb-brand","embeddable":true,"href":"https:\/\/www.seaflowerstore.com\/de\/wp-json\/wp\/v2\/pwb-brand?post=87983"},{"taxonomy":"product_cat","embeddable":true,"href":"https:\/\/www.seaflowerstore.com\/de\/wp-json\/wp\/v2\/product_cat?post=87983"},{"taxonomy":"product_tag","embeddable":true,"href":"https:\/\/www.seaflowerstore.com\/de\/wp-json\/wp\/v2\/product_tag?post=87983"}],"curies":[{"name":"wp","href":"https:\/\/api.w.org\/{rel}","templated":true}]}}