{"id":87984,"date":"2015-11-11T18:37:59","date_gmt":"2015-11-11T17:37:59","guid":{"rendered":"https:\/\/www.seaflowerstore.com\/nl\/af-amino-mix-50-ml\/"},"modified":"2025-10-12T14:59:20","modified_gmt":"2025-10-12T12:59:20","slug":"af-amino-mix-50-ml","status":"publish","type":"product","link":"https:\/\/www.seaflowerstore.com\/de\/af-amino-mix-50-ml\/","title":{"rendered":"AF Amino Mix 50 ml"},"content":{"rendered":"<h2>AF Amino Mix 50 ml Contains concentrated amino acids, one of the main sources of energy for all types of corals and filter feeders<\/h2>\n<p>AF Amino Mix ist unverzichtbar f\u00fcr Meerwasseraquarien, insbesondere f\u00fcr Ultra Low Nutrient Systems (ULNS). Dieses Produkt enth\u00e4lt konzentrierte Aminos\u00e4uren, die eine der prim\u00e4ren Energiequellen f\u00fcr verschiedene Korallen und Filtrierer sind. Es hilft, den Stoffwechsel zu beschleunigen, das Wachstum zu unterst\u00fctzen und die allgemeine Vitalit\u00e4t zu steigern.<\/p>\n<p>In nat\u00fcrlichen Korallenriffen ist die Konzentration der Gesamtaminos\u00e4uren recht gering und liegt normalerweise zwischen 200 und 500 nmol\/l. Neuere wissenschaftliche Untersuchungen haben jedoch gezeigt, dass Korallen bis zu siebenmal mehr Aminos\u00e4uren aufnehmen k\u00f6nnen, wenn diese leicht verf\u00fcgbar sind. Es ist wichtig zu beachten, dass Aminos\u00e4uren durch Absch\u00e4umprozesse, Ozonbehandlung oder granulierte Kohle leicht entfernt werden k\u00f6nnen.<\/p>\n<p>F\u00fcr optimale Ergebnisse wird eine regelm\u00e4\u00dfige Dosierung dringend empfohlen.<\/p>\n<p><strong>Zutaten:<\/strong><\/p>\n<ul>\n<li>Alanin<\/li>\n<li>Asparagin<\/li>\n<li>Aspartat<\/li>\n<li>Biotin<\/li>\n<li>Glutamat<\/li>\n<li>Glutamin<\/li>\n<li>Glycin<\/li>\n<li>Histidin<\/li>\n<li>Leucin<\/li>\n<li>Methionin<\/li>\n<li>Valin<\/li>\n<li>Serin<\/li>\n<\/ul>\n<p><strong>Dosierung:<\/strong> Ein Tropfen pro 100 Liter (27 US-Gallonen) jeden zweiten Tag, wenn das Licht ausgeschaltet ist. F\u00fcr optimale Ergebnisse wird die Verwendung dieses Produkts in Verbindung mit AF Vitality empfohlen.<\/p>\n","protected":false},"excerpt":{"rendered":"<p>Aquaforest AF Amino Mix 50 ml Contains concentrated amino acids, one of the main source of energy for all types of corals and filter feeders<\/p>\n","protected":false},"featured_media":83353,"template":"","meta":[],"pwb-brand":[2199],"product_cat":[1391,1414],"product_tag":[],"class_list":{"0":"post-87984","1":"product","2":"type-product","3":"status-publish","4":"has-post-thumbnail","6":"pwb-brand-aquaforest","7":"product_cat-ergaenzungen","8":"product_cat-aquaforest-de","10":"first","11":"instock","12":"taxable","13":"shipping-taxable","14":"purchasable","15":"product-type-simple"},"acf":[],"brands":[{"id":2199,"name":"Aquaforest","slug":"aquaforest"}],"_links":{"self":[{"href":"https:\/\/www.seaflowerstore.com\/de\/wp-json\/wp\/v2\/product\/87984","targetHints":{"allow":["GET"]}}],"collection":[{"href":"https:\/\/www.seaflowerstore.com\/de\/wp-json\/wp\/v2\/product"}],"about":[{"href":"https:\/\/www.seaflowerstore.com\/de\/wp-json\/wp\/v2\/types\/product"}],"wp:featuredmedia":[{"embeddable":true,"href":"https:\/\/www.seaflowerstore.com\/de\/wp-json\/wp\/v2\/media\/83353"}],"wp:attachment":[{"href":"https:\/\/www.seaflowerstore.com\/de\/wp-json\/wp\/v2\/media?parent=87984"}],"wp:term":[{"taxonomy":"pwb-brand","embeddable":true,"href":"https:\/\/www.seaflowerstore.com\/de\/wp-json\/wp\/v2\/pwb-brand?post=87984"},{"taxonomy":"product_cat","embeddable":true,"href":"https:\/\/www.seaflowerstore.com\/de\/wp-json\/wp\/v2\/product_cat?post=87984"},{"taxonomy":"product_tag","embeddable":true,"href":"https:\/\/www.seaflowerstore.com\/de\/wp-json\/wp\/v2\/product_tag?post=87984"}],"curies":[{"name":"wp","href":"https:\/\/api.w.org\/{rel}","templated":true}]}}