{"id":87985,"date":"2015-11-11T18:26:32","date_gmt":"2015-11-11T17:26:32","guid":{"rendered":"https:\/\/www.seaflowerstore.com\/nl\/aquaforest-zeomix-5kg\/"},"modified":"2024-03-20T16:32:10","modified_gmt":"2024-03-20T15:32:10","slug":"aquaforest-zeomix-5kg","status":"publish","type":"product","link":"https:\/\/www.seaflowerstore.com\/de\/aquaforest-zeomix-5kg\/","title":{"rendered":"Aquaforest Zeomix 5kg"},"content":{"rendered":"<h2>Aquaforest Zeomix 5 kg<\/h2>\n<p>Aquaforest Zeomix ist eine einzigartige Mischung aus speziell abgestimmten Zeolithen, die sowohl f\u00fcr Meer- als auch S\u00fc\u00dfwasseraquarien entwickelt wurde. Dieses Produkt wird fortgeschrittenen Aquarienliebhabern aufgrund seiner hohen Adsorptionseigenschaften empfohlen, die bei unsachgem\u00e4\u00dfer Verwendung zur Sterilisation des Wassers f\u00fchren k\u00f6nnen.<\/p>\n<p>Wir empfehlen, ZeoMix alle 6 Wochen auszutauschen. F\u00fcr optimale Ergebnisse sollten Sie zwischen <strong>100 und 500 Gramm<\/strong> pro <strong>100 Liter<\/strong> Aquarienwasser verwenden.<\/p>\n<p>Ihre Wasserumgebung verdient das Beste, und mit Aquaforest Zeomix k\u00f6nnen Sie dies mit Leichtigkeit erreichen!<\/p>\n","protected":false},"excerpt":{"rendered":"<h2>Aquaforest Zeomix 5 kg Compound of specially matched zeolites. Use in marine and freshwater aquariums.<\/h2>\n","protected":false},"featured_media":78591,"template":"","meta":[],"pwb-brand":[2199],"product_cat":[1493,1414,1391],"product_tag":[],"class_list":{"0":"post-87985","1":"product","2":"type-product","3":"status-publish","4":"has-post-thumbnail","6":"pwb-brand-aquaforest","7":"product_cat-vulling-de","8":"product_cat-aquaforest-de","9":"product_cat-ergaenzungen","11":"first","12":"instock","13":"taxable","14":"shipping-taxable","15":"purchasable","16":"product-type-simple"},"acf":[],"brands":[{"id":2199,"name":"Aquaforest","slug":"aquaforest"}],"_links":{"self":[{"href":"https:\/\/www.seaflowerstore.com\/de\/wp-json\/wp\/v2\/product\/87985","targetHints":{"allow":["GET"]}}],"collection":[{"href":"https:\/\/www.seaflowerstore.com\/de\/wp-json\/wp\/v2\/product"}],"about":[{"href":"https:\/\/www.seaflowerstore.com\/de\/wp-json\/wp\/v2\/types\/product"}],"wp:featuredmedia":[{"embeddable":true,"href":"https:\/\/www.seaflowerstore.com\/de\/wp-json\/wp\/v2\/media\/78591"}],"wp:attachment":[{"href":"https:\/\/www.seaflowerstore.com\/de\/wp-json\/wp\/v2\/media?parent=87985"}],"wp:term":[{"taxonomy":"pwb-brand","embeddable":true,"href":"https:\/\/www.seaflowerstore.com\/de\/wp-json\/wp\/v2\/pwb-brand?post=87985"},{"taxonomy":"product_cat","embeddable":true,"href":"https:\/\/www.seaflowerstore.com\/de\/wp-json\/wp\/v2\/product_cat?post=87985"},{"taxonomy":"product_tag","embeddable":true,"href":"https:\/\/www.seaflowerstore.com\/de\/wp-json\/wp\/v2\/product_tag?post=87985"}],"curies":[{"name":"wp","href":"https:\/\/api.w.org\/{rel}","templated":true}]}}