{"id":87987,"date":"2015-11-11T18:17:51","date_gmt":"2015-11-11T17:17:51","guid":{"rendered":"https:\/\/www.seaflowerstore.com\/nl\/aquaforest-strontium-50-ml\/"},"modified":"2024-03-20T16:32:07","modified_gmt":"2024-03-20T15:32:07","slug":"aquaforest-strontium-50-ml","status":"publish","type":"product","link":"https:\/\/www.seaflowerstore.com\/de\/aquaforest-strontium-50-ml\/","title":{"rendered":"Aquaforest Strontium 50 ml"},"content":{"rendered":"<h2>Aquaforest Strontium 50 ml<\/h2>\n<p><strong>Aquaforest Strontium 50 ml<\/strong><\/p>\n<p>Das Erg\u00e4nzungsmittel enth\u00e4lt konzentriertes Strontium, eines der wichtigsten Spurenelemente in nat\u00fcrlichem Meerwasser, mit einer typischen Konzentration von etwa 8 ppm. Strontium wird zusammen mit Kalzium sowohl in Korallenskeletten als auch in den Schalen von wirbellosen Meerestieren leicht absorbiert. Unsere Untersuchungen zeigen, dass das Verh\u00e4ltnis von Kalzium zu Strontium, das aus Kalziumreaktoren freigesetzt wird, niedriger ist als die Mengen, die Korallen w\u00e4hrend der Kalzifizierung auf nat\u00fcrliche Weise extrahieren. Daher ist eine zus\u00e4tzliche Erg\u00e4nzung unerl\u00e4sslich, um ein schnelles Korallenwachstum zu f\u00f6rdern.<\/p>\n<p><strong>Dosierung:<\/strong> 1 Tropfen pro 100 Liter t\u00e4glich.<\/p>\n","protected":false},"excerpt":{"rendered":"<p>Bevat geconcentreerd strontium en barium.<\/p>\n","protected":false},"featured_media":78589,"template":"","meta":[],"pwb-brand":[2199],"product_cat":[1414,1391],"product_tag":[],"class_list":{"0":"post-87987","1":"product","2":"type-product","3":"status-publish","4":"has-post-thumbnail","6":"pwb-brand-aquaforest","7":"product_cat-aquaforest-de","8":"product_cat-ergaenzungen","10":"first","11":"instock","12":"taxable","13":"shipping-taxable","14":"purchasable","15":"product-type-simple"},"acf":[],"brands":[{"id":2199,"name":"Aquaforest","slug":"aquaforest"}],"_links":{"self":[{"href":"https:\/\/www.seaflowerstore.com\/de\/wp-json\/wp\/v2\/product\/87987","targetHints":{"allow":["GET"]}}],"collection":[{"href":"https:\/\/www.seaflowerstore.com\/de\/wp-json\/wp\/v2\/product"}],"about":[{"href":"https:\/\/www.seaflowerstore.com\/de\/wp-json\/wp\/v2\/types\/product"}],"wp:featuredmedia":[{"embeddable":true,"href":"https:\/\/www.seaflowerstore.com\/de\/wp-json\/wp\/v2\/media\/78589"}],"wp:attachment":[{"href":"https:\/\/www.seaflowerstore.com\/de\/wp-json\/wp\/v2\/media?parent=87987"}],"wp:term":[{"taxonomy":"pwb-brand","embeddable":true,"href":"https:\/\/www.seaflowerstore.com\/de\/wp-json\/wp\/v2\/pwb-brand?post=87987"},{"taxonomy":"product_cat","embeddable":true,"href":"https:\/\/www.seaflowerstore.com\/de\/wp-json\/wp\/v2\/product_cat?post=87987"},{"taxonomy":"product_tag","embeddable":true,"href":"https:\/\/www.seaflowerstore.com\/de\/wp-json\/wp\/v2\/product_tag?post=87987"}],"curies":[{"name":"wp","href":"https:\/\/api.w.org\/{rel}","templated":true}]}}